{"id":4181,"date":"2018-07-03T22:02:52","date_gmt":"2018-07-04T02:02:52","guid":{"rendered":"http:\/\/domconst.com\/?page_id=4181"},"modified":"2019-04-26T19:37:04","modified_gmt":"2019-04-26T23:37:04","slug":"acerca-de-la-republica-dominicana","status":"publish","type":"page","link":"https:\/\/domconst.com\/es\/acerca-de-la-republica-dominicana\/","title":{"rendered":"Acerca de la Republica Dominicana"},"content":{"rendered":"<p><b>Acerca de la Rep\u00fablica Dominicana<\/b><\/p>\n<p><span style=\"font-weight: 400;\">La Rep\u00fablica Dominicana es un pa\u00eds con una infraestructura tur\u00edstica bien desarrollada, que eligi\u00f3 el sistema de todo incluido como base. Casi toda la costa de la Rep\u00fablica Dominicana es una playa continua.<\/span><\/p>\n<p><span style=\"font-weight: 400;\">En este hermoso pa\u00eds hay varias \u00e1reas que cuentan con fama internacional, tales como: Playa B\u00e1varo, Playa Dorada y Puerto Plata, Cabarete, Sosua &#8211; donde encontrar\u00e1 \u00a0arena blanca, aguas c\u00e1lidas y mantenimiento preventivo. La Rep\u00fablica Dominicana es una tierra ex\u00f3tica de naturaleza magn\u00edfica. Cientos de kil\u00f3metros de playas de arena blanca protegidas por arrecifes de coral, aguas cristalinas de la laguna, r\u00edos, frondosos bosques y monta\u00f1as majestuosas. Desde la belleza natural de la isla no puede ignorar las cascadas de lim\u00f3n: ba\u00f1ado en ella, de acuerdo con la gente local, va a vivir c\u00f3modamente durante el resto de sus d\u00edas. Y el viaje en barco por la laguna Gris-Gris, intrincado laberinto de manglares, lianas y palmas en el delta del r\u00edo. Escaladores y s\u00f3lo los amantes de las monta\u00f1as se elevan a la cima de Duarte. Para la parte superior son rutas de diferente dificultad, y cada uno puede elegir su forma de escalar. Desgarrando a s\u00ed mismo lejos de tumbado en la playa, para visitar la capital del pa\u00eds &#8211; la ciudad de Santo Domingo, donde puede visitar la zona colonial , \u00e1rea privilegiada por tener una historia \u00fanica e interesante. La primera calle en el Nuevo Mundo, la primera iglesia en el Nuevo Mundo, la primera aduana en el Nuevo Mundo.Todo esto se encuentra en esta zona.<\/span><\/p>\n<p><b>Un poco de historia<\/b><\/p>\n<p><span style=\"font-weight: 400;\">Por el n\u00famero de atracciones Rep\u00fablica Dominicana prevalece sobre otros pa\u00edses del Caribe. La historia m\u00e1s antigua de la isla est\u00e1 estrechamente entrelazada con la vida del gran viajero Christopher Columbus, por lo que hay una gran cantidad de monumentos arquitect\u00f3nicos asociados con \u00e9l y su familia. Un medio muy popular para alegrar la noche entre los turistas es visitar la tumba de Col\u00f3n. Durante el d\u00eda, este edificio de hormig\u00f3n gris produce una impresi\u00f3n muy sombr\u00eda. Pero por la noche desde el techo hacia el cielo batiendo potentes focos multicolores. Y la cruz blanca brillante aparece en la parte superior de la columna luminosa de color, a trescientos metros de altura. <\/span><\/p>\n<p><span style=\"font-weight: 400;\">Santo Domingo de Guzm\u00e1n, es la primera ciudad del Nuevo Mundo. En 1990, sus \u00e1reas coloniales fueron declaradas por la UNESCO &#8220;propiedad de la humanidad&#8221;. ciudad moderna diversa, guarda en su coraz\u00f3n antiguo de m\u00e1s de trescientos monumentos de la \u00e9poca colonial, cuidadosamente protegida con el fin de visitar estos lugares, podemos ignorar el presente e imaginar a s\u00ed mismo junto a Diego Col\u00f3n, Mar\u00eda Toledo y damas de la corte y escuchar la historia del l\u00edder Enriquillo , &#8220;la dignidad humana y la justicia&#8221; firmaron el primer tratado de paz en Am\u00e9rica entre los indios y los espa\u00f1oles.<\/span><\/p>\n<p><span style=\"font-weight: 400;\">No se pierda la oportunidad de visitar las rom\u00e1nticas ruinas del hospital de San Nicol\u00e1s (calle Hostos), la Iglesia del Carmen (en la esquina de Arzobispo Noel y S\u00e1nchez), la iglesia y el Hospital de San L\u00e1zaro (Piazza San L\u00e1zaro), la Iglesia y la catedral de Las Mercedes (San calle -Mercedes) y baliza \u00e1rea de Columbus (los Parkes) Landmark en la forma de una cruz, donde se encuentran \u00a0los restos de Crist\u00f3bal Col\u00f3n. El pilar de esta cruz mide 230 metros de largo, el travesa\u00f1o mide 70 metros. La altura de la estructura es de 70 metros.<\/span><\/p>\n<p><b>Entretenimiento<\/b><\/p>\n<p><span style=\"font-weight: 400;\">El entretenimiento en la Rep\u00fablica Dominicana tiene una gran variedad. En primer lugar, es, por supuesto, la magn\u00edfica pesca en alta mar, que est\u00e1 por literalmente en todas partes &#8211; en el norte y en la costa sur del pa\u00eds. La vida nocturna en la Rep\u00fablica Dominicana tambi\u00e9n es asombrosa. Para ver esto, es suficiente, para irse a la orilla de Santo Domingo, que est\u00e1 situada en la confluencia del R\u00edo Ozama en el Mar Caribe. Hay una serie de diversas actividades para realizar desde tomar caf\u00e9, ron, cerveza con alcohol. En cualquier localidad hay muchas discotecas que no cierran hasta la ma\u00f1ana. Lo que significa que la vida nocturna en la Rep\u00fablica Dominicana te dejar\u00e1 encantado..<\/span><\/p>\n<p><b>Ciudad colonial<\/b><\/p>\n<p><span style=\"font-weight: 400;\">Construida en 1502 por Nicol\u00e1s de Ovando, la ciudad colonial ocupa la parte antigua, el centro de Santo Domingo, es rica en monumentos de la \u00e9poca colonial. Caminando por las calles de Las Damas, se encontrar\u00e1 en su camino Culto fuerte, tambi\u00e9n llamado simplemente La Fortaleza (Fortaleza). Esta es la primera fortaleza del Nuevo Mundo. Aqu\u00ed est\u00e1n la Casa de Bastidas, o el palacio del capit\u00e1n y la Casa de Ovando, famosa por su puerta de entrada al estilo g\u00f3tico de la reina Isabel, los \u00fanicos en el mundo.<\/span><\/p>\n<p><span style=\"font-weight: 400;\">Plaza de Espa\u00f1a destaca la fortaleza de Col\u00f3n &#8211; la casa donde vivi\u00f3 Diego Col\u00f3n, hijo del gran descubridor. El palacio fue construido en el estilo g\u00f3tico con elementos de la arquitectura \u00e1rabe (al estilo de &#8220;mud\u00e9jar&#8221;) y se sit\u00faa en un marco de selva de lujo, destaca su belleza. En la calle Isabel la Cat\u00f3lica se encuentra uno de los edificios emblem\u00e1ticos de la isla &#8211; el templo de Santa Mar\u00eda la Menor, dedicada a la Virgen Mar\u00eda, patrona de Am\u00e9rica, as\u00ed como Borgelya Palace, las majestuosas ruinas de San Francisco, la Casa del Duarte y la Iglesia de Santa B\u00e1rbara. En la calle Padre Billini atraer la atenci\u00f3n de dichos edificios hist\u00f3ricos como la Iglesia de Regina-Angelorum, construido hace m\u00e1s de 200 a\u00f1os, la casa del misterioso hombre enmascarado &#8211; Casa del Tapao, la iglesia de la Orden Dominicana &#8211; Edf Los Dominicos la primera universidad de Am\u00e9rica, tangentes la Iglesia de Santa Clara, la Casa de Moneda &#8211; Casa De Moneda y otros monumentos arquitect\u00f3nicos. Aqu\u00ed puede tomar un delicioso almuerzo y, un poco m\u00e1s tarde, sumergirse en el c\u00e1lido ambiente festivo de la ciudad de la noche.<\/span><\/p>\n<p><b>Una ciudad moderna.<\/b><\/p>\n<p><span style=\"font-weight: 400;\">Cualquiera que piense que el insuperable encanto de Santo Domingo le debe s\u00f3lo su historia distante, est\u00e1 profundamente equivocado. Santo Domingo es una ciudad joven, burbujeante, llena de vida, entretenimiento y sorpresas. Entre el museo y un paseo por las calles de la ciudad colonial, rinde homenaje a la naturaleza. \u00a1Ver\u00e1s todo con ojos diferentes! El acuario nacional (avenida de Espa\u00f1a) es realmente un espect\u00e1culo \u00fanico. Pasa a trav\u00e9s de las paredes transparentes del corredor entre el acuario se siente inmerso en el mundo submarino, habitados por peces multicolores amplia variedad de especies. La misma impresi\u00f3n fuerte y Jard\u00edn Bot\u00e1nico &#8211; un oasis verde en el coraz\u00f3n de la ciudad moderna, respirando los olores de m\u00e1s de 300 especies de orqu\u00eddeas y recrea toda la zona tropical natural. No te olvides de mirar hacia el jard\u00edn japon\u00e9s. Parque Mirador del Sur (en la esquina de prospectos Anaconda y el Mirador del Sur) &#8211; un lugar favorito de los ciudadanos para el senderismo y picnic al aire libre. Por la noche todos se re\u00fanen en la discoteca del parque, creado en la famosa cueva tribu indios ta\u00ednos, decorado con numerosas estalactitas y estalagmitas.<\/span><\/p>\n<p><b>Entretenimiento diurno y nocturno<\/b><\/p>\n<p><span style=\"font-weight: 400;\">Por la noche, haga todo lo posible para mirar dentro de la &#8220;galer\u00eda&#8221;, una construcci\u00f3n t\u00edpica de forma cil\u00edndrica en la que se llevan a cabo las peleas de gallos. Este espect\u00e1culo transmite perfectamente el esp\u00edritu dominicano. Y por la noche? El entretenimiento aqu\u00ed no es menos que las estrellas en el cielo. Casino (abierto de 17.00 a 4.00), discotecas, pintorescos caf\u00e9s de m\u00fasica.<\/span><\/p>\n<p><b>Compras<\/b><\/p>\n<p><span style=\"font-weight: 400;\">Las tiendas de capital ofrecen los mejores productos de artesan\u00eda local. Aquellos que est\u00e9n interesados \u200b\u200ben la pintura o la escultura, recomendamos visitar la galer\u00eda en el \u00e1rea del Arsenal en las cercan\u00edas de la fortaleza de Col\u00f3n. Las tiendas de art\u00edculos de artesan\u00eda y boutiques se concentran en la plaza de la catedral y en la calle Conde.<\/span><\/p>\n<p><b>Museos.<\/b><\/p>\n<p><span style=\"font-weight: 400;\">Adem\u00e1s del Museo Nacional de Historia y Geograf\u00eda y el Museo Nacional de Historia Natural y el Museo &#8220;El mundo de \u00e1mbar&#8221;, se puede visitar la Fortaleza de Col\u00f3n (Plaza Espa\u00f1a) &#8211; un edificio ic\u00f3nico, construido para el corte del hijo de Crist\u00f3bal Col\u00f3n &#8211; Diego. El secreto de la belleza de este majestuoso palacio radica en la combinaci\u00f3n armoniosa de los estilos del renacimiento g\u00f3tico espa\u00f1ol e italiano. La densa vegetaci\u00f3n tropical que rodea el palacio subraya la perfecci\u00f3n de sus contornos. Por Las Damas merece una visita al museo de la corte real, donde la vida se reproduce \u00e9poca colonial, presenta los h\u00e1bitos y costumbres de los gobernadores, tesoros bajo el agua en la pantalla, revela los secretos m\u00e1s \u00edntimos de la cocci\u00f3n de ca\u00f1a de az\u00facar. En el Museo del Hombre Dominicano (Culture Square) se puede ver las civilizaciones precolombinas y el folklore local (m\u00e1scaras de carnaval, los rituales m\u00e1gicos, &#8220;vud\u00fa&#8221;, la vida de la tribu de los indios Taino). Tambi\u00e9n hay exhibiciones curiosas como &#8220;papamobile&#8221;, autos que sirvieron como veh\u00edculo para el Papa Juan Pablo II.<\/span><\/p>\n<p><span style=\"font-weight: 400;\">A lo largo del mar hay un muelle animado, llamado &#8220;malekon&#8221;, que literalmente significa un muro de mar. Las personas de d\u00eda y de noche est\u00e1n pasando el rato en el malec\u00f3n. Lanzan cometas, beben cerveza, simplemente caminan e incluso montan tablas de snowboard y patines en l\u00ednea, los fines de semana, cuando el terrapl\u00e9n est\u00e1 cerrado para el transporte. Santo Domingo deja una grata impresi\u00f3n de su modernidad. Y especialmente buenos restaurantes, donde puedes probar platos de alta calidad a precios bajos.<\/span><\/p>\n<p><b>Transporte en Rep\u00fablica Dominicana<\/b><\/p>\n<p><span style=\"font-weight: 400;\">Hay 6 aeropuertos internacionales que operan en el pa\u00eds, pero las l\u00edneas a\u00e9reas nacionales est\u00e1n relativamente poco desarrolladas. En su mayor\u00eda, est\u00e1n representados por vuelos regulares de la compa\u00f1\u00eda &#8220;Air Santo Domingo&#8221; desde la capital a las principales \u00e1reas tur\u00edsticas, as\u00ed como por los vuelos de peque\u00f1as aerol\u00edneas que transportan turistas en helic\u00f3pteros y avionetas a las zonas tur\u00edsticas m\u00e1s populares.<\/span><\/p>\n<p><span style=\"font-weight: 400;\">El transporte ferroviario no es en absoluto, a excepci\u00f3n de las l\u00edneas de trocha angosta construidas para servir a las plantaciones de az\u00facar, pero en Santo Domingo comienza la construcci\u00f3n del primer Metro en el pa\u00eds. Casi todos los transportes se llevan a cabo en transporte de motor. Hay dos autobuses que operan entre las ciudades: los modernos autom\u00f3viles con aire acondicionado (Metro Bus y Caribe Tours), que sirven conexiones entre las principales ciudades y zonas tur\u00edsticas, as\u00ed como los autobuses obsoletos de las l\u00edneas locales. Tambi\u00e9n entre las ciudades vecinas se transportan minibuses &#8220;gua-gua&#8221;, que realizan paradas a pedido del pasajero. El dinero para viajar en la mayor\u00eda de los casos lleva al conductor a la cabina.<\/span><\/p>\n<p><b>Transporte p\u00fablico<\/b><\/p>\n<p><span style=\"font-weight: 400;\">El transporte p\u00fablico en autobuses urbanos, autob\u00fas expreso (ir a tiempo entre puntos especificados), &#8220;guagua&#8221; taxi colectivo &#8220;Carro-publico&#8221; (ir en ciertas rutas, y es muy barato) y los taxis. El costo del viaje en el transporte urbano es peque\u00f1o (incluso para largas distancias raramente excede los 100 pesos, la tarifa promedio es de 5 pesos), la mayor\u00eda de los veh\u00edculos municipales son sumamente irregulares, aunque los autobuses de las grandes compa\u00f1\u00edas siguen estrictamente el cronograma. En los mostradores de taxis locales no se utilizan, pero se establece una tarifa clara entre ciertos puntos (un viaje dentro de la ciudad no puede costar m\u00e1s de 150 pesos) y la negociaci\u00f3n es in\u00fatil. En las entradas a los principales hoteles y otras \u00e1reas tur\u00edsticas hay paradas de taxis (la mayor\u00eda de las veces pertenecen a una compa\u00f1\u00eda determinada) y los autos de las grandes compa\u00f1\u00edas se mantienen en mejores condiciones t\u00e9cnicas que los de las peque\u00f1as compa\u00f1\u00edas, que en las condiciones locales es importante. Para viajes dentro de la ciudad, puede utilizar los servicios de conductores privados, pero el precio del viaje debe negociarse por adelantado, antes de aterrizar en el autom\u00f3vil.<\/span><\/p>\n","protected":false},"excerpt":{"rendered":"<p>Acerca de la Rep\u00fablica Dominicana La Rep\u00fablica Dominicana es un pa\u00eds con una infraestructura tur\u00edstica bien desarrollada, que eligi\u00f3 el sistema de todo incluido como base. Casi toda la costa de la Rep\u00fablica Dominicana es una playa continua. En este hermoso pa\u00eds hay varias \u00e1reas que cuentan con fama internacional, tales como: Playa B\u00e1varo, Playa [&hellip;]<\/p>\n","protected":false},"author":3,"featured_media":0,"parent":0,"menu_order":0,"comment_status":"closed","ping_status":"closed","template":"","meta":{"footnotes":""},"yst_prominent_words":[],"class_list":["post-4181","page","type-page","status-publish","hentry"],"_links":{"self":[{"href":"https:\/\/domconst.com\/es\/wp-json\/wp\/v2\/pages\/4181","targetHints":{"allow":["GET"]}}],"collection":[{"href":"https:\/\/domconst.com\/es\/wp-json\/wp\/v2\/pages"}],"about":[{"href":"https:\/\/domconst.com\/es\/wp-json\/wp\/v2\/types\/page"}],"author":[{"embeddable":true,"href":"https:\/\/domconst.com\/es\/wp-json\/wp\/v2\/users\/3"}],"replies":[{"embeddable":true,"href":"https:\/\/domconst.com\/es\/wp-json\/wp\/v2\/comments?post=4181"}],"version-history":[{"count":0,"href":"https:\/\/domconst.com\/es\/wp-json\/wp\/v2\/pages\/4181\/revisions"}],"wp:attachment":[{"href":"https:\/\/domconst.com\/es\/wp-json\/wp\/v2\/media?parent=4181"}],"wp:term":[{"taxonomy":"yst_prominent_words","embeddable":true,"href":"https:\/\/domconst.com\/es\/wp-json\/wp\/v2\/yst_prominent_words?post=4181"}],"curies":[{"name":"wp","href":"https:\/\/api.w.org\/{rel}","templated":true}]}}