{"id":4160,"date":"2018-07-03T16:06:20","date_gmt":"2018-07-03T20:06:20","guid":{"rendered":"http:\/\/domconst.com\/?page_id=4160"},"modified":"2020-08-16T22:02:15","modified_gmt":"2020-08-17T02:02:15","slug":"en-alquiler","status":"publish","type":"page","link":"https:\/\/domconst.com\/es\/en-alquiler\/","title":{"rendered":"Negocio de alquiler en Sosua"},"content":{"rendered":"<div class=\"wpb-content-wrapper\"><p>[vc_row][vc_column][vc_column_text css_animation=&#8221;bounceInUp&#8221;]<\/p>\n<h2>Negocio de alquiler en Sosua<\/h2>\n<p>&#8220;Negocio de alquiler en Sosua&#8221; en la Rep\u00fablica Dominicana &#8211; una de las formas est\u00e1ndar de ganancias pasivas, trayendo un ingreso estable a los propietarios no s\u00f3lo en forma de alquiler, sino tambi\u00e9n debido al aumento anual en el precio de los bienes ra\u00edces debido al r\u00e1pido crecimiento de la popularidad. Dado que casi no hay animosidad racial en la Rep\u00fablica Dominicana, es f\u00e1cil dirigir un <a href=\"http:\/\/domrent.host\">negocio de alquiler<\/a> en Sosua. Para ello, primero debe comprar una propiedad. Y no importa qu\u00e9 bienes ra\u00edces sea un restaurante en la playa, apartamentos o una casa solariega. Puede ponerse en contacto con nosotros para alquilar su propiedad y ver crecer sus ingresos.  <a href=\"http:\/\/domrent.hos\">Domrent.host  <\/a><\/p>\n<p>Disponemos de un portal para anfitriones donde todo el mundo puede ver la cantidad de ingresos y gastos y tambi\u00e9n bloquear los d\u00edas de auto-llegada a su propiedad con la certeza de que la casa en estas fechas ser\u00e1 gratuita.<\/p>\n<p>Puede hacerlo de dos maneras: comprar una propiedad existente o construir de forma independiente en su propio proyecto. La construcci\u00f3n suele ser 30 m\u00e1s barata que la compra de inmuebles terminados. Tambi\u00e9n es mejor organizar la construcci\u00f3n de las empresas auditadas, porque de lo contrario todos los ingresos del negocio de alquiler pueden ir a reparar una casa mal construida. Como en otros lugares, hay un mont\u00f3n de personas que pretenden ser constructores, sin tener una educaci\u00f3n especial. Ten\u00eda un amigo que pensaba que si se cavaba en el s\u00f3tano de la caba\u00f1a y lo cubr\u00eda con ladrillos, era un constructor. Hay muchos constructores similares aqu\u00ed. Con el fin de no quedar atrapado en este tipo de trucos, p\u00f3ngase en contacto con nosotros en la empresa, y le proporcionaremos todo el servicio necesario.[\/vc_column_text][\/vc_column][\/vc_row][vc_row][vc_column width=&#8221;1\/4&#8243;][vc_single_image image=&#8221;15853&#8243; alignment=&#8221;center&#8221; onclick=&#8221;custom_link&#8221; css_animation=&#8221;rotateIn&#8221; link=&#8221;https:\/\/domconst.com\/3d-%d0%bc%d0%be%d0%b4%d0%b5%d0%bb%d0%b8%d1%80%d0%be%d0%b2%d0%b0%d0%bd%d0%b8%d0%b5-%d0%b8-%d0%b2%d0%b8%d0%b7%d1%83%d0%b0%d0%bb%d0%b8%d0%b7%d0%b0%d1%86%d0%b8%d1%8f\/%d0%ba%d0%b0%d0%bb%d1%8c%d0%ba%d1%83%d0%bb%d1%8f%d1%82%d0%be%d1%80-%d0%b4%d0%bb%d1%8f-%d0%bf%d0%be%d0%ba%d1%83%d0%bf%d0%b0%d1%82%d0%b5%d0%bb%d0%b5%d0%b9\/&#8221; title=&#8221;C\u00e1lculo del valor&#8221;][\/vc_column][vc_column width=&#8221;1\/4&#8243;][vc_single_image image=&#8221;15858&#8243; alignment=&#8221;center&#8221; style=&#8221;vc_box_shadow_3d&#8221; onclick=&#8221;custom_link&#8221; css_animation=&#8221;rotateIn&#8221; title=&#8221;Construir una villa&#8221; link=&#8221;https:\/\/domconst.com\/%d1%81%d1%82%d1%80%d0%be%d0%b8%d1%82%d0%b5%d0%bb%d1%8c%d0%bd%d1%8b%d0%b5-%d1%83%d1%81%d0%bb%d1%83%d0%b3%d0%b8\/&#8221;][\/vc_column][vc_column width=&#8221;1\/4&#8243;][vc_single_image image=&#8221;15868&#8243; alignment=&#8221;center&#8221; style=&#8221;vc_box_shadow_3d&#8221; onclick=&#8221;custom_link&#8221; css_animation=&#8221;rollIn&#8221; title=&#8221;Comprar una casa prefabricada&#8221; link=&#8221;http:\/\/domconst.com\/property\/&#8221;][\/vc_column][vc_column width=&#8221;1\/4&#8243;][vc_single_image image=&#8221;15872&#8243; alignment=&#8221;center&#8221; style=&#8221;vc_box_shadow_3d&#8221; onclick=&#8221;custom_link&#8221; css_animation=&#8221;rollIn&#8221; title=&#8221;Gesti\u00f3n de la propiedad&#8221; link=&#8221;https:\/\/domconst.com\/%d1%81%d0%b5%d1%80%d0%b2%d0%b8%d1%81%d0%bd%d0%be%d0%b5-%d0%be%d0%b1%d1%81%d0%bb%d1%83%d0%b6%d0%b8%d0%b2%d0%b0%d0%bd%d0%b8%d0%b5\/&#8221;][\/vc_column][\/vc_row][vc_row][vc_column][vc_single_image image=&#8221;15862&#8243; img_size=&#8221;full&#8221; alignment=&#8221;center&#8221; style=&#8221;vc_box_shadow_3d&#8221; css_animation=&#8221;rollIn&#8221; title=&#8221;Un gr\u00e1fico del crecimiento del valor inmobiliario.&#8221;][\/vc_column][\/vc_row]<\/p>\n<\/div>","protected":false},"excerpt":{"rendered":"<p>[vc_row][vc_column][vc_column_text css_animation=&#8221;bounceInUp&#8221;] Negocio de alquiler en Sosua &#8220;Negocio de alquiler en Sosua&#8221; en la Rep\u00fablica Dominicana &#8211; una de las formas est\u00e1ndar de ganancias pasivas, trayendo un ingreso estable a los propietarios no s\u00f3lo en forma de alquiler, sino tambi\u00e9n debido al aumento anual en el precio de los bienes ra\u00edces debido al r\u00e1pido crecimiento [&hellip;]<\/p>\n","protected":false},"author":3,"featured_media":0,"parent":0,"menu_order":0,"comment_status":"closed","ping_status":"closed","template":"","meta":{"footnotes":""},"yst_prominent_words":[],"class_list":["post-4160","page","type-page","status-publish","hentry"],"_links":{"self":[{"href":"https:\/\/domconst.com\/es\/wp-json\/wp\/v2\/pages\/4160","targetHints":{"allow":["GET"]}}],"collection":[{"href":"https:\/\/domconst.com\/es\/wp-json\/wp\/v2\/pages"}],"about":[{"href":"https:\/\/domconst.com\/es\/wp-json\/wp\/v2\/types\/page"}],"author":[{"embeddable":true,"href":"https:\/\/domconst.com\/es\/wp-json\/wp\/v2\/users\/3"}],"replies":[{"embeddable":true,"href":"https:\/\/domconst.com\/es\/wp-json\/wp\/v2\/comments?post=4160"}],"version-history":[{"count":0,"href":"https:\/\/domconst.com\/es\/wp-json\/wp\/v2\/pages\/4160\/revisions"}],"wp:attachment":[{"href":"https:\/\/domconst.com\/es\/wp-json\/wp\/v2\/media?parent=4160"}],"wp:term":[{"taxonomy":"yst_prominent_words","embeddable":true,"href":"https:\/\/domconst.com\/es\/wp-json\/wp\/v2\/yst_prominent_words?post=4160"}],"curies":[{"name":"wp","href":"https:\/\/api.w.org\/{rel}","templated":true}]}}