{"id":3926,"date":"2018-06-28T19:44:50","date_gmt":"2018-06-28T23:44:50","guid":{"rendered":"http:\/\/domconst.com\/?page_id=3926"},"modified":"2019-11-19T22:03:03","modified_gmt":"2019-11-20T02:03:03","slug":"casas","status":"publish","type":"page","link":"https:\/\/domconst.com\/es\/casas\/","title":{"rendered":"Villas"},"content":{"rendered":"<div class=\"wpb-content-wrapper\"><p>[vc_row][vc_column][vc_column_text]<span style=\"color: #000000\">Le diremos d\u00f3nde y c\u00f3mo comprar la casa de sus sue\u00f1os para vivir o hacer negocios<\/span><span style=\"color: #000000\">. Tambi\u00e9n es rentable invertir en construcci\u00f3n. Despu\u00e9s de todo, la construcci\u00f3n de casas cuesta 30 m\u00e1s barato que comprar inmuebles terminados. Tiempo de construcci\u00f3n para un edificio de una sola planta 3-4 meses y para un 5-7 meses de dos plantas incluyendo acabados completos. Puede encontrar las opciones para comprar casas ya hechas y opciones para la construcci\u00f3n en nuestro sitio web.<\/span><\/p>\n<h2><span style=\"color: #ffffff\">Haznos una pregunta y <\/span><\/h2>\n<p>[\/vc_column_text][\/vc_column][\/vc_row][vc_row][vc_column]\t\t\r\n\t\t<div id=\"properties_module_section\" class=\"property-cards-module property-cards-module-v1 property-cards-module-3-cols\">\r\n\t\t\t<div id=\"module_properties\" class=\"listing-view grid-view card-deck grid-view-3-cols\">\r\n\t\t\t\t<div class=\"item-listing-wrap hz-item-gallery-js card\" data-hz-id=\"hz-263433\" data-images=\"[{&quot;image&quot;:&quot;https:\\\/\\\/domconst.com\\\/wp-content\\\/uploads\\\/2023\\\/08\\\/Three-storey-House-With-A-Private-Pool-In-Sosua-8-1-592x444.png&quot;,&quot;alt&quot;:&quot;&quot;,&quot;width&quot;:592,&quot;height&quot;:444},{&quot;image&quot;:&quot;https:\\\/\\\/domconst.com\\\/wp-content\\\/uploads\\\/2023\\\/08\\\/Three-storey-House-With-A-Private-Pool-In-Sosua-9-592x444.png&quot;,&quot;alt&quot;:&quot;&quot;,&quot;width&quot;:592,&quot;height&quot;:444},{&quot;image&quot;:&quot;https:\\\/\\\/domconst.com\\\/wp-content\\\/uploads\\\/2023\\\/08\\\/Three-storey-House-With-A-Private-Pool-In-Sosua-8-1-592x444.png&quot;,&quot;alt&quot;:&quot;&quot;,&quot;width&quot;:592,&quot;height&quot;:444},{&quot;image&quot;:&quot;https:\\\/\\\/domconst.com\\\/wp-content\\\/uploads\\\/2023\\\/08\\\/Three-storey-House-With-A-Private-Pool-In-Sosua6-592x444.jpg&quot;,&quot;alt&quot;:&quot;&quot;,&quot;width&quot;:592,&quot;height&quot;:444},{&quot;image&quot;:&quot;https:\\\/\\\/domconst.com\\\/wp-content\\\/uploads\\\/2023\\\/08\\\/Three-storey-House-With-A-Private-Pool-In-Sosua-592x444.jpg&quot;,&quot;alt&quot;:&quot;&quot;,&quot;width&quot;:592,&quot;height&quot;:444},{&quot;image&quot;:&quot;https:\\\/\\\/domconst.com\\\/wp-content\\\/uploads\\\/2023\\\/08\\\/Three-storey-House-With-A-Private-Pool-In-Sosua-7-592x444.jpg&quot;,&quot;alt&quot;:&quot;&quot;,&quot;width&quot;:592,&quot;height&quot;:444},{&quot;image&quot;:&quot;https:\\\/\\\/domconst.com\\\/wp-content\\\/uploads\\\/2023\\\/08\\\/Three-storey-House-With-A-Private-Pool-In-Sosua-5-592x444.jpg&quot;,&quot;alt&quot;:&quot;&quot;,&quot;width&quot;:592,&quot;height&quot;:444},{&quot;image&quot;:&quot;https:\\\/\\\/domconst.com\\\/wp-content\\\/uploads\\\/2023\\\/08\\\/Three-storey-House-With-A-Private-Pool-In-Sosua-4-592x444.jpg&quot;,&quot;alt&quot;:&quot;&quot;,&quot;width&quot;:592,&quot;height&quot;:444},{&quot;image&quot;:&quot;https:\\\/\\\/domconst.com\\\/wp-content\\\/uploads\\\/2023\\\/08\\\/Three-storey-House-With-A-Private-Pool-In-Sosua-3-592x444.jpg&quot;,&quot;alt&quot;:&quot;&quot;,&quot;width&quot;:592,&quot;height&quot;:444},{&quot;image&quot;:&quot;https:\\\/\\\/domconst.com\\\/wp-content\\\/uploads\\\/2023\\\/08\\\/Three-storey-House-With-A-Private-Pool-In-Sosua-2-592x444.jpg&quot;,&quot;alt&quot;:&quot;&quot;,&quot;width&quot;:592,&quot;height&quot;:444}]\">\n\t<div class=\"item-wrap item-wrap-v1 item-wrap-no-frame h-100\">\n\t\t<div class=\"d-flex align-items-center h-100\">\n\t\t\t<div class=\"item-header\">\n\t\t\t\t<span class=\"label-featured label\">\u0420\u0435\u043a\u043e\u043c\u0435\u043d\u0434\u0443\u0435\u043c\u044b\u0435<\/span>\t\t\t\t<div class=\"labels-wrap labels-right\"> \n\n\t<a href=\"https:\/\/domconst.com\/es\/status\/pre-conctruccion\/\" class=\"label-status label status-color-617\">\n\t\t\t\t\tObjeto en construcci\u00f3n\n\t\t\t\t<\/a>       \n\n<\/div>\n\t\t\t\t<ul class=\"item-price-wrap hide-on-list\">\n\t<li class=\"item-price\"><span class=\"price-prefix\">Inicial <\/span> $93,246<\/li><li class=\"item-sub-price\">$310,820<\/li><\/ul>\t\t\t\t\t\t\t\t<div class=\"listing-image-wrap\">\n\t<div class=\"listing-thumb\">\n\t\t<a target=_self href=\"https:\/\/domconst.com\/es\/property\/casa-4-hb-con-jacuzzi-en-la-azotea-y-piscina\/\" class=\"listing-featured-thumb hover-effect\">\n\t\t\t<img fetchpriority=\"high\" decoding=\"async\" width=\"592\" height=\"444\" src=\"https:\/\/domconst.com\/wp-content\/uploads\/2023\/08\/Three-storey-House-With-A-Private-Pool-In-Sosua-8-1-592x444.png\" class=\"img-fluid wp-post-image\" alt=\"\" srcset=\"https:\/\/domconst.com\/wp-content\/uploads\/2023\/08\/Three-storey-House-With-A-Private-Pool-In-Sosua-8-1-592x444.png 592w, https:\/\/domconst.com\/wp-content\/uploads\/2023\/08\/Three-storey-House-With-A-Private-Pool-In-Sosua-8-1-584x438.png 584w, https:\/\/domconst.com\/wp-content\/uploads\/2023\/08\/Three-storey-House-With-A-Private-Pool-In-Sosua-8-1-120x90.png 120w\" sizes=\"(max-width: 592px) 100vw, 592px\" \/>\t\t<\/a><!-- hover-effect -->\n\t<\/div>\n<\/div>\n\t\t\t\t<div class=\"preview_loader\"><\/div>\n\t\t\t<\/div><!-- item-header -->\t\n\t\t\t<div class=\"item-body flex-grow-1\">\n\t\t\t\t<div class=\"labels-wrap labels-right\"> \n\n\t<a href=\"https:\/\/domconst.com\/es\/status\/pre-conctruccion\/\" class=\"label-status label status-color-617\">\n\t\t\t\t\tObjeto en construcci\u00f3n\n\t\t\t\t<\/a>       \n\n<\/div>\n\t\t\t\t<h2 class=\"item-title\">\n\t<a target=_self href=\"https:\/\/domconst.com\/es\/property\/casa-4-hb-con-jacuzzi-en-la-azotea-y-piscina\/\">Casa 4-HB con jacuzzi en la azotea y piscina<\/a>\n<\/h2><!-- item-title -->\t\t\t\t<ul class=\"item-price-wrap hide-on-list\">\n\t<li class=\"item-price\"><span class=\"price-prefix\">Inicial <\/span> $93,246<\/li><li class=\"item-sub-price\">$310,820<\/li><\/ul>\t\t\t\t<address class=\"item-address\">Sosua, Rep\u00fablica Dominicana<\/address>\t\t\t\t\t\t\t\t<ul class=\"item-amenities item-amenities-with-icons\">\n\t<li class=\"h-beds\"><i class=\"houzez-icon icon-hotel-double-bed-1 mr-1\"><\/i><span class=\"item-amenities-text\">Beds:<\/span> <span class=\"hz-figure\">4<\/span><\/li><li class=\"h-baths\"><i class=\"houzez-icon icon-bathroom-shower-1 mr-1\"><\/i><span class=\"item-amenities-text\">Baths:<\/span> <span class=\"hz-figure\">3.5<\/span><\/li><li class=\"h-area\"><i class=\"houzez-icon icon-ruler-triangle mr-1\"><\/i><span class=\"hz-figure\">224<\/span> <span class=\"hz-figure area_postfix\">m\u00b2<\/span><\/li><\/ul>\t\t\t\t\t\t\t\t\t\t\t\t\t\t\t<\/div><!-- item-body -->\n\n\t\t\t\t\t<\/div><!-- d-flex -->\n\t<\/div><!-- item-wrap -->\n<\/div><!-- item-listing-wrap --><div class=\"item-listing-wrap hz-item-gallery-js card\" data-hz-id=\"hz-263252\" data-images=\"[{&quot;image&quot;:&quot;https:\\\/\\\/domconst.com\\\/wp-content\\\/uploads\\\/2023\\\/08\\\/6-2_night-592x444.png&quot;,&quot;alt&quot;:&quot;&quot;,&quot;width&quot;:592,&quot;height&quot;:444},{&quot;image&quot;:&quot;https:\\\/\\\/domconst.com\\\/wp-content\\\/uploads\\\/2023\\\/08\\\/7-2-592x444.png&quot;,&quot;alt&quot;:&quot;&quot;,&quot;width&quot;:592,&quot;height&quot;:444},{&quot;image&quot;:&quot;https:\\\/\\\/domconst.com\\\/wp-content\\\/uploads\\\/2023\\\/08\\\/6-2_night-592x444.png&quot;,&quot;alt&quot;:&quot;&quot;,&quot;width&quot;:592,&quot;height&quot;:444},{&quot;image&quot;:&quot;https:\\\/\\\/domconst.com\\\/wp-content\\\/uploads\\\/2023\\\/08\\\/6-2-592x444.png&quot;,&quot;alt&quot;:&quot;&quot;,&quot;width&quot;:592,&quot;height&quot;:444},{&quot;image&quot;:&quot;https:\\\/\\\/domconst.com\\\/wp-content\\\/uploads\\\/2023\\\/08\\\/5-2-592x444.png&quot;,&quot;alt&quot;:&quot;&quot;,&quot;width&quot;:592,&quot;height&quot;:444},{&quot;image&quot;:&quot;https:\\\/\\\/domconst.com\\\/wp-content\\\/uploads\\\/2023\\\/08\\\/4-2-592x444.png&quot;,&quot;alt&quot;:&quot;&quot;,&quot;width&quot;:592,&quot;height&quot;:444},{&quot;image&quot;:&quot;https:\\\/\\\/domconst.com\\\/wp-content\\\/uploads\\\/2023\\\/08\\\/3-2-2-592x444.png&quot;,&quot;alt&quot;:&quot;&quot;,&quot;width&quot;:592,&quot;height&quot;:444},{&quot;image&quot;:&quot;https:\\\/\\\/domconst.com\\\/wp-content\\\/uploads\\\/2023\\\/08\\\/2-2-592x444.png&quot;,&quot;alt&quot;:&quot;&quot;,&quot;width&quot;:592,&quot;height&quot;:444},{&quot;image&quot;:&quot;https:\\\/\\\/domconst.com\\\/wp-content\\\/uploads\\\/2023\\\/08\\\/1-2-592x444.png&quot;,&quot;alt&quot;:&quot;&quot;,&quot;width&quot;:592,&quot;height&quot;:444}]\">\n\t<div class=\"item-wrap item-wrap-v1 item-wrap-no-frame h-100\">\n\t\t<div class=\"d-flex align-items-center h-100\">\n\t\t\t<div class=\"item-header\">\n\t\t\t\t<span class=\"label-featured label\">\u0420\u0435\u043a\u043e\u043c\u0435\u043d\u0434\u0443\u0435\u043c\u044b\u0435<\/span>\t\t\t\t<div class=\"labels-wrap labels-right\"> \n\n\t<a href=\"https:\/\/domconst.com\/es\/status\/pre-conctruccion\/\" class=\"label-status label status-color-617\">\n\t\t\t\t\tObjeto en construcci\u00f3n\n\t\t\t\t<\/a>       \n\n<\/div>\n\t\t\t\t<ul class=\"item-price-wrap hide-on-list\">\n\t<li class=\"item-price\"><span class=\"price-prefix\">Inicial <\/span> $59,735<\/li><li class=\"item-sub-price\">$199,155<\/li><\/ul>\t\t\t\t\t\t\t\t<div class=\"listing-image-wrap\">\n\t<div class=\"listing-thumb\">\n\t\t<a target=_self href=\"https:\/\/domconst.com\/es\/property\/impresionante-casa-entre-sosua-y-cabarete\/\" class=\"listing-featured-thumb hover-effect\">\n\t\t\t<img decoding=\"async\" width=\"592\" height=\"444\" src=\"https:\/\/domconst.com\/wp-content\/uploads\/2023\/08\/6-2_night-592x444.png\" class=\"img-fluid wp-post-image\" alt=\"\" srcset=\"https:\/\/domconst.com\/wp-content\/uploads\/2023\/08\/6-2_night-592x444.png 592w, https:\/\/domconst.com\/wp-content\/uploads\/2023\/08\/6-2_night-584x438.png 584w, https:\/\/domconst.com\/wp-content\/uploads\/2023\/08\/6-2_night-120x90.png 120w\" sizes=\"(max-width: 592px) 100vw, 592px\" \/>\t\t<\/a><!-- hover-effect -->\n\t<\/div>\n<\/div>\n\t\t\t\t<div class=\"preview_loader\"><\/div>\n\t\t\t<\/div><!-- item-header -->\t\n\t\t\t<div class=\"item-body flex-grow-1\">\n\t\t\t\t<div class=\"labels-wrap labels-right\"> \n\n\t<a href=\"https:\/\/domconst.com\/es\/status\/pre-conctruccion\/\" class=\"label-status label status-color-617\">\n\t\t\t\t\tObjeto en construcci\u00f3n\n\t\t\t\t<\/a>       \n\n<\/div>\n\t\t\t\t<h2 class=\"item-title\">\n\t<a target=_self href=\"https:\/\/domconst.com\/es\/property\/impresionante-casa-entre-sosua-y-cabarete\/\">Impresionante casa entre Sosua y Cabarete<\/a>\n<\/h2><!-- item-title -->\t\t\t\t<ul class=\"item-price-wrap hide-on-list\">\n\t<li class=\"item-price\"><span class=\"price-prefix\">Inicial <\/span> $59,735<\/li><li class=\"item-sub-price\">$199,155<\/li><\/ul>\t\t\t\t<address class=\"item-address\">Sosua, Rep\u00fablica Dominicana<\/address>\t\t\t\t\t\t\t\t<ul class=\"item-amenities item-amenities-with-icons\">\n\t<li class=\"h-beds\"><i class=\"houzez-icon icon-hotel-double-bed-1 mr-1\"><\/i><span class=\"item-amenities-text\">Beds:<\/span> <span class=\"hz-figure\">2<\/span><\/li><li class=\"h-baths\"><i class=\"houzez-icon icon-bathroom-shower-1 mr-1\"><\/i><span class=\"item-amenities-text\">Baths:<\/span> <span class=\"hz-figure\">2.5<\/span><\/li><li class=\"h-area\"><i class=\"houzez-icon icon-ruler-triangle mr-1\"><\/i><span class=\"hz-figure\">117<\/span> <span class=\"hz-figure area_postfix\">m\u00b2<\/span><\/li><\/ul>\t\t\t\t\t\t\t\t\t\t\t\t\t\t\t<\/div><!-- item-body -->\n\n\t\t\t\t\t<\/div><!-- d-flex -->\n\t<\/div><!-- item-wrap -->\n<\/div><!-- item-listing-wrap --><div class=\"item-listing-wrap hz-item-gallery-js card\" data-hz-id=\"hz-263071\" data-images=\"[{&quot;image&quot;:&quot;https:\\\/\\\/domconst.com\\\/wp-content\\\/uploads\\\/2016\\\/03\\\/Exquisite-Home-Located-on-the-2nd-coastline-4-4-592x444.png&quot;,&quot;alt&quot;:&quot;&quot;,&quot;width&quot;:592,&quot;height&quot;:444},{&quot;image&quot;:&quot;https:\\\/\\\/domconst.com\\\/wp-content\\\/uploads\\\/2016\\\/03\\\/Exquisite-Home-Located-on-the-2nd-coastline-1-4-592x444.png&quot;,&quot;alt&quot;:&quot;&quot;,&quot;width&quot;:592,&quot;height&quot;:444},{&quot;image&quot;:&quot;https:\\\/\\\/domconst.com\\\/wp-content\\\/uploads\\\/2016\\\/03\\\/Exquisite-Home-Located-on-the-2nd-coastline-2-4-592x444.png&quot;,&quot;alt&quot;:&quot;&quot;,&quot;width&quot;:592,&quot;height&quot;:444},{&quot;image&quot;:&quot;https:\\\/\\\/domconst.com\\\/wp-content\\\/uploads\\\/2016\\\/03\\\/Exquisite-Home-Located-on-the-2nd-coastline-3-4-592x444.png&quot;,&quot;alt&quot;:&quot;&quot;,&quot;width&quot;:592,&quot;height&quot;:444},{&quot;image&quot;:&quot;https:\\\/\\\/domconst.com\\\/wp-content\\\/uploads\\\/2016\\\/03\\\/Exquisite-Home-Located-on-the-2nd-coastline-4-4-592x444.png&quot;,&quot;alt&quot;:&quot;&quot;,&quot;width&quot;:592,&quot;height&quot;:444},{&quot;image&quot;:&quot;https:\\\/\\\/domconst.com\\\/wp-content\\\/uploads\\\/2016\\\/03\\\/Exquisite-Home-Located-on-the-2nd-coastline-5-4-592x444.png&quot;,&quot;alt&quot;:&quot;&quot;,&quot;width&quot;:592,&quot;height&quot;:444}]\">\n\t<div class=\"item-wrap item-wrap-v1 item-wrap-no-frame h-100\">\n\t\t<div class=\"d-flex align-items-center h-100\">\n\t\t\t<div class=\"item-header\">\n\t\t\t\t<span class=\"label-featured label\">\u0420\u0435\u043a\u043e\u043c\u0435\u043d\u0434\u0443\u0435\u043c\u044b\u0435<\/span>\t\t\t\t<div class=\"labels-wrap labels-right\"> \n\n\t<a href=\"https:\/\/domconst.com\/es\/status\/pre-conctruccion\/\" class=\"label-status label status-color-617\">\n\t\t\t\t\tObjeto en construcci\u00f3n\n\t\t\t\t<\/a><a href=\"https:\/\/domconst.com\/es\/status\/se-vende\/\" class=\"label-status label status-color-75\">\n\t\t\t\t\tVenta\n\t\t\t\t<\/a><a href=\"https:\/\/domconst.com\/es\/label\/oferta-caliente\/\" class=\"hz-label label label-color-782\">\n\t\t\t\t\tOferta caliente\n\t\t\t\t<\/a>       \n\n<\/div>\n\t\t\t\t<ul class=\"item-price-wrap hide-on-list\">\n\t<li class=\"item-price\"><span class=\"price-prefix\">Inicial <\/span> $68,805<\/li><li class=\"item-sub-price\">$229,350<\/li><\/ul>\t\t\t\t\t\t\t\t<div class=\"listing-image-wrap\">\n\t<div class=\"listing-thumb\">\n\t\t<a target=_self href=\"https:\/\/domconst.com\/es\/property\/comoda-casa-familiar\/\" class=\"listing-featured-thumb hover-effect\">\n\t\t\t<img decoding=\"async\" width=\"592\" height=\"444\" src=\"https:\/\/domconst.com\/wp-content\/uploads\/2016\/03\/Exquisite-Home-Located-on-the-2nd-coastline-4-4-592x444.png\" class=\"img-fluid wp-post-image\" alt=\"\" srcset=\"https:\/\/domconst.com\/wp-content\/uploads\/2016\/03\/Exquisite-Home-Located-on-the-2nd-coastline-4-4-592x444.png 592w, https:\/\/domconst.com\/wp-content\/uploads\/2016\/03\/Exquisite-Home-Located-on-the-2nd-coastline-4-4-584x438.png 584w, https:\/\/domconst.com\/wp-content\/uploads\/2016\/03\/Exquisite-Home-Located-on-the-2nd-coastline-4-4-120x90.png 120w\" sizes=\"(max-width: 592px) 100vw, 592px\" \/>\t\t<\/a><!-- hover-effect -->\n\t<\/div>\n<\/div>\n\t\t\t\t<div class=\"preview_loader\"><\/div>\n\t\t\t<\/div><!-- item-header -->\t\n\t\t\t<div class=\"item-body flex-grow-1\">\n\t\t\t\t<div class=\"labels-wrap labels-right\"> \n\n\t<a href=\"https:\/\/domconst.com\/es\/status\/pre-conctruccion\/\" class=\"label-status label status-color-617\">\n\t\t\t\t\tObjeto en construcci\u00f3n\n\t\t\t\t<\/a><a href=\"https:\/\/domconst.com\/es\/status\/se-vende\/\" class=\"label-status label status-color-75\">\n\t\t\t\t\tVenta\n\t\t\t\t<\/a><a href=\"https:\/\/domconst.com\/es\/label\/oferta-caliente\/\" class=\"hz-label label label-color-782\">\n\t\t\t\t\tOferta caliente\n\t\t\t\t<\/a>       \n\n<\/div>\n\t\t\t\t<h2 class=\"item-title\">\n\t<a target=_self href=\"https:\/\/domconst.com\/es\/property\/comoda-casa-familiar\/\">C\u00f3moda casa familiar<\/a>\n<\/h2><!-- item-title -->\t\t\t\t<ul class=\"item-price-wrap hide-on-list\">\n\t<li class=\"item-price\"><span class=\"price-prefix\">Inicial <\/span> $68,805<\/li><li class=\"item-sub-price\">$229,350<\/li><\/ul>\t\t\t\t<address class=\"item-address\">Cabarete, Rep\u00fablica Dominicana<\/address>\t\t\t\t\t\t\t\t<ul class=\"item-amenities item-amenities-with-icons\">\n\t<li class=\"h-beds\"><i class=\"houzez-icon icon-hotel-double-bed-1 mr-1\"><\/i><span class=\"item-amenities-text\">Beds:<\/span> <span class=\"hz-figure\">2<\/span><\/li><li class=\"h-baths\"><i class=\"houzez-icon icon-bathroom-shower-1 mr-1\"><\/i><span class=\"item-amenities-text\">Baths:<\/span> <span class=\"hz-figure\">2.5<\/span><\/li><li class=\"h-area\"><i class=\"houzez-icon icon-ruler-triangle mr-1\"><\/i><span class=\"hz-figure\">162<\/span> <span class=\"hz-figure area_postfix\">m\u00b2<\/span><\/li><\/ul>\t\t\t\t\t\t\t\t\t\t\t\t\t\t\t<\/div><!-- item-body -->\n\n\t\t\t\t\t<\/div><!-- d-flex -->\n\t<\/div><!-- item-wrap -->\n<\/div><!-- item-listing-wrap -->\r\n\t\t\t<\/div><!-- listing-view -->\r\n\r\n\t\t\t\t\t<\/div><!-- property-grid-module -->\r\n\r\n\t\t[\/vc_column][\/vc_row]<\/p>\n<\/div>","protected":false},"excerpt":{"rendered":"<p>[vc_row][vc_column][vc_column_text]Le diremos d\u00f3nde y c\u00f3mo comprar la casa de sus sue\u00f1os para vivir o hacer negocios. Tambi\u00e9n es rentable invertir en construcci\u00f3n. Despu\u00e9s de todo, la construcci\u00f3n de casas cuesta 30 m\u00e1s barato que comprar inmuebles terminados. Tiempo de construcci\u00f3n para un edificio de una sola planta 3-4 meses y para un 5-7 meses de [&hellip;]<\/p>\n","protected":false},"author":3,"featured_media":0,"parent":0,"menu_order":2,"comment_status":"closed","ping_status":"closed","template":"","meta":{"footnotes":""},"yst_prominent_words":[],"class_list":["post-3926","page","type-page","status-publish","hentry"],"_links":{"self":[{"href":"https:\/\/domconst.com\/es\/wp-json\/wp\/v2\/pages\/3926","targetHints":{"allow":["GET"]}}],"collection":[{"href":"https:\/\/domconst.com\/es\/wp-json\/wp\/v2\/pages"}],"about":[{"href":"https:\/\/domconst.com\/es\/wp-json\/wp\/v2\/types\/page"}],"author":[{"embeddable":true,"href":"https:\/\/domconst.com\/es\/wp-json\/wp\/v2\/users\/3"}],"replies":[{"embeddable":true,"href":"https:\/\/domconst.com\/es\/wp-json\/wp\/v2\/comments?post=3926"}],"version-history":[{"count":0,"href":"https:\/\/domconst.com\/es\/wp-json\/wp\/v2\/pages\/3926\/revisions"}],"wp:attachment":[{"href":"https:\/\/domconst.com\/es\/wp-json\/wp\/v2\/media?parent=3926"}],"wp:term":[{"taxonomy":"yst_prominent_words","embeddable":true,"href":"https:\/\/domconst.com\/es\/wp-json\/wp\/v2\/yst_prominent_words?post=3926"}],"curies":[{"name":"wp","href":"https:\/\/api.w.org\/{rel}","templated":true}]}}