{"id":15923,"date":"2020-04-07T22:16:18","date_gmt":"2020-04-08T02:16:18","guid":{"rendered":"https:\/\/domconst.com\/servicio\/"},"modified":"2020-04-07T22:26:31","modified_gmt":"2020-04-08T02:26:31","slug":"servicio","status":"publish","type":"page","link":"https:\/\/domconst.com\/es\/servicio\/","title":{"rendered":"Servicio gestion"},"content":{"rendered":"<div class=\"wpb-content-wrapper\"><p>[vc_row][vc_column][vc_column_text]<\/p>\n<h2>Servicio gestion<\/h2>\n<p><span class=\"\"> Nuestros principales especialistas, gerentes de bienes ra\u00edces, arrendadores profesionales, proporcionar\u00e1n cualquier asistencia en la gesti\u00f3n de bienes ra\u00edces. Tambi\u00e9n prestamos servicios profesionales a los bienes inmuebles tanto desde el punto de vista t\u00e9cnico como desde el punto de vista econ\u00f3mico. Nuestro equipo es especialistas a quienes apenas seleccionamos en pleno personal hambre Rep\u00fablica Dominicana. Mantenemos un alto nivel de servicio, y nuestros expertos saben exactamente cu\u00e1l es la dosis de cloro y \u00e1cido clorh\u00eddrico. <\/span><\/p>\n<p>Servicio este concepto incluye no s\u00f3lo el trabajo de servicio, sino tambi\u00e9n el concepto de gesti\u00f3n inmobiliaria compleja. Nuestra ventaja es que utilizando todos los recursos, casi en tiempo real supervisamos las solicitudes m\u00e1s cercanas de los inquilinos, y cuando hay una necesidad de una reuni\u00f3n crucial para hacer una transacci\u00f3n importante, la organizamos, utilizando sus fuertes conexiones con los tomadores de decisiones.<\/p>\n<p>Aunque las matem\u00e1ticas de los alquileres a corto plazo son atractivas, el servicio inmobiliario a corto plazo es mucho m\u00e1s dif\u00edcil. Si usted o sus clientes planean invertir en la propiedad de Airbnb, tendr\u00e1 que familiarizarse con las reglas, las listas de pr\u00e1cticas, las comunicaciones, las operaciones y las expectativas de los hu\u00e9spedes que a menudo se corresponden con el nivel del hotel. Esto requiere habilidad, planificaci\u00f3n y un sentido de hospitalidad.<\/p>\n<p>[\/vc_column_text][\/vc_column][\/vc_row][vc_row][vc_column]\n\t\t\t<!-- START airbnb REVOLUTION SLIDER 6.7.20 --><p class=\"rs-p-wp-fix\"><\/p>\n\t\t\t<rs-module-wrap id=\"rev_slider_21_1_wrapper\" data-source=\"gallery\" style=\"visibility:hidden;background:transparent;padding:0;margin:0px auto;margin-top:0;margin-bottom:0;\">\n\t\t\t\t<rs-module id=\"rev_slider_21_1\" style=\"\" data-version=\"6.7.20\">\n\t\t\t\t\t<rs-slides style=\"overflow: hidden; position: absolute;\">\n\t\t\t\t\t\t<rs-slide style=\"position: absolute;\" data-key=\"rs-71\" data-title=\"Slide\" data-anim=\"adpr:false;\">\n\t\t\t\t\t\t\t<img decoding=\"async\" src=\"\/\/domconst.com\/wp-content\/plugins\/revslider\/sr6\/assets\/assets\/dummy.png\" alt=\"Slide\" title=\"Servicio gestion\" class=\"rev-slidebg tp-rs-img rs-lazyload\" data-lazyload=\"\/\/domconst.com\/wp-content\/plugins\/revslider\/sr6\/assets\/assets\/transparent.png\" data-no-retina>\n<!--\n\t\t\t\t\t\t\t--><rs-layer\n\t\t\t\t\t\t\t\tid=\"slider-21-slide-71-layer-1\" \n\t\t\t\t\t\t\t\tclass=\"rs-layer-video intrinsic-ignore\"\n\t\t\t\t\t\t\t\tdata-type=\"video\"\n\t\t\t\t\t\t\t\tdata-rsp_ch=\"on\"\n\t\t\t\t\t\t\t\tdata-xy=\"x:-3px;y:2px;\"\n\t\t\t\t\t\t\t\tdata-text=\"l:22;a:inherit;\"\n\t\t\t\t\t\t\t\tdata-dim=\"w:1246px;h:878px;\"\n\t\t\t\t\t\t\t\tdata-video=\"twa:false;vd:100;rwd:f;l:true;ptimer:false;nse:f;sav:f;sp:2;inl:f;\"\n\t\t\t\t\t\t\t\tdata-ytid=\"9bMZRtOceHk\"\n\t\t\t\t\t\t\t\tdata-vatr=\"version=3&amp;enablejsapi=1&amp;html5=1&amp;hd=1&amp;wmode=opaque&amp;showinfo=0&amp;rel=0&amp;origin=https:\/\/domconst.com;\"\n\t\t\t\t\t\t\t\tdata-frame_0=\"tp:600;\"\n\t\t\t\t\t\t\t\tdata-frame_1=\"tp:600;st:0;\"\n\t\t\t\t\t\t\t\tdata-frame_999=\"o:0;tp:600;st:w;sR:8700;\"\n\t\t\t\t\t\t\t\tstyle=\"z-index:5;\"\n\t\t\t\t\t\t\t>\n\t\t\t\t\t\t\t<\/rs-layer><!--\n-->\t\t\t\t\t<\/rs-slide>\n\t\t\t\t\t<\/rs-slides>\n\t\t\t\t<\/rs-module>\n\t\t\t\t<script>\n\t\t\t\t\tsetREVStartSize({c: 'rev_slider_21_1',rl:[1240,1024,778,480],el:[],gw:[1240],gh:[868],type:'standard',justify:'',layout:'fullwidth',mh:\"0\"});if (window.RS_MODULES!==undefined && window.RS_MODULES.modules!==undefined && window.RS_MODULES.modules[\"revslider211\"]!==undefined) {window.RS_MODULES.modules[\"revslider211\"].once = false;window.revapi21 = undefined;if (window.RS_MODULES.checkMinimal!==undefined) window.RS_MODULES.checkMinimal()}\n\t\t\t\t<\/script>\n\t\t\t\t<script src=\"https:\/\/www.youtube.com\/iframe_api\"><\/script>\n\t\t\t<\/rs-module-wrap>\n\t\t\t<!-- END REVOLUTION SLIDER -->\n[\/vc_column][\/vc_row][vc_row][vc_column][vc_column_text]<\/p>\n<h4>Servicio de propiedad de Airbnb.<\/h4>\n<p>&nbsp;<\/p>\n<p>Si usted est\u00e1 comprando una propiedad de <a href=\"\/?p=3968\">inversi\u00f3n,<\/a>probablemente sabe que muchos propietarios no quieren o no pueden hacer frente al servicio ellos mismos. Usted necesita tomar la decisi\u00f3n correcta de la empresa con el fin de dirigir a sus clientes a un gerente profesional local confiable para propiedades de alquiler a corto plazo. <span class=\"\">Gestionar una cartera de alquiler a corto plazo exitosa no es un trabajo f\u00e1cil. <\/span><\/p>\n<p><span class=\"\"> Los gerentes profesionales entienden que para optimizar el empleo y los ingresos que necesita para ver a tantas personas como sea posible. <\/span>Los anfitriones m\u00e1s exitosos de Airbnb y los administradores de propiedades profesionales se encuentran en varios sitios OTA (es decir, canales) para maximizar los ingresos por ventas. El software de gesti\u00f3n de canales (como Rentals United o BookingPal) es fundamental para evitar reservas dobles. <span class=\"\">Si no utiliza la gesti\u00f3n de canales y su propiedad se muestra en todas las OTA, las personas pueden reservar simult\u00e1neamente su propiedad en diferentes sitios de todo el mundo, y luego usted tiene que resolver el complejo problema de &#8220;reservas dobles.&#8221;<\/span><\/p>\n<p><span class=\"\"> Incluso si solo quieres publicar tu propiedad en Airbnb, pronto te sentir\u00e1s abrumado con los mensajes de los hu\u00e9spedes. <\/span><span class=\"goog-text-highlight\">(\u00bfSab\u00eda qu\u00e9: Airbnb eval\u00faa y muestra su propiedad dependiendo de la rapidez con la que responda al mensaje?) Un buen sistema de PMS le permitir\u00e1 automatizar muchas de las preguntas m\u00e1s comunes que los hu\u00e9spedes har\u00e1n. <\/span><\/p>\n<p>Adem\u00e1s, tambi\u00e9n es necesario tener control de la calidad de la limpieza y el mantenimiento del inmueble. Nuestros especialistas llevan a cabo un doble control de calidad de los servicios. Aquellos que conocen la Rep\u00fablica Dominicana de primera mano saben c\u00f3mo no s\u00f3lo organizar la limpieza de alta calidad o la reparaci\u00f3n de una lavadora. Sin embargo, hemos alcanzado un cierto nivel en el mantenimiento de nuestras propiedades.[\/vc_column_text][\/vc_column][\/vc_row][vc_row][vc_column][vc_icon type=&#8221;monosocial&#8221; icon_monosocial=&#8221;vc-mono vc-mono-spotify&#8221; background_style=&#8221;rounded-less&#8221; background_color=&#8221;turquoise&#8221; align=&#8221;center&#8221; css_animation=&#8221;bounceIn&#8221;][\/vc_column][\/vc_row]<\/p>\n<\/div>","protected":false},"excerpt":{"rendered":"<p>[vc_row][vc_column][vc_column_text] Servicio gestion Nuestros principales especialistas, gerentes de bienes ra\u00edces, arrendadores profesionales, proporcionar\u00e1n cualquier asistencia en la gesti\u00f3n de bienes ra\u00edces. Tambi\u00e9n prestamos servicios profesionales a los bienes inmuebles tanto desde el punto de vista t\u00e9cnico como desde el punto de vista econ\u00f3mico. Nuestro equipo es especialistas a quienes apenas seleccionamos en pleno personal hambre [&hellip;]<\/p>\n","protected":false},"author":3,"featured_media":0,"parent":0,"menu_order":0,"comment_status":"closed","ping_status":"closed","template":"","meta":{"footnotes":""},"yst_prominent_words":[],"class_list":["post-15923","page","type-page","status-publish","hentry"],"_links":{"self":[{"href":"https:\/\/domconst.com\/es\/wp-json\/wp\/v2\/pages\/15923","targetHints":{"allow":["GET"]}}],"collection":[{"href":"https:\/\/domconst.com\/es\/wp-json\/wp\/v2\/pages"}],"about":[{"href":"https:\/\/domconst.com\/es\/wp-json\/wp\/v2\/types\/page"}],"author":[{"embeddable":true,"href":"https:\/\/domconst.com\/es\/wp-json\/wp\/v2\/users\/3"}],"replies":[{"embeddable":true,"href":"https:\/\/domconst.com\/es\/wp-json\/wp\/v2\/comments?post=15923"}],"version-history":[{"count":0,"href":"https:\/\/domconst.com\/es\/wp-json\/wp\/v2\/pages\/15923\/revisions"}],"wp:attachment":[{"href":"https:\/\/domconst.com\/es\/wp-json\/wp\/v2\/media?parent=15923"}],"wp:term":[{"taxonomy":"yst_prominent_words","embeddable":true,"href":"https:\/\/domconst.com\/es\/wp-json\/wp\/v2\/yst_prominent_words?post=15923"}],"curies":[{"name":"wp","href":"https:\/\/api.w.org\/{rel}","templated":true}]}}