{"id":11076,"date":"2019-04-02T20:55:34","date_gmt":"2019-04-03T00:55:34","guid":{"rendered":"http:\/\/domconst.com\/servicios-de-construccion\/"},"modified":"2019-05-19T20:19:11","modified_gmt":"2019-05-20T00:19:11","slug":"servicios-de-construccion","status":"publish","type":"page","link":"https:\/\/domconst.com\/es\/servicios-de-construccion\/","title":{"rendered":"Los servicios de construcci\u00f3n"},"content":{"rendered":"<h3><strong>CONSTRUCCI\u00d3N INMOBILIARIA EN LA REP\u00daBLICA DOMINICANA<\/strong><br \/>\n<strong>Servicios ofrecidos:<\/strong><\/h3>\n<ul>\n<li>Nuestra empresa est\u00e1 preparada para iniciar la construcci\u00f3n de objetos de cualquier nivel de complejidad desde cero: desde el desarrollo de la documentaci\u00f3n del proyecto hasta la puesta en marcha;<\/li>\n<li>Desarrollamos el dise\u00f1o de inmuebles, coordinamos con el cliente todos los detalles y ofrecemos un enfoque integral para resolver las tareas con el uso de nuevas tecnolog\u00edas;<\/li>\n<li>Realizamos la coordinaci\u00f3n y desarrollo de la documentaci\u00f3n de dise\u00f1o y estimaci\u00f3n;<\/li>\n<li>Estamos comprometidos en la construcci\u00f3n de cualquier objeto, incluyendo garajes, piscina, jard\u00edn, etc.;<\/li>\n<li>Para obtener todos los beneficios del clima soleado, le sugerimos que utilice el servicio de instalaci\u00f3n de paneles solares, lo que le ahorrar\u00e1 gastos relacionados con la electricidad.<\/li>\n<\/ul>\n<p>El per\u00edodo de construcci\u00f3n para un edificio de una planta es de 4 meses.<br \/>\nNuestros agentes est\u00e1n listos para ayudarle en su idioma: ruso, espa\u00f1ol e ingl\u00e9s.<\/p>\n<p><strong>Nuestras ventajas:<\/strong><\/p>\n<ul>\n<li>Alta calidad de trabajo;<\/li>\n<li>Trabajadores competentes, brigadas especializadas;<\/li>\n<li><a href=\"https:\/\/domconst.com\/d0bcd0bed0b4d0b5d0bbd0b8-d0b4d0bed0bcd0bed0b2-d0b2-3d\/\">Propios proyectos<\/a>;<\/li>\n<li>Pago a plazos, pago por cr\u00e9dito;<\/li>\n<li>Enfoque individual para cada cliente;<\/li>\n<li>Pol\u00edtica de precios flexible;<\/li>\n<li>Posibilidad de proporcionar recomendaciones;<\/li>\n<li>Uso de tecnolog\u00edas avanzadas;<\/li>\n<li>B\u00fasqueda y uso de <a href=\"https:\/\/domconst.com\/d0b2d18bd0b1d0bed180-d0bcd0b0d182d0b5d180d0b8d0b0d0bbd0bed0b2\/\">materiales de calidad<\/a>;<\/li>\n<li>Seguridad<\/li>\n<li>Proyecto llave en mano y construcci\u00f3n desde cero.<\/li>\n<\/ul>\n<p><strong>Nuestros proyectos:<\/strong><\/p>\n<ul>\n<li>Tropical casa Laguna es una g\u00f3ndola de 112 estudios y apartamentos se encuentra en el centro de Cabarete;<\/li>\n<li>White Colibri es un condonat que se encuentra en la urbanizaci\u00f3n <a href=\"https:\/\/domconst.com\/perla-marina\/\">Perla Marina<\/a><\/li>\n<li>Residence Casa Linda # 845 # 846 # 878 # 904 # 913 # 947 #746<\/li>\n<li><a href=\"https:\/\/domconst.com\/sosua-ocean-village\/\">Sosua Ocean Village<\/a> #22, #65, #62a, #62b.<\/li>\n<li>Cabarete Green Garden<\/li>\n<\/ul>\n<p><img fetchpriority=\"high\" decoding=\"async\" class=\"alignnone size-medium wp-image-10434\" src=\"https:\/\/domconst.com\/wp-content\/uploads\/2018\/12\/IMG-20181101-WA0140-300x169.jpg\" alt=\"\" width=\"300\" height=\"169\" srcset=\"https:\/\/domconst.com\/wp-content\/uploads\/2018\/12\/IMG-20181101-WA0140-300x169.jpg 300w, https:\/\/domconst.com\/wp-content\/uploads\/2018\/12\/IMG-20181101-WA0140-768x432.jpg 768w, https:\/\/domconst.com\/wp-content\/uploads\/2018\/12\/IMG-20181101-WA0140-1024x576.jpg 1024w, https:\/\/domconst.com\/wp-content\/uploads\/2018\/12\/IMG-20181101-WA0140-150x84.jpg 150w, https:\/\/domconst.com\/wp-content\/uploads\/2018\/12\/IMG-20181101-WA0140-350x197.jpg 350w, https:\/\/domconst.com\/wp-content\/uploads\/2018\/12\/IMG-20181101-WA0140-853x480.jpg 853w, https:\/\/domconst.com\/wp-content\/uploads\/2018\/12\/IMG-20181101-WA0140.jpg 1280w\" sizes=\"(max-width: 300px) 100vw, 300px\" \/><\/p>\n<p>Los gerentes de nuestra empresa siempre intentan ser conscientes de las nuevas tecnolog\u00edas en el campo de la construcci\u00f3n, mejorar constantemente sus habilidades, lo que nos permite proporcionar informaci\u00f3n completa y confiable sobre su proyecto elegido, y dar consejos al <a href=\"https:\/\/domconst.com\/d0b2d18bd0b1d0bed180-d0bcd0b0d182d0b5d180d0b8d0b0d0bbd0bed0b2\/\">elegir de materiales<\/a>.<\/p>\n<p><strong>Vamos a construir para usted la casa de sus sue\u00f1os en sus condiciones y al mejor precio para usted!<\/strong><\/p>\n","protected":false},"excerpt":{"rendered":"<p>CONSTRUCCI\u00d3N INMOBILIARIA EN LA REP\u00daBLICA DOMINICANA Servicios ofrecidos: Nuestra empresa est\u00e1 preparada para iniciar la construcci\u00f3n de objetos de cualquier nivel de complejidad desde cero: desde el desarrollo de la documentaci\u00f3n del proyecto hasta la puesta en marcha; Desarrollamos el dise\u00f1o de inmuebles, coordinamos con el cliente todos los detalles y ofrecemos un enfoque integral [&hellip;]<\/p>\n","protected":false},"author":3,"featured_media":0,"parent":0,"menu_order":0,"comment_status":"closed","ping_status":"closed","template":"","meta":{"footnotes":""},"yst_prominent_words":[],"class_list":["post-11076","page","type-page","status-publish","hentry"],"_links":{"self":[{"href":"https:\/\/domconst.com\/es\/wp-json\/wp\/v2\/pages\/11076","targetHints":{"allow":["GET"]}}],"collection":[{"href":"https:\/\/domconst.com\/es\/wp-json\/wp\/v2\/pages"}],"about":[{"href":"https:\/\/domconst.com\/es\/wp-json\/wp\/v2\/types\/page"}],"author":[{"embeddable":true,"href":"https:\/\/domconst.com\/es\/wp-json\/wp\/v2\/users\/3"}],"replies":[{"embeddable":true,"href":"https:\/\/domconst.com\/es\/wp-json\/wp\/v2\/comments?post=11076"}],"version-history":[{"count":0,"href":"https:\/\/domconst.com\/es\/wp-json\/wp\/v2\/pages\/11076\/revisions"}],"wp:attachment":[{"href":"https:\/\/domconst.com\/es\/wp-json\/wp\/v2\/media?parent=11076"}],"wp:term":[{"taxonomy":"yst_prominent_words","embeddable":true,"href":"https:\/\/domconst.com\/es\/wp-json\/wp\/v2\/yst_prominent_words?post=11076"}],"curies":[{"name":"wp","href":"https:\/\/api.w.org\/{rel}","templated":true}]}}