{"id":10988,"date":"2019-03-31T21:54:01","date_gmt":"2019-04-01T01:54:01","guid":{"rendered":"http:\/\/domconst.com\/centered-header\/"},"modified":"2020-04-07T16:57:29","modified_gmt":"2020-04-07T20:57:29","slug":"centered-header","status":"publish","type":"page","link":"https:\/\/domconst.com\/es\/centered-header\/","title":{"rendered":"Lomas Mironas"},"content":{"rendered":"<div class=\"wpb-content-wrapper\"><p>[vc_row content_width=&#8221;grid&#8221; css=&#8221;.vc_custom_1586287887048{padding-top: 35px !important;}&#8221;][vc_column]\n\t\t\t<!-- START Lomas Mironas REVOLUTION SLIDER 6.7.20 --><p class=\"rs-p-wp-fix\"><\/p>\n\t\t\t<rs-module-wrap id=\"rev_slider_16_1_wrapper\" data-source=\"gallery\" style=\"visibility:hidden;background:transparent;padding:0;margin:0px auto;margin-top:0;margin-bottom:0;\">\n\t\t\t\t<rs-module id=\"rev_slider_16_1\" style=\"\" data-version=\"6.7.20\">\n\t\t\t\t\t<rs-slides style=\"overflow: hidden; position: absolute;\">\n\t\t\t\t\t\t<rs-slide style=\"position: absolute;\" data-key=\"rs-63\" data-title=\"Slide\" data-anim=\"adpr:false;\">\n\t\t\t\t\t\t\t<img decoding=\"async\" src=\"\/\/domconst.com\/wp-content\/plugins\/revslider\/sr6\/assets\/assets\/dummy.png\" alt=\"Slide\" title=\"Lomas Mironas\" class=\"rev-slidebg tp-rs-img rs-lazyload\" data-lazyload=\"\/\/domconst.com\/wp-content\/plugins\/revslider\/sr6\/assets\/assets\/transparent.png\" data-no-retina>\n<!--\n\t\t\t\t\t\t\t--><rs-layer\n\t\t\t\t\t\t\t\tid=\"slider-16-slide-63-layer-1\" \n\t\t\t\t\t\t\t\tdata-type=\"image\"\n\t\t\t\t\t\t\t\tdata-rsp_ch=\"on\"\n\t\t\t\t\t\t\t\tdata-xy=\"x:c;y:m;\"\n\t\t\t\t\t\t\t\tdata-text=\"l:22;a:inherit;\"\n\t\t\t\t\t\t\t\tdata-dim=\"w:[&#039;1280px&#039;,&#039;1280px&#039;,&#039;1280px&#039;,&#039;1280px&#039;];h:[&#039;450px&#039;,&#039;450px&#039;,&#039;450px&#039;,&#039;450px&#039;];\"\n\t\t\t\t\t\t\t\tdata-frame_0=\"tp:600;\"\n\t\t\t\t\t\t\t\tdata-frame_1=\"tp:600;st:0;\"\n\t\t\t\t\t\t\t\tdata-frame_999=\"o:0;tp:600;st:w;sR:8700;\"\n\t\t\t\t\t\t\t\tstyle=\"z-index:5;\"\n\t\t\t\t\t\t\t><img fetchpriority=\"high\" decoding=\"async\" src=\"\/\/domconst.com\/wp-content\/plugins\/revslider\/sr6\/assets\/assets\/dummy.png\" alt=\"\" class=\"tp-rs-img rs-lazyload\" width=\"1280\" height=\"450\" data-lazyload=\"\/\/domconst.com\/wp-content\/uploads\/2019\/06\/\u0442\u0438\u0442\u0443\u043b.png\" data-no-retina> \n\t\t\t\t\t\t\t<\/rs-layer><!--\n\n\t\t\t\t\t\t\t--><rs-layer\n\t\t\t\t\t\t\t\tid=\"slider-16-slide-63-layer-2\" \n\t\t\t\t\t\t\t\tdata-type=\"text\"\n\t\t\t\t\t\t\t\tdata-rsp_ch=\"on\"\n\t\t\t\t\t\t\t\tdata-xy=\"x:c;y:m;\"\n\t\t\t\t\t\t\t\tdata-text=\"s:60;l:22;fw:700;a:inherit;\"\n\t\t\t\t\t\t\t\tdata-frame_0=\"o:1;tp:600;\"\n\t\t\t\t\t\t\t\tdata-frame_1=\"tp:600;sp:2130;sR:10;\"\n\t\t\t\t\t\t\t\tdata-frame_999=\"o:0;tp:600;st:w;sR:6860;\"\n\t\t\t\t\t\t\t\tstyle=\"z-index:6;font-family:'Roboto';\"\n\t\t\t\t\t\t\t>LOMAS MIRONAS \n\t\t\t\t\t\t\t<\/rs-layer><!--\n\n\t\t\t\t\t\t\t--><rs-layer\n\t\t\t\t\t\t\t\tid=\"slider-16-slide-63-layer-3\" \n\t\t\t\t\t\t\t\tdata-type=\"text\"\n\t\t\t\t\t\t\t\tdata-rsp_ch=\"on\"\n\t\t\t\t\t\t\t\tdata-xy=\"x:c;xo:-38px;y:m;yo:45px;\"\n\t\t\t\t\t\t\t\tdata-text=\"l:22;a:inherit;\"\n\t\t\t\t\t\t\t\tdata-frame_0=\"x:-100%;o:1;tp:600;\"\n\t\t\t\t\t\t\t\tdata-frame_0_mask=\"u:t;\"\n\t\t\t\t\t\t\t\tdata-frame_1=\"tp:600;sp:1200;sR:10;\"\n\t\t\t\t\t\t\t\tdata-frame_1_mask=\"u:t;\"\n\t\t\t\t\t\t\t\tdata-frame_999=\"o:0;tp:600;st:w;sR:7790;\"\n\t\t\t\t\t\t\t\tstyle=\"z-index:7;font-family:'Roboto Condensed';\"\n\t\t\t\t\t\t\t>Great for living with ocean views. \n\t\t\t\t\t\t\t<\/rs-layer><!--\n-->\t\t\t\t\t<\/rs-slide>\n\t\t\t\t\t<\/rs-slides>\n\t\t\t\t<\/rs-module>\n\t\t\t\t<script>\n\t\t\t\t\tsetREVStartSize({c: 'rev_slider_16_1',rl:[1240,1024,778,480],el:[],gw:[1240,1024,778,480],gh:[450,450,400,350],type:'standard',justify:'',layout:'fullwidth',mh:\"0\"});if (window.RS_MODULES!==undefined && window.RS_MODULES.modules!==undefined && window.RS_MODULES.modules[\"revslider161\"]!==undefined) {window.RS_MODULES.modules[\"revslider161\"].once = false;window.revapi16 = undefined;if (window.RS_MODULES.checkMinimal!==undefined) window.RS_MODULES.checkMinimal()}\n\t\t\t\t<\/script>\n\t\t\t<\/rs-module-wrap>\n\t\t\t<!-- END REVOLUTION SLIDER -->\n[vc_separator][vc_column_text]<\/p>\n<h1 class=\"font_2\" style=\"text-align: center\"><span class=\"color_28\">Hermoso estilo de vida-una gran inversi\u00f3n<\/span><\/h1>\n<p>[\/vc_column_text][vc_column_text]<span style=\"font-weight: 400\">Complex<\/span> <b>Lomas Mironas<\/b> <span style=\"font-weight: 400\">ofrece parcelas de tierra de<\/span> <b>960 sq. m<\/b>. <span style=\"font-weight: 400\">hasta<\/span> <b>1570 sq. m.<\/b><span style=\"font-weight: 400\">En el que la empresa construir\u00e1 la Villa de acuerdo con el proyecto elegido. De una planta o de dos plantas, con dos o tres dormitorios y una piscina privada. Desde la acogedora casa de campo <\/span><b>148 sq. m.<\/b> <span style=\"font-weight: 400\">a la espaciosa casa con tres amplios dormitorios y cuatro ba\u00f1os con una zona<\/span> <b>540 sq. m.<\/b>[\/vc_column_text][vc_separator][\/vc_column][vc_column][\/vc_column][\/vc_row][vc_row css_animation=&#8221;mkd-element-from-bottom&#8221; content_width=&#8221;grid&#8221; content_aligment=&#8221;center&#8221; transition_delay=&#8221;200&#8243; css=&#8221;.vc_custom_1468310071591{padding-top: 88px !important;padding-bottom: 33px !important;}&#8221;][vc_column width=&#8221;1\/3&#8243; css=&#8221;.vc_custom_1465203804881{padding-right: 30px !important;padding-left: 30px !important;}&#8221; offset=&#8221;vc_col-lg-offset-0 vc_col-lg-4 vc_col-md-offset-3 vc_col-md-6 vc_col-sm-offset-0&#8243;][vc_single_image image=&#8221;11379&#8243; img_size=&#8221;full&#8221; alignment=&#8221;center&#8221;][vc_column_text]<\/p>\n<h2 style=\"text-align: center\">Playa solo<br \/>\nEl alojamiento se encuentra a 5 minutos en auto<\/h2>\n<p>[\/vc_column_text][\/vc_column][vc_column width=&#8221;1\/3&#8243; css=&#8221;.vc_custom_1465203815401{padding-right: 30px !important;padding-left: 30px !important;}&#8221; offset=&#8221;vc_col-lg-offset-0 vc_col-lg-4 vc_col-md-offset-3 vc_col-md-6 vc_col-sm-offset-0&#8243;][vc_single_image image=&#8221;11388&#8243; img_size=&#8221;full&#8221; alignment=&#8221;center&#8221;][vc_column_text]<\/p>\n<h2 style=\"text-align: center\">Protecci\u00f3n<br \/>\n24\/7<\/h2>\n<p>[\/vc_column_text][\/vc_column][vc_column width=&#8221;1\/3&#8243; css=&#8221;.vc_custom_1465203825848{padding-right: 30px !important;padding-left: 30px !important;}&#8221; offset=&#8221;vc_col-lg-offset-0 vc_col-lg-4 vc_col-md-offset-3 vc_col-md-6&#8243;][vc_single_image image=&#8221;11514&#8243; img_size=&#8221;full&#8221; alignment=&#8221;center&#8221;][vc_column_text]<\/p>\n<h2 style=\"text-align: center\">tropical<br \/>\njard\u00edn con palmas de coco<\/h2>\n<p>[\/vc_column_text][\/vc_column][\/vc_row][vc_row content_width=&#8221;grid&#8221;][vc_column][vc_separator][vc_column_text]<span style=\"font-weight: 400\">Todas las villas est\u00e1n dise\u00f1adas pensando en la tecnolog\u00eda moderna. Las ventanas panor\u00e1micas permiten dejar en las habitaciones el m\u00e1ximo de luz solar a expensas de las cuales las habitaciones parecen a\u00fan m\u00e1s, m\u00e1s espaciosas. <\/span><\/p>\n<p><span style=\"font-weight: 400\">seguridad 24 horas<\/span> <b>Lomas Mironas<\/b><span style=\"font-weight: 400\"> Proporciona seguridad total a sus residentes. Hay varios supermercados en el establecimiento. En las cercan\u00edas se encuentran hospitales, campos de golf y canchas de tenis. Los aficionados de la recreaci\u00f3n activa esperan buceo, surf, senderismo, paseos a caballo. A solo 5 minutos en coche del complejo <\/span><b>Lomas Mironas<\/b> <span style=\"font-weight: 400\">Hay una tranquila playa aislada.<\/span>[\/vc_column_text][vc_separator][\/vc_column][\/vc_row][vc_row css_animation=&#8221;mkd-element-from-bottom&#8221; content_width=&#8221;grid&#8221; transition_delay=&#8221;400&#8243; css=&#8221;.vc_custom_1468310078280{padding-top: 80px !important;padding-bottom: 53px !important;}&#8221;][vc_column width=&#8221;1\/3&#8243; offset=&#8221;vc_col-lg-4 vc_col-md-6&#8243;][vc_single_image image=&#8221;11457&#8243; img_size=&#8221;full&#8221; alignment=&#8221;center&#8221;][vc_column_text]<\/p>\n<h2 style=\"text-align: center\"><a href=\"http:\/\/domconst.com\/%D0%BF%D1%80%D0%BE%D0%B4%D0%B0%D0%B6%D0%B0\/\">Venta<\/a><\/h2>\n<p>[\/vc_column_text][vc_btn title=&#8221;Consulte con el gerente&#8221; style=&#8221;3d&#8221; color=&#8221;peacoc&#8221; align=&#8221;right&#8221; css_animation=&#8221;fadeInLeftBig&#8221; link=&#8221;url:https%3A%2F%2Fwa.me%2F18299882420%3Ftext%3DHi%2C%2520my%2520name%2520&#8230;..%2520I%2520want%2520to%2520know%2520more%2520about%2520the%2520construction%2520of%2520the%2520Villa|&#8221;][\/vc_column][vc_column width=&#8221;1\/3&#8243; offset=&#8221;vc_col-lg-4 vc_col-md-6&#8243;][vc_single_image image=&#8221;11454&#8243; img_size=&#8221;full&#8221; alignment=&#8221;center&#8221;][vc_column_text]<\/p>\n<h2 style=\"text-align: center\"><a href=\"http:\/\/domconst.com\/%D0%B0%D1%80%D0%B5%D0%BD%D0%B4%D0%B0-%D0%B2%D0%B8%D0%BB%D0%BB\/\">Alquiler<\/a><\/h2>\n<p>[\/vc_column_text][vc_btn title=&#8221;\u00bfD\u00f3nde est\u00e1?&#8221; style=&#8221;3d&#8221; align=&#8221;center&#8221; link=&#8221;url:https%3A%2F%2Fgoo.gl%2Fmaps%2FhV6E5N74c2Wxz6Sm8|&#8221;][\/vc_column][vc_column width=&#8221;1\/3&#8243; offset=&#8221;vc_col-lg-4 vc_col-md-12&#8243;][vc_single_image image=&#8221;11460&#8243; img_size=&#8221;full&#8221; alignment=&#8221;center&#8221;][vc_column_text]<\/p>\n<h2 style=\"text-align: center\"><a href=\"http:\/\/domconst.com\/%D1%81%D1%82%D1%80%D0%BE%D0%B8%D1%82%D0%B5%D0%BB%D1%8C%D0%BD%D1%8B%D0%B5-%D1%83%D1%81%D0%BB%D1%83%D0%B3%D0%B8\/\">Construcci\u00f3n<\/a><\/h2>\n<p>[\/vc_column_text][vc_btn title=&#8221;Calcular el coste&#8221; style=&#8221;3d&#8221; color=&#8221;sky&#8221; align=&#8221;left&#8221; css_animation=&#8221;fadeInRight&#8221; link=&#8221;url:https%3A%2F%2Fdomconst.com%2Fes%2Fmodelos-casas-3d%2Fcalculadora-para-compradores%2F|title:Calculadora%20para%20compradores|target:%20_blank|&#8221;][\/vc_column][\/vc_row][vc_row content_width=&#8221;grid&#8221;][vc_column][vc_separator][vc_column_text]<span style=\"font-weight: 400\">Usted elige un sitio adecuado y el proyecto de su futura Villa, y vamos a erigir por orden, haciendo de su sue\u00f1o caribe\u00f1o una realidad. La administraci\u00f3n del complejo <\/span><b>Lomas Mironas<\/b><span style=\"font-weight: 400\"> Ofrece servicios de gesti\u00f3n inmobiliaria. La administraci\u00f3n de <b>Lomas Mironas<\/b> alquilar\u00e1 su propiedad en su ausencia y proporcionar\u00e1 el pedido y los pagos oportunos.<\/span><\/p>\n<p><span style=\"font-weight: 400\">Comprar una villa en<\/span> <b>Lomas Mironas<\/b> , <span style=\"font-weight: 400\">usted hace no s\u00f3lo una inversi\u00f3n rentable, sino tambi\u00e9n conseguir puestas de sol inolvidables y amaneceres, el ruido de las olas y un estilo de vida especial del Caribe.<\/span>[\/vc_column_text][\/vc_column][\/vc_row][vc_row][vc_column][\/vc_column][\/vc_row][vc_row][vc_column][\/vc_column][\/vc_row][vc_row][vc_column][\/vc_column][\/vc_row]<\/p>\n<\/div>","protected":false},"excerpt":{"rendered":"<p>[vc_row content_width=&#8221;grid&#8221; css=&#8221;.vc_custom_1586287887048{padding-top: 35px !important;}&#8221;][vc_column][vc_separator][vc_column_text] Hermoso estilo de vida-una gran inversi\u00f3n [\/vc_column_text][vc_column_text]Complex Lomas Mironas ofrece parcelas de tierra de 960 sq. m. hasta 1570 sq. m.En el que la empresa construir\u00e1 la Villa de acuerdo con el proyecto elegido. De una planta o de dos plantas, con dos o tres dormitorios y una piscina privada. [&hellip;]<\/p>\n","protected":false},"author":3,"featured_media":0,"parent":0,"menu_order":0,"comment_status":"closed","ping_status":"closed","template":"","meta":{"footnotes":""},"yst_prominent_words":[],"class_list":["post-10988","page","type-page","status-publish","hentry"],"_links":{"self":[{"href":"https:\/\/domconst.com\/es\/wp-json\/wp\/v2\/pages\/10988","targetHints":{"allow":["GET"]}}],"collection":[{"href":"https:\/\/domconst.com\/es\/wp-json\/wp\/v2\/pages"}],"about":[{"href":"https:\/\/domconst.com\/es\/wp-json\/wp\/v2\/types\/page"}],"author":[{"embeddable":true,"href":"https:\/\/domconst.com\/es\/wp-json\/wp\/v2\/users\/3"}],"replies":[{"embeddable":true,"href":"https:\/\/domconst.com\/es\/wp-json\/wp\/v2\/comments?post=10988"}],"version-history":[{"count":0,"href":"https:\/\/domconst.com\/es\/wp-json\/wp\/v2\/pages\/10988\/revisions"}],"wp:attachment":[{"href":"https:\/\/domconst.com\/es\/wp-json\/wp\/v2\/media?parent=10988"}],"wp:term":[{"taxonomy":"yst_prominent_words","embeddable":true,"href":"https:\/\/domconst.com\/es\/wp-json\/wp\/v2\/yst_prominent_words?post=10988"}],"curies":[{"name":"wp","href":"https:\/\/api.w.org\/{rel}","templated":true}]}}