{"id":10970,"date":"2019-03-29T22:27:26","date_gmt":"2019-03-30T02:27:26","guid":{"rendered":"http:\/\/domconst.com\/seleccion-de-materiales\/"},"modified":"2019-03-29T22:27:26","modified_gmt":"2019-03-30T02:27:26","slug":"seleccion-de-materiales","status":"publish","type":"page","link":"https:\/\/domconst.com\/es\/seleccion-de-materiales\/","title":{"rendered":"Selecci\u00f3n de materiales"},"content":{"rendered":"<p>Hoy, cada segundo hombre en el mundo quiere construir una casa, cada 100 personas quieren construirla en la Rep\u00fablica Dominicana. La situaci\u00f3n en las grandes ciudades cada a\u00f1o se vuelve m\u00e1s y m\u00e1s triste.<\/p>\n<p>Cualquier construcci\u00f3n es siempre larga, bastante cara y tediosa. Puedes construir una buena casa solo con materiales de construcci\u00f3n de alta calidad. Su elecci\u00f3n es una tarea responsable, tanto para el propietario como para el capataz. Despu\u00e9s de todo, si el propietario de la futura casa no entiende nada al respecto, el capataz simplemente tiene que se\u00f1alar las deficiencias a la vista de un producto de mala calidad. Elegimos los materiales de la m\u00e1s alta calidad.<\/p>\n<p>Antes de que finalmente realice una compra en la pluma de una tienda de construcci\u00f3n, le recomendamos que no sea demasiado perezoso, pase tiempo y visite varios supermercados para comparar los precios de las principales posiciones. Garantizamos que cualquier producto puede ser encontrado muchas veces m\u00e1s barato si lo desea.<\/p>\n<p>La compra necesitar\u00e1 una cantidad bastante grande de bienes. Necesitar\u00e1 comprar arena de construcci\u00f3n, proporcionar equipo a los trabajadores, etc. Por lo tanto, escribe una lista de todos los m\u00e1s necesarios. En muchas tiendas, si gasta una gran cantidad, se le ofrece una tarjeta de descuento.<\/p>\n<p>Algunos puntos de venta ofrecen entrega gratuita de materiales como bonificaci\u00f3n. Aqu\u00ed hay algunas opciones para ahorrar en la compra. Pero no recoja muchas unidades de cada material de construcci\u00f3n. Despu\u00e9s de todo, no necesitar\u00e1 bolsas de cemento al final de la construcci\u00f3n. Es mejor, si es necesario, ir y comprar todo lo que necesita.<\/p>\n","protected":false},"excerpt":{"rendered":"<p>Hoy, cada segundo hombre en el mundo quiere construir una casa, cada 100 personas quieren construirla en la Rep\u00fablica Dominicana. La situaci\u00f3n en las grandes ciudades cada a\u00f1o se vuelve m\u00e1s y m\u00e1s triste. Cualquier construcci\u00f3n es siempre larga, bastante cara y tediosa. Puedes construir una buena casa solo con materiales de construcci\u00f3n de alta [&hellip;]<\/p>\n","protected":false},"author":31,"featured_media":0,"parent":0,"menu_order":0,"comment_status":"closed","ping_status":"closed","template":"","meta":{"footnotes":""},"yst_prominent_words":[],"class_list":["post-10970","page","type-page","status-publish","hentry"],"_links":{"self":[{"href":"https:\/\/domconst.com\/es\/wp-json\/wp\/v2\/pages\/10970","targetHints":{"allow":["GET"]}}],"collection":[{"href":"https:\/\/domconst.com\/es\/wp-json\/wp\/v2\/pages"}],"about":[{"href":"https:\/\/domconst.com\/es\/wp-json\/wp\/v2\/types\/page"}],"author":[{"embeddable":true,"href":"https:\/\/domconst.com\/es\/wp-json\/wp\/v2\/users\/31"}],"replies":[{"embeddable":true,"href":"https:\/\/domconst.com\/es\/wp-json\/wp\/v2\/comments?post=10970"}],"version-history":[{"count":0,"href":"https:\/\/domconst.com\/es\/wp-json\/wp\/v2\/pages\/10970\/revisions"}],"wp:attachment":[{"href":"https:\/\/domconst.com\/es\/wp-json\/wp\/v2\/media?parent=10970"}],"wp:term":[{"taxonomy":"yst_prominent_words","embeddable":true,"href":"https:\/\/domconst.com\/es\/wp-json\/wp\/v2\/yst_prominent_words?post=10970"}],"curies":[{"name":"wp","href":"https:\/\/api.w.org\/{rel}","templated":true}]}}