{"id":10968,"date":"2019-03-29T22:22:34","date_gmt":"2019-03-30T02:22:34","guid":{"rendered":"http:\/\/domconst.com\/acerca-de-nuestra-compania\/"},"modified":"2019-09-24T18:10:20","modified_gmt":"2019-09-24T22:10:20","slug":"acerca-de-nuestra-compania","status":"publish","type":"page","link":"https:\/\/domconst.com\/es\/acerca-de-nuestra-compania\/","title":{"rendered":"Acerca de la empresa"},"content":{"rendered":"<h1>Acerca de DOMCONST SRL<\/h1>\n<p>Le damos la bienvenida al sitio web de Domconst SRL. Uno de los principales socios de Domconst SRL es una agencia inmobiliaria:<\/p>\n<h3>Coldwell Banker Amber Coast Realty<\/h3>\n<p>que han estado operando con \u00e9xito en el mercado inmobiliario por m\u00e1s de 10 a\u00f1os. Las principales actividades de las empresas son ventas, alquiler, construcci\u00f3n, apoyo legal. Le proporcionaremos toda la informaci\u00f3n que necesite y le asesoraremos en todos los temas relacionados con la adquisici\u00f3n o venta de bienes ra\u00edces en la Rep\u00fablica Dominicana.<\/p>\n<p><b>Domconst SRL ofrece una amplia gama de servicios en la Rep\u00fablica Dominicana, permitiendo a nuestros clientes hacer realidad sus deseos:<\/b><\/p>\n<ul type=\"circle\">\n<li>Construcci\u00f3n llave en mano con todos los permisos;<\/li>\n<li>Vender y alquilar una propiedad;<\/li>\n<li>B\u00fasqueda y selecci\u00f3n de propiedades;<\/li>\n<li>Ayuda con la organizaci\u00f3n del viaje de estudio;<\/li>\n<li>Conozca los objetos que m\u00e1s le gusten;<\/li>\n<li>Apoyo legal completo para la transacci\u00f3n;<\/li>\n<li>Asesoramiento en naturalizaci\u00f3n;<\/li>\n<li>Privacidad excepcional<\/li>\n<li>Correcci\u00f3n, claridad y precisi\u00f3n a lo largo de nuestra cooperaci\u00f3n.<\/li>\n<li>Mantenimiento de la propiedad.<\/li>\n<li>Servicio de administraci\u00f3n de gesti\u00f3n de viviendas<\/li>\n<\/ul>\n<p>Nuestro sitio web Domconst SRL proporciona extensas bases de datos para casi todos los sitios. Hemos intentado crear la herramienta m\u00e1s conveniente para usted, que le ayudar\u00e1 a resolver problemas como la construcci\u00f3n, venta y alquiler de inmuebles. En nuestro sitio web en l\u00ednea puede solicitar r\u00e1pidamente una selecci\u00f3n individual, venta o compra de bienes ra\u00edces. En nuestra oficina obtendr\u00e1 la informaci\u00f3n m\u00e1s detallada y confiable, lo que le permite tomar la decisi\u00f3n correcta y considerada.<\/p>\n<p><strong>Trabajamos 6 d\u00edas a la semana de 8 a.m. a 7 p.m.<\/strong><\/p>\n<p><b>Servicios adicionales:<\/b><\/p>\n<ul type=\"circle\">\n<li>Reuni\u00f3n en el aeropuerto;<\/li>\n<li>Ayuda con la organizaci\u00f3n del viaje de estudio;<\/li>\n<li>B\u00fasqueda y selecci\u00f3n de propiedades;<\/li>\n<li>Conozca los objetos que m\u00e1s le gusten;<\/li>\n<li>Arquitectura, trabajo de dise\u00f1o;<\/li>\n<li>Asesoramiento en naturalizaci\u00f3n;<\/li>\n<li>Registro: empresas, veh\u00edculos;<\/li>\n<li>Proporcionar veh\u00edculos con un conductor (salir o alquilar hasta 12 horas al d\u00eda);<\/li>\n<li>Servicio de pago de servicios p\u00fablicos;<\/li>\n<li>La protecci\u00f3n de su casa, el contrato con la empresa de seguridad;<\/li>\n<li>Ayudar a comprar veh\u00edculos, aviones, helic\u00f3pteros, yates, etc.;<\/li>\n<li>Apertura de su negocio (empresa, empresa, etc.);<\/li>\n<li>Pagar consumido todos los impuestos de su negocio (desde una cuenta separada o al recibir una transferencia);<\/li>\n<li>Excepcional privacidad.<\/li>\n<\/ul>\n<p>En nuestra oficina obtendr\u00e1 la informaci\u00f3n m\u00e1s detallada y confiable, lo que le permite tomar la decisi\u00f3n correcta y considerada.<\/p>\n<p><strong>Nuestra direcci\u00f3n: Provincia Puerto Plata, municipio Sosua, Cabarete, Calle Principal frente Panaderia Dick. Rep\u00fablica Dominicana, Domconst SRL.<\/strong><\/p>\n","protected":false},"excerpt":{"rendered":"<p>Acerca de DOMCONST SRL Le damos la bienvenida al sitio web de Domconst SRL. Uno de los principales socios de Domconst SRL es una agencia inmobiliaria: Coldwell Banker Amber Coast Realty que han estado operando con \u00e9xito en el mercado inmobiliario por m\u00e1s de 10 a\u00f1os. Las principales actividades de las empresas son ventas, alquiler, [&hellip;]<\/p>\n","protected":false},"author":3,"featured_media":0,"parent":0,"menu_order":0,"comment_status":"closed","ping_status":"closed","template":"","meta":{"footnotes":""},"yst_prominent_words":[],"class_list":["post-10968","page","type-page","status-publish","hentry"],"_links":{"self":[{"href":"https:\/\/domconst.com\/es\/wp-json\/wp\/v2\/pages\/10968","targetHints":{"allow":["GET"]}}],"collection":[{"href":"https:\/\/domconst.com\/es\/wp-json\/wp\/v2\/pages"}],"about":[{"href":"https:\/\/domconst.com\/es\/wp-json\/wp\/v2\/types\/page"}],"author":[{"embeddable":true,"href":"https:\/\/domconst.com\/es\/wp-json\/wp\/v2\/users\/3"}],"replies":[{"embeddable":true,"href":"https:\/\/domconst.com\/es\/wp-json\/wp\/v2\/comments?post=10968"}],"version-history":[{"count":0,"href":"https:\/\/domconst.com\/es\/wp-json\/wp\/v2\/pages\/10968\/revisions"}],"wp:attachment":[{"href":"https:\/\/domconst.com\/es\/wp-json\/wp\/v2\/media?parent=10968"}],"wp:term":[{"taxonomy":"yst_prominent_words","embeddable":true,"href":"https:\/\/domconst.com\/es\/wp-json\/wp\/v2\/yst_prominent_words?post=10968"}],"curies":[{"name":"wp","href":"https:\/\/api.w.org\/{rel}","templated":true}]}}