{"id":10951,"date":"2019-03-29T21:40:31","date_gmt":"2019-03-30T01:40:31","guid":{"rendered":"http:\/\/domconst.com\/construccion\/"},"modified":"2019-03-29T21:40:31","modified_gmt":"2019-03-30T01:40:31","slug":"construccion","status":"publish","type":"page","link":"https:\/\/domconst.com\/es\/construccion\/","title":{"rendered":"Construcci\u00f3n"},"content":{"rendered":"<h1>CONSTRUCCION DE INMUEBLES EN DOMINICANOS.<\/h1>\n<p>Cuando las personas piensan en construir una propiedad en un pa\u00eds tropical, no saben qu\u00e9 problemas pueden enfrentar. Pero os lo dir\u00e9 honestamente y en orden.<\/p>\n<ol>\n<li>La mayor\u00eda de los constructores en Rep\u00fablica Dominicana no tienen educaci\u00f3n, no trabajan de acuerdo con el plan y no saben por qu\u00e9 se necesita una fundaci\u00f3n y por qu\u00e9 no deber\u00eda haber agua en el techo.<\/li>\n<li>Yeso desigual, falta de \u00e1ngulos rectos.<\/li>\n<li>Desprecio total por la instalaci\u00f3n de equipos el\u00e9ctricos.<\/li>\n<li>La falta de centros de servicio para la reparaci\u00f3n y el mantenimiento de herramientas el\u00e9ctricas obliga a las personas a trabajar con un cincel y un martillo.<\/li>\n<\/ol>\n<p>Nos enfrentamos a estos y muchos otros problemas cuando comenzamos a construir un contrato con una compa\u00f1\u00eda local hace muchos a\u00f1os. Ya al comienzo de la construcci\u00f3n, qued\u00f3 claro que era imposible construir m\u00e1s. Y comenzamos a buscar una manera de mejorar el proceso de construcci\u00f3n. Hemos tomado el control de las comunicaciones y la estructura es el punto m\u00e1s d\u00e9bil de los ingenieros locales. M\u00e1s tarde, un grupo de personas con herramientas el\u00e9ctricas recibi\u00f3 capacitaci\u00f3n para trabajar, y el proceso de construcci\u00f3n comenz\u00f3 a acelerarse y la calidad de la construcci\u00f3n de nuestra empresa comenz\u00f3 a aumentar.<\/p>\n<p align=\"justify\">Lo que tenemos y lo que podemos:<\/p>\n<ol start=\"1\" type=\"1\">\n<li>Nuestra empresa realiza la construcci\u00f3n de cualquier nivel de complejidad de objetos. &lt;Desde cero&gt;: desde el desarrollo de la documentaci\u00f3n del proyecto hasta la puesta en servicio del objeto. Realizamos el desarrollo de proyectos individuales.<\/li>\n<li>Ofrecemos el dise\u00f1o de la propiedad, negociamos con el cliente todos los detalles, ofrecemos un enfoque integral para resolver las tareas, el uso de las tecnolog\u00edas modernas.<\/li>\n<li>Realizamos la coordinaci\u00f3n y desarrollo del dise\u00f1o y estimaci\u00f3n de la documentaci\u00f3n.<\/li>\n<li>Construcci\u00f3n completa, incluidos garajes, piscinas, etc., incluida la decoraci\u00f3n completa (interior y exterior) del edificio, incluida la electricidad y la plomer\u00eda. Tambi\u00e9n instalaremos elementos solares y calentadores para usted, ya que en la Rep\u00fablica Dominicana el sol brilla 330 d\u00edas al a\u00f1o y, por qu\u00e9 no usar esto<\/li>\n<li>El per\u00edodo de construcci\u00f3n de 4 meses.<\/li>\n<li>Tambi\u00e9n hablamos los idiomas: ruso, ingl\u00e9s y espa\u00f1ol.<\/li>\n<\/ol>\n<p>Nuestras ventajas:<\/p>\n<ul type=\"disc\">\n<li>La alta calidad del trabajo en cada sitio funciona como un supervisor con educaci\u00f3n en ingenier\u00eda,<\/li>\n<li>trabajadores decentes y experimentados,<\/li>\n<li>equipos especializados, proyectos propios,<\/li>\n<li>pagos paso a paso, pagos a cr\u00e9dito,<\/li>\n<li>enfoque individual para cada cliente,<\/li>\n<li>pol\u00edtica de precios flexible,<\/li>\n<li>la capacidad de proporcionar recomendaciones,<\/li>\n<li>el uso de tecnolog\u00edas avanzadas: ventanas de pl\u00e1stico con doble acristalamiento, techos tensados,<\/li>\n<li>b\u00fasqueda y uso de materiales de calidad: utilizamos solo materiales de alta calidad y correctos;<\/li>\n<li>garant\u00eda;<\/li>\n<li>Proyecto llave en mano y construcci\u00f3n completa.<\/li>\n<\/ul>\n<p>Nuestros proyectos:<\/p>\n<ul type=\"disc\">\n<li><b>Tropical Casa Laguna (Cabarete) antiguo hotel convertido en un condominio<\/b><\/li>\n<li><strong>Casa Linda #845 #846 #904 #913 #947 #746 #878 #733b #717.<\/strong><\/li>\n<li><strong>Sosua ocean village\u00a0 Garden dream 22, Garden Dream 65<\/strong><\/li>\n<li><strong>Condo White Colibri Luxury (Perla Marina) Nueva construcci\u00f3n de un complejo residencial de \u00e9lite.<\/strong><\/li>\n<\/ul>\n<p>Los gerentes de nuestra compa\u00f1\u00eda siempre intentan mantenerse al tanto de los cambios en la industria de la construcci\u00f3n, mejorando constantemente sus habilidades, lo que les permite proporcionar informaci\u00f3n completa y confiable con respecto al proyecto que ha elegido.<\/p>\n<p>\u00a1Construiremos su casa seg\u00fan sus t\u00e9rminos y al precio conveniente para usted!<\/p>\n","protected":false},"excerpt":{"rendered":"<p>CONSTRUCCION DE INMUEBLES EN DOMINICANOS. Cuando las personas piensan en construir una propiedad en un pa\u00eds tropical, no saben qu\u00e9 problemas pueden enfrentar. Pero os lo dir\u00e9 honestamente y en orden. La mayor\u00eda de los constructores en Rep\u00fablica Dominicana no tienen educaci\u00f3n, no trabajan de acuerdo con el plan y no saben por qu\u00e9 se [&hellip;]<\/p>\n","protected":false},"author":3,"featured_media":0,"parent":0,"menu_order":12,"comment_status":"closed","ping_status":"closed","template":"","meta":{"footnotes":""},"yst_prominent_words":[],"class_list":["post-10951","page","type-page","status-publish","hentry"],"_links":{"self":[{"href":"https:\/\/domconst.com\/es\/wp-json\/wp\/v2\/pages\/10951","targetHints":{"allow":["GET"]}}],"collection":[{"href":"https:\/\/domconst.com\/es\/wp-json\/wp\/v2\/pages"}],"about":[{"href":"https:\/\/domconst.com\/es\/wp-json\/wp\/v2\/types\/page"}],"author":[{"embeddable":true,"href":"https:\/\/domconst.com\/es\/wp-json\/wp\/v2\/users\/3"}],"replies":[{"embeddable":true,"href":"https:\/\/domconst.com\/es\/wp-json\/wp\/v2\/comments?post=10951"}],"version-history":[{"count":0,"href":"https:\/\/domconst.com\/es\/wp-json\/wp\/v2\/pages\/10951\/revisions"}],"wp:attachment":[{"href":"https:\/\/domconst.com\/es\/wp-json\/wp\/v2\/media?parent=10951"}],"wp:term":[{"taxonomy":"yst_prominent_words","embeddable":true,"href":"https:\/\/domconst.com\/es\/wp-json\/wp\/v2\/yst_prominent_words?post=10951"}],"curies":[{"name":"wp","href":"https:\/\/api.w.org\/{rel}","templated":true}]}}