{"id":10821,"date":"2019-03-18T19:55:23","date_gmt":"2019-03-18T23:55:23","guid":{"rendered":"http:\/\/domconst.com\/procedimiento-adquisicion-inmueble\/seleccione-un-sitio-para-el-proyecto\/"},"modified":"2020-04-19T15:40:58","modified_gmt":"2020-04-19T19:40:58","slug":"seleccione-un-sitio-para-el-proyecto","status":"publish","type":"page","link":"https:\/\/domconst.com\/es\/procedimiento-adquisicion-inmueble\/seleccione-un-sitio-para-el-proyecto\/","title":{"rendered":"Seleccionar un terreno para el proyecto."},"content":{"rendered":"<div class=\"wpb-content-wrapper\"><p>[vc_row][vc_column][vc_column_text]Nuestra empresa de forma permanente construye edificios en varias residencias y cada uno de ellos tiene sus propias ventajas. Le sugiero que vea algunas de las opciones que son importantes en nuestra opini\u00f3n para la selecci\u00f3n del sitio para el proyecto.<\/p>\n<h1>Sosua Ocean Village<\/h1>\n<p style=\"padding-left: 40px\"><img fetchpriority=\"high\" decoding=\"async\" class=\"size-medium wp-image-11155 alignleft\" src=\"http:\/\/domconst.com\/wp-content\/uploads\/2019\/04\/sosua_ocean_village_view__0-300x208.jpg\" alt=\"\" width=\"300\" height=\"208\" srcset=\"https:\/\/domconst.com\/wp-content\/uploads\/2019\/04\/sosua_ocean_village_view__0-300x208.jpg 300w, https:\/\/domconst.com\/wp-content\/uploads\/2019\/04\/sosua_ocean_village_view__0-768x532.jpg 768w, https:\/\/domconst.com\/wp-content\/uploads\/2019\/04\/sosua_ocean_village_view__0-150x104.jpg 150w, https:\/\/domconst.com\/wp-content\/uploads\/2019\/04\/sosua_ocean_village_view__0.jpg 867w, https:\/\/domconst.com\/wp-content\/uploads\/2019\/04\/sosua_ocean_village_view__0-350x243.jpg 350w, https:\/\/domconst.com\/wp-content\/uploads\/2019\/04\/sosua_ocean_village_view__0-692x480.jpg 692w\" sizes=\"(max-width: 300px) 100vw, 300px\" \/><\/p>\n<p>Excelente ubicaci\u00f3n del pueblo le permiti\u00f3 mantener una alta demanda para <a href=\"https:\/\/domconst.com\/es\/construccion\/\">la construcci\u00f3n de residencias privadas<\/a> en el territorio a un costo bastante alto de la tierra. La demanda se basa principalmente en el hecho de que la residencia est\u00e1 en el oc\u00e9ano, en el territorio hay 3 restaurantes con piscinas y toboganes de agua, as\u00ed como un pabell\u00f3n deportivo equipado con la \u00faltima moda deportiva.<\/p>\n<p>El pueblo tiene dos entradas al territorio y una de ellas est\u00e1 directamente adyacente al centro de vida nocturna de Sosua, que es famosa por sus rincones amorosos y establecimientos de bebidas. Tambi\u00e9n para los fan\u00e1ticos de la pesca en la residencia hay Laguna Park, all\u00ed se puede pescar en el estanque artificial, y los ni\u00f1os encontrar\u00e1n otros lugares de entretenimiento, como el zool\u00f3gico y todo tipo de toboganes. Muy cerca se encuentra un centro de guarder\u00eda y tenis, donde encontrar\u00e1 canchas modernas, as\u00ed como un entrenador experimentado le ense\u00f1ar\u00e1 el juego de tenis. Todo lo que tienes que hacer es seleccionar un terreno para el proyecto.<\/p>\n<h2><a href=\"https:\/\/domconst.com\/es\/sosua-ocean-village\/\">Aprende m\u00e1s&#8230;<\/a><\/h2>\n<p>&nbsp;<\/p>\n<h1>Residence Perla Marina<\/h1>\n<p><img decoding=\"async\" class=\"size-medium wp-image-11149 alignright\" src=\"http:\/\/domconst.com\/wp-content\/uploads\/2019\/04\/perla-marina-300x200.jpg\" alt=\"\" width=\"300\" height=\"200\" srcset=\"https:\/\/domconst.com\/wp-content\/uploads\/2019\/04\/perla-marina-300x200.jpg 300w, https:\/\/domconst.com\/wp-content\/uploads\/2019\/04\/perla-marina-768x513.jpg 768w, https:\/\/domconst.com\/wp-content\/uploads\/2019\/04\/perla-marina-150x100.jpg 150w, https:\/\/domconst.com\/wp-content\/uploads\/2019\/04\/perla-marina-385x258.jpg 385w, https:\/\/domconst.com\/wp-content\/uploads\/2019\/04\/perla-marina-350x234.jpg 350w, https:\/\/domconst.com\/wp-content\/uploads\/2019\/04\/perla-marina-719x480.jpg 719w, https:\/\/domconst.com\/wp-content\/uploads\/2019\/04\/perla-marina.jpg 1000w\" sizes=\"(max-width: 300px) 100vw, 300px\" \/><\/p>\n<p>Perla Marina es adecuado para aquellos que no est\u00e1n enfocados en el alquiler de una casa, pero para su propia vida. A pesar del hecho de que Perla Marina se encuentra en el oc\u00e9ano y tiene sus propias playas, caf\u00e9s y restaurantes, no tiene oficina o lobby en la zona, lo que puede simplificar el alquiler para los inversores, pero tiene menos pago mensual por servicio. Esta residencia pertenece al sector de las c\u00e9lulas durmientes. Se distingue por la abundancia de \u00e1rboles y parques verdes chic una playa privada y un ambiente ZeN tranquilo. Todo lo que tienes que hacer es seleccionar un terreno para el proyecto.<\/p>\n<h2><a href=\"https:\/\/domconst.com\/es\/cart\/\">Aprende m\u00e1s&#8230;<\/a><\/h2>\n<p>&nbsp;<\/p>\n<h1>Lomas Mironas Villas Complex<\/h1>\n<p><img decoding=\"async\" class=\"size-medium wp-image-11506 alignleft\" src=\"http:\/\/domconst.com\/wp-content\/uploads\/2019\/04\/20233870-300x164.jpg\" alt=\"\" width=\"300\" height=\"164\" srcset=\"https:\/\/domconst.com\/wp-content\/uploads\/2019\/04\/20233870-300x164.jpg 300w, https:\/\/domconst.com\/wp-content\/uploads\/2019\/04\/20233870-768x421.jpg 768w, https:\/\/domconst.com\/wp-content\/uploads\/2019\/04\/20233870-150x82.jpg 150w, https:\/\/domconst.com\/wp-content\/uploads\/2019\/04\/20233870-350x192.jpg 350w, https:\/\/domconst.com\/wp-content\/uploads\/2019\/04\/20233870.jpg 840w\" sizes=\"(max-width: 300px) 100vw, 300px\" \/>Camine sobre la arena blanca, respire la brisa salada del oc\u00e9ano, sienta toda la paleta de aromas del jard\u00edn tropical. Para sentir c\u00f3mo la dulce calma se extiende sobre el cuerpo. Esta puede ser su ma\u00f1ana en su propia Villa en Lomas Mironas.<\/p>\n<p>\u00danico en su arquitectura y complejo de confort Lomas Mironas se extiende en una ubicaci\u00f3n ideal-en una colina con vistas al oc\u00e9ano. Por un lado, sus residentes est\u00e1n disponibles todas las delicias de la vida suburbana, en el otro-bonificaciones de la civilizaci\u00f3n. Se puede llegar a las localidades de Sosua, Cabarete y el aeropuerto internacional de puerto plata en cuesti\u00f3n de minutos. Todo lo que tienes que hacer es seleccionar un terreno para el proyecto.<\/p>\n<h2><a href=\"https:\/\/domconst.com\/es\/centered-header\/\">Aprende m\u00e1s&#8230;<\/a><\/h2>\n<p>&nbsp;<\/p>\n<p>La elecci\u00f3n de una parcela para la construcci\u00f3n, una etapa importante y le ayudaremos a recoger, la mejor opci\u00f3n en el menor tiempo posible. Necesita informaci\u00f3n sobre los objetivos y objetivos de su proyecto. Cuanta m\u00e1s informaci\u00f3n, m\u00e1s precisa se establecer\u00e1 la tarea, m\u00e1s precisamente podemos ejecutarla. No descuidar nuestro Consejo, ya que tenemos una gran experiencia en la compra y venta de bienes ra\u00edces en la Rep\u00fablica Dominicana. Podemos recomendar la mejor opci\u00f3n para usted.[\/vc_column_text][\/vc_column][\/vc_row][vc_row][vc_column][vc_separator][\/vc_column][\/vc_row]<\/p>\n<\/div>","protected":false},"excerpt":{"rendered":"<p>[vc_row][vc_column][vc_column_text]Nuestra empresa de forma permanente construye edificios en varias residencias y cada uno de ellos tiene sus propias ventajas. Le sugiero que vea algunas de las opciones que son importantes en nuestra opini\u00f3n para la selecci\u00f3n del sitio para el proyecto. Sosua Ocean Village Excelente ubicaci\u00f3n del pueblo le permiti\u00f3 mantener una alta demanda para [&hellip;]<\/p>\n","protected":false},"author":3,"featured_media":0,"parent":3959,"menu_order":0,"comment_status":"closed","ping_status":"closed","template":"","meta":{"footnotes":""},"yst_prominent_words":[],"class_list":["post-10821","page","type-page","status-publish","hentry"],"_links":{"self":[{"href":"https:\/\/domconst.com\/es\/wp-json\/wp\/v2\/pages\/10821","targetHints":{"allow":["GET"]}}],"collection":[{"href":"https:\/\/domconst.com\/es\/wp-json\/wp\/v2\/pages"}],"about":[{"href":"https:\/\/domconst.com\/es\/wp-json\/wp\/v2\/types\/page"}],"author":[{"embeddable":true,"href":"https:\/\/domconst.com\/es\/wp-json\/wp\/v2\/users\/3"}],"replies":[{"embeddable":true,"href":"https:\/\/domconst.com\/es\/wp-json\/wp\/v2\/comments?post=10821"}],"version-history":[{"count":0,"href":"https:\/\/domconst.com\/es\/wp-json\/wp\/v2\/pages\/10821\/revisions"}],"up":[{"embeddable":true,"href":"https:\/\/domconst.com\/es\/wp-json\/wp\/v2\/pages\/3959"}],"wp:attachment":[{"href":"https:\/\/domconst.com\/es\/wp-json\/wp\/v2\/media?parent=10821"}],"wp:term":[{"taxonomy":"yst_prominent_words","embeddable":true,"href":"https:\/\/domconst.com\/es\/wp-json\/wp\/v2\/yst_prominent_words?post=10821"}],"curies":[{"name":"wp","href":"https:\/\/api.w.org\/{rel}","templated":true}]}}