{"id":10236,"date":"2018-09-21T19:59:53","date_gmt":"2018-09-21T23:59:53","guid":{"rendered":"http:\/\/domconst.com\/?page_id=10236"},"modified":"2020-04-07T11:58:38","modified_gmt":"2020-04-07T15:58:38","slug":"modelos-casas-3d","status":"publish","type":"page","link":"https:\/\/domconst.com\/es\/modelos-casas-3d\/","title":{"rendered":"Modelado y visualizaci\u00f3n 3D"},"content":{"rendered":"\n\t\t\t<!-- START 3Model REVOLUTION SLIDER 6.7.20 --><p class=\"rs-p-wp-fix\"><\/p>\n\t\t\t<rs-module-wrap id=\"rev_slider_19_1_wrapper\" data-source=\"gallery\" style=\"visibility:hidden;background:transparent;padding:0;margin:0px auto;margin-top:0;margin-bottom:0;\">\n\t\t\t\t<rs-module id=\"rev_slider_19_1\" style=\"\" data-version=\"6.7.20\">\n\t\t\t\t\t<rs-slides style=\"overflow: hidden; position: absolute;\">\n\t\t\t\t\t\t<rs-slide style=\"position: absolute;\" data-key=\"rs-69\" data-title=\"Slide\" data-duration=\"16260\" data-anim=\"ms:300,default,default,default;r:,0,0,0;p:dark;\" data-in=\"o:0;e:d,d,d;\" data-out=\"o:0;e:d,d,d;\" data-alttrans=\"slidingoverlayright,slidingoverlayhorizontal\">\n\t\t\t\t\t\t\t<img fetchpriority=\"high\" decoding=\"async\" src=\"\/\/domconst.com\/wp-content\/plugins\/revslider\/sr6\/assets\/assets\/dummy.png\" alt=\"Slide\" title=\"01 IMG-FINAL 06\" width=\"768\" height=\"432\" class=\"rev-slidebg tp-rs-img rs-lazyload\" data-lazyload=\"\/\/domconst.com\/wp-content\/plugins\/revslider\/sr6\/assets\/assets\/transparent.png\" data-no-retina>\n<!--\n\t\t\t\t\t\t\t--><rs-layer\n\t\t\t\t\t\t\t\tid=\"slider-19-slide-69-layer-5\" \n\t\t\t\t\t\t\t\tdata-type=\"image\"\n\t\t\t\t\t\t\t\tdata-rsp_ch=\"on\"\n\t\t\t\t\t\t\t\tdata-xy=\"x:c;y:c;\"\n\t\t\t\t\t\t\t\tdata-text=\"l:22;a:inherit;\"\n\t\t\t\t\t\t\t\tdata-dim=\"w:1400px;h:800px;\"\n\t\t\t\t\t\t\t\tdata-frame_0=\"tp:600;\"\n\t\t\t\t\t\t\t\tdata-frame_1=\"tp:600;sR:10;\"\n\t\t\t\t\t\t\t\tdata-frame_999=\"o:0;tp:600;st:2050;sR:1740;\"\n\t\t\t\t\t\t\t\tstyle=\"z-index:5;\"\n\t\t\t\t\t\t\t><img decoding=\"async\" src=\"\/\/domconst.com\/wp-content\/plugins\/revslider\/sr6\/assets\/assets\/dummy.png\" alt=\"\" class=\"tp-rs-img rs-lazyload\" width=\"1920\" height=\"1080\" data-lazyload=\"\/\/domconst.com\/wp-content\/uploads\/2019\/12\/01-IMG-FINAL-02.jpg\" data-no-retina> \n\t\t\t\t\t\t\t<\/rs-layer><!--\n\n\t\t\t\t\t\t\t--><rs-layer\n\t\t\t\t\t\t\t\tid=\"slider-19-slide-69-layer-6\" \n\t\t\t\t\t\t\t\tdata-type=\"image\"\n\t\t\t\t\t\t\t\tdata-rsp_ch=\"on\"\n\t\t\t\t\t\t\t\tdata-xy=\"x:c;y:c;\"\n\t\t\t\t\t\t\t\tdata-text=\"l:22;a:inherit;\"\n\t\t\t\t\t\t\t\tdata-dim=\"w:1400px;h:800px;\"\n\t\t\t\t\t\t\t\tdata-frame_0=\"tp:600;\"\n\t\t\t\t\t\t\t\tdata-frame_1=\"tp:600;st:2000;sR:2000;\"\n\t\t\t\t\t\t\t\tdata-frame_999=\"o:0;tp:600;st:3530;sR:1230;\"\n\t\t\t\t\t\t\t\tstyle=\"z-index:6;\"\n\t\t\t\t\t\t\t><img decoding=\"async\" src=\"\/\/domconst.com\/wp-content\/plugins\/revslider\/sr6\/assets\/assets\/dummy.png\" alt=\"\" class=\"tp-rs-img rs-lazyload\" width=\"1920\" height=\"1080\" data-lazyload=\"\/\/domconst.com\/wp-content\/uploads\/2019\/12\/2-Final-11_13-Photo1.jpg\" data-no-retina> \n\t\t\t\t\t\t\t<\/rs-layer><!--\n\n\t\t\t\t\t\t\t--><rs-layer\n\t\t\t\t\t\t\t\tid=\"slider-19-slide-69-layer-9\" \n\t\t\t\t\t\t\t\tdata-type=\"image\"\n\t\t\t\t\t\t\t\tdata-rsp_ch=\"on\"\n\t\t\t\t\t\t\t\tdata-xy=\"x:c;y:c;\"\n\t\t\t\t\t\t\t\tdata-text=\"l:22;a:inherit;\"\n\t\t\t\t\t\t\t\tdata-dim=\"w:1400px;h:800px;\"\n\t\t\t\t\t\t\t\tdata-frame_0=\"tp:600;\"\n\t\t\t\t\t\t\t\tdata-frame_1=\"tp:600;st:3540;sR:3540;\"\n\t\t\t\t\t\t\t\tdata-frame_999=\"o:0;tp:600;st:4940;sR:1100;\"\n\t\t\t\t\t\t\t\tstyle=\"z-index:7;\"\n\t\t\t\t\t\t\t><img loading=\"lazy\" decoding=\"async\" src=\"\/\/domconst.com\/wp-content\/plugins\/revslider\/sr6\/assets\/assets\/dummy.png\" alt=\"\" class=\"tp-rs-img rs-lazyload\" width=\"920\" height=\"600\" data-lazyload=\"\/\/domconst.com\/wp-content\/uploads\/2018\/09\/beverly-hills-california-usa-luxury-homes-showcase-the-amazing-briliant-2.jpg\" data-no-retina> \n\t\t\t\t\t\t\t<\/rs-layer><!--\n\n\t\t\t\t\t\t\t--><rs-layer\n\t\t\t\t\t\t\t\tid=\"slider-19-slide-69-layer-10\" \n\t\t\t\t\t\t\t\tdata-type=\"image\"\n\t\t\t\t\t\t\t\tdata-rsp_ch=\"on\"\n\t\t\t\t\t\t\t\tdata-xy=\"x:c;y:c;\"\n\t\t\t\t\t\t\t\tdata-text=\"l:22;a:inherit;\"\n\t\t\t\t\t\t\t\tdata-dim=\"w:1400px;h:800px;\"\n\t\t\t\t\t\t\t\tdata-frame_0=\"tp:600;\"\n\t\t\t\t\t\t\t\tdata-frame_1=\"tp:600;st:4980;sp:330;sR:4980;\"\n\t\t\t\t\t\t\t\tdata-frame_999=\"o:0;tp:600;st:6860;sR:1550;\"\n\t\t\t\t\t\t\t\tstyle=\"z-index:8;\"\n\t\t\t\t\t\t\t><img loading=\"lazy\" decoding=\"async\" src=\"\/\/domconst.com\/wp-content\/plugins\/revslider\/sr6\/assets\/assets\/dummy.png\" alt=\"\" class=\"tp-rs-img rs-lazyload\" width=\"666\" height=\"500\" data-lazyload=\"\/\/domconst.com\/wp-content\/uploads\/2019\/05\/photo_2019-05-08_22-54-04.jpg\" data-no-retina> \n\t\t\t\t\t\t\t<\/rs-layer><!--\n\n\t\t\t\t\t\t\t--><rs-layer\n\t\t\t\t\t\t\t\tid=\"slider-19-slide-69-layer-11\" \n\t\t\t\t\t\t\t\tdata-type=\"image\"\n\t\t\t\t\t\t\t\tdata-rsp_ch=\"on\"\n\t\t\t\t\t\t\t\tdata-xy=\"x:c;y:c;\"\n\t\t\t\t\t\t\t\tdata-text=\"l:22;a:inherit;\"\n\t\t\t\t\t\t\t\tdata-dim=\"w:1400px;h:800px;\"\n\t\t\t\t\t\t\t\tdata-frame_0=\"tp:600;\"\n\t\t\t\t\t\t\t\tdata-frame_1=\"tp:600;st:6850;sR:6850;\"\n\t\t\t\t\t\t\t\tdata-frame_999=\"o:0;tp:600;st:9000;sR:1850;\"\n\t\t\t\t\t\t\t\tstyle=\"z-index:9;\"\n\t\t\t\t\t\t\t><img loading=\"lazy\" decoding=\"async\" src=\"\/\/domconst.com\/wp-content\/plugins\/revslider\/sr6\/assets\/assets\/dummy.png\" alt=\"\" class=\"tp-rs-img rs-lazyload\" width=\"1920\" height=\"1080\" data-lazyload=\"\/\/domconst.com\/wp-content\/uploads\/2019\/09\/3d.jpg\" data-no-retina> \n\t\t\t\t\t\t\t<\/rs-layer><!--\n\n\t\t\t\t\t\t\t--><rs-layer\n\t\t\t\t\t\t\t\tid=\"slider-19-slide-69-layer-13\" \n\t\t\t\t\t\t\t\tdata-type=\"image\"\n\t\t\t\t\t\t\t\tdata-rsp_ch=\"on\"\n\t\t\t\t\t\t\t\tdata-xy=\"x:c;y:c;\"\n\t\t\t\t\t\t\t\tdata-text=\"l:22;a:inherit;\"\n\t\t\t\t\t\t\t\tdata-dim=\"w:1400px;h:800px;\"\n\t\t\t\t\t\t\t\tdata-frame_0=\"tp:600;\"\n\t\t\t\t\t\t\t\tdata-frame_1=\"tp:600;st:9000;sR:9000;\"\n\t\t\t\t\t\t\t\tdata-frame_999=\"o:0;tp:600;st:10700;sR:1400;\"\n\t\t\t\t\t\t\t\tstyle=\"z-index:10;\"\n\t\t\t\t\t\t\t><img loading=\"lazy\" decoding=\"async\" src=\"\/\/domconst.com\/wp-content\/plugins\/revslider\/sr6\/assets\/assets\/dummy.png\" alt=\"\" class=\"tp-rs-img rs-lazyload\" width=\"1024\" height=\"570\" data-lazyload=\"\/\/domconst.com\/wp-content\/uploads\/2019\/05\/photo_2019-05-26_06-31-02.jpg\" data-no-retina> \n\t\t\t\t\t\t\t<\/rs-layer><!--\n\n\t\t\t\t\t\t\t--><rs-layer\n\t\t\t\t\t\t\t\tid=\"slider-19-slide-69-layer-14\" \n\t\t\t\t\t\t\t\tdata-type=\"image\"\n\t\t\t\t\t\t\t\tdata-rsp_ch=\"on\"\n\t\t\t\t\t\t\t\tdata-xy=\"x:c;y:c;\"\n\t\t\t\t\t\t\t\tdata-text=\"l:22;a:inherit;\"\n\t\t\t\t\t\t\t\tdata-dim=\"w:1400px;h:800px;\"\n\t\t\t\t\t\t\t\tdata-frame_0=\"tp:600;\"\n\t\t\t\t\t\t\t\tdata-frame_1=\"tp:600;st:10680;sR:10680;\"\n\t\t\t\t\t\t\t\tdata-frame_999=\"o:0;tp:600;st:12560;sR:1580;\"\n\t\t\t\t\t\t\t\tstyle=\"z-index:11;\"\n\t\t\t\t\t\t\t><img loading=\"lazy\" decoding=\"async\" src=\"\/\/domconst.com\/wp-content\/plugins\/revslider\/sr6\/assets\/assets\/dummy.png\" alt=\"\" class=\"tp-rs-img rs-lazyload\" width=\"700\" height=\"394\" data-lazyload=\"\/\/domconst.com\/wp-content\/uploads\/2019\/05\/985_exterior2custom.jpg\" data-no-retina> \n\t\t\t\t\t\t\t<\/rs-layer><!--\n\n\t\t\t\t\t\t\t--><rs-layer\n\t\t\t\t\t\t\t\tid=\"slider-19-slide-69-layer-15\" \n\t\t\t\t\t\t\t\tdata-type=\"image\"\n\t\t\t\t\t\t\t\tdata-rsp_ch=\"on\"\n\t\t\t\t\t\t\t\tdata-xy=\"x:c;y:c;\"\n\t\t\t\t\t\t\t\tdata-text=\"l:22;a:inherit;\"\n\t\t\t\t\t\t\t\tdata-dim=\"w:1400px;h:800px;\"\n\t\t\t\t\t\t\t\tdata-frame_0=\"tp:600;\"\n\t\t\t\t\t\t\t\tdata-frame_1=\"tp:600;st:12540;sR:12540;\"\n\t\t\t\t\t\t\t\tdata-frame_999=\"o:0;tp:600;st:14460;sR:1620;\"\n\t\t\t\t\t\t\t\tstyle=\"z-index:12;\"\n\t\t\t\t\t\t\t><img loading=\"lazy\" decoding=\"async\" src=\"\/\/domconst.com\/wp-content\/plugins\/revslider\/sr6\/assets\/assets\/dummy.png\" alt=\"\" class=\"tp-rs-img rs-lazyload\" width=\"500\" height=\"375\" data-lazyload=\"\/\/domconst.com\/wp-content\/uploads\/2019\/05\/\u0412\u0438\u043b\u043b\u0430-\u0441-\u0431\u043e\u043b\u044c\u0448\u0438\u043c-\u0441\u0430\u0434\u043e\u043c0.jpg\" data-no-retina> \n\t\t\t\t\t\t\t<\/rs-layer><!--\n\n\t\t\t\t\t\t\t--><rs-layer\n\t\t\t\t\t\t\t\tid=\"slider-19-slide-69-layer-16\" \n\t\t\t\t\t\t\t\tdata-type=\"image\"\n\t\t\t\t\t\t\t\tdata-rsp_ch=\"on\"\n\t\t\t\t\t\t\t\tdata-xy=\"x:c;y:c;\"\n\t\t\t\t\t\t\t\tdata-text=\"l:22;a:inherit;\"\n\t\t\t\t\t\t\t\tdata-dim=\"w:1400px;h:800px;\"\n\t\t\t\t\t\t\t\tdata-frame_0=\"tp:600;\"\n\t\t\t\t\t\t\t\tdata-frame_1=\"tp:600;st:14440;sR:14440;\"\n\t\t\t\t\t\t\t\tdata-frame_999=\"o:0;tp:600;st:w;sR:1520;\"\n\t\t\t\t\t\t\t\tstyle=\"z-index:13;\"\n\t\t\t\t\t\t\t><img loading=\"lazy\" decoding=\"async\" src=\"\/\/domconst.com\/wp-content\/plugins\/revslider\/sr6\/assets\/assets\/dummy.png\" alt=\"\" class=\"tp-rs-img rs-lazyload\" width=\"666\" height=\"500\" data-lazyload=\"\/\/domconst.com\/wp-content\/uploads\/2019\/05\/photo_2019-05-08_22-53-28.jpg\" data-no-retina> \n\t\t\t\t\t\t\t<\/rs-layer><!--\n-->\t\t\t\t\t<\/rs-slide>\n\t\t\t\t\t\t<rs-slide style=\"position: absolute;\" data-key=\"rs-691\" data-title=\"Slide\" data-duration=\"16260\" data-anim=\"ms:300,default,default,default;r:,0,0,0;p:dark;\" data-in=\"o:0;e:d,d,d;\" data-out=\"o:0;e:d,d,d;\" data-alttrans=\"slidingoverlayright,slidingoverlayhorizontal\">\n\t\t\t\t\t\t\t<img loading=\"lazy\" decoding=\"async\" src=\"\/\/domconst.com\/wp-content\/plugins\/revslider\/sr6\/assets\/assets\/dummy.png\" alt=\"\" title=\"01 IMG-FINAL 06\" width=\"768\" height=\"432\" class=\"rev-slidebg tp-rs-img rs-lazyload\" data-lazyload=\"\/\/domconst.com\/wp-content\/plugins\/revslider\/sr6\/assets\/assets\/transparent.png\" data-no-retina>\n<!--\n\t\t\t\t\t\t\t--><rs-layer\n\t\t\t\t\t\t\t\tid=\"slider-19-slide-691-layer-5\" \n\t\t\t\t\t\t\t\tdata-type=\"image\"\n\t\t\t\t\t\t\t\tdata-rsp_ch=\"on\"\n\t\t\t\t\t\t\t\tdata-xy=\"x:c;y:c;\"\n\t\t\t\t\t\t\t\tdata-text=\"l:22;a:inherit;\"\n\t\t\t\t\t\t\t\tdata-dim=\"w:1400px;h:800px;\"\n\t\t\t\t\t\t\t\tdata-frame_0=\"tp:600;\"\n\t\t\t\t\t\t\t\tdata-frame_1=\"tp:600;sR:10;\"\n\t\t\t\t\t\t\t\tdata-frame_999=\"o:0;tp:600;st:2050;sR:1740;\"\n\t\t\t\t\t\t\t\tstyle=\"z-index:5;\"\n\t\t\t\t\t\t\t><img decoding=\"async\" src=\"\/\/domconst.com\/wp-content\/plugins\/revslider\/sr6\/assets\/assets\/dummy.png\" alt=\"\" class=\"tp-rs-img rs-lazyload\" width=\"1920\" height=\"1080\" data-lazyload=\"\/\/domconst.com\/wp-content\/uploads\/2019\/12\/01-IMG-FINAL-02.jpg\" data-no-retina> \n\t\t\t\t\t\t\t<\/rs-layer><!--\n\n\t\t\t\t\t\t\t--><rs-layer\n\t\t\t\t\t\t\t\tid=\"slider-19-slide-691-layer-6\" \n\t\t\t\t\t\t\t\tdata-type=\"image\"\n\t\t\t\t\t\t\t\tdata-rsp_ch=\"on\"\n\t\t\t\t\t\t\t\tdata-xy=\"x:c;y:c;\"\n\t\t\t\t\t\t\t\tdata-text=\"l:22;a:inherit;\"\n\t\t\t\t\t\t\t\tdata-dim=\"w:1400px;h:800px;\"\n\t\t\t\t\t\t\t\tdata-frame_0=\"tp:600;\"\n\t\t\t\t\t\t\t\tdata-frame_1=\"tp:600;st:2000;sR:2000;\"\n\t\t\t\t\t\t\t\tdata-frame_999=\"o:0;tp:600;st:3530;sR:1230;\"\n\t\t\t\t\t\t\t\tstyle=\"z-index:6;\"\n\t\t\t\t\t\t\t><img decoding=\"async\" src=\"\/\/domconst.com\/wp-content\/plugins\/revslider\/sr6\/assets\/assets\/dummy.png\" alt=\"\" class=\"tp-rs-img rs-lazyload\" width=\"1920\" height=\"1080\" data-lazyload=\"\/\/domconst.com\/wp-content\/uploads\/2019\/12\/2-Final-11_13-Photo1.jpg\" data-no-retina> \n\t\t\t\t\t\t\t<\/rs-layer><!--\n\n\t\t\t\t\t\t\t--><rs-layer\n\t\t\t\t\t\t\t\tid=\"slider-19-slide-691-layer-9\" \n\t\t\t\t\t\t\t\tdata-type=\"image\"\n\t\t\t\t\t\t\t\tdata-rsp_ch=\"on\"\n\t\t\t\t\t\t\t\tdata-xy=\"x:c;y:c;\"\n\t\t\t\t\t\t\t\tdata-text=\"l:22;a:inherit;\"\n\t\t\t\t\t\t\t\tdata-dim=\"w:1400px;h:800px;\"\n\t\t\t\t\t\t\t\tdata-frame_0=\"tp:600;\"\n\t\t\t\t\t\t\t\tdata-frame_1=\"tp:600;st:3540;sR:3540;\"\n\t\t\t\t\t\t\t\tdata-frame_999=\"o:0;tp:600;st:4940;sR:1100;\"\n\t\t\t\t\t\t\t\tstyle=\"z-index:7;\"\n\t\t\t\t\t\t\t><img loading=\"lazy\" decoding=\"async\" src=\"\/\/domconst.com\/wp-content\/plugins\/revslider\/sr6\/assets\/assets\/dummy.png\" alt=\"\" class=\"tp-rs-img rs-lazyload\" width=\"920\" height=\"600\" data-lazyload=\"\/\/domconst.com\/wp-content\/uploads\/2018\/09\/beverly-hills-california-usa-luxury-homes-showcase-the-amazing-briliant-2.jpg\" data-no-retina> \n\t\t\t\t\t\t\t<\/rs-layer><!--\n\n\t\t\t\t\t\t\t--><rs-layer\n\t\t\t\t\t\t\t\tid=\"slider-19-slide-691-layer-10\" \n\t\t\t\t\t\t\t\tdata-type=\"image\"\n\t\t\t\t\t\t\t\tdata-rsp_ch=\"on\"\n\t\t\t\t\t\t\t\tdata-xy=\"x:c;y:c;\"\n\t\t\t\t\t\t\t\tdata-text=\"l:22;a:inherit;\"\n\t\t\t\t\t\t\t\tdata-dim=\"w:1400px;h:800px;\"\n\t\t\t\t\t\t\t\tdata-frame_0=\"tp:600;\"\n\t\t\t\t\t\t\t\tdata-frame_1=\"tp:600;st:4980;sp:330;sR:4980;\"\n\t\t\t\t\t\t\t\tdata-frame_999=\"o:0;tp:600;st:6860;sR:1550;\"\n\t\t\t\t\t\t\t\tstyle=\"z-index:8;\"\n\t\t\t\t\t\t\t><img loading=\"lazy\" decoding=\"async\" src=\"\/\/domconst.com\/wp-content\/plugins\/revslider\/sr6\/assets\/assets\/dummy.png\" alt=\"\" class=\"tp-rs-img rs-lazyload\" width=\"666\" height=\"500\" data-lazyload=\"\/\/domconst.com\/wp-content\/uploads\/2019\/05\/photo_2019-05-08_22-54-04.jpg\" data-no-retina> \n\t\t\t\t\t\t\t<\/rs-layer><!--\n\n\t\t\t\t\t\t\t--><rs-layer\n\t\t\t\t\t\t\t\tid=\"slider-19-slide-691-layer-11\" \n\t\t\t\t\t\t\t\tdata-type=\"image\"\n\t\t\t\t\t\t\t\tdata-rsp_ch=\"on\"\n\t\t\t\t\t\t\t\tdata-xy=\"x:c;y:c;\"\n\t\t\t\t\t\t\t\tdata-text=\"l:22;a:inherit;\"\n\t\t\t\t\t\t\t\tdata-dim=\"w:1400px;h:800px;\"\n\t\t\t\t\t\t\t\tdata-frame_0=\"tp:600;\"\n\t\t\t\t\t\t\t\tdata-frame_1=\"tp:600;st:6850;sR:6850;\"\n\t\t\t\t\t\t\t\tdata-frame_999=\"o:0;tp:600;st:9000;sR:1850;\"\n\t\t\t\t\t\t\t\tstyle=\"z-index:9;\"\n\t\t\t\t\t\t\t><img loading=\"lazy\" decoding=\"async\" src=\"\/\/domconst.com\/wp-content\/plugins\/revslider\/sr6\/assets\/assets\/dummy.png\" alt=\"\" class=\"tp-rs-img rs-lazyload\" width=\"1920\" height=\"1080\" data-lazyload=\"\/\/domconst.com\/wp-content\/uploads\/2019\/09\/3d.jpg\" data-no-retina> \n\t\t\t\t\t\t\t<\/rs-layer><!--\n\n\t\t\t\t\t\t\t--><rs-layer\n\t\t\t\t\t\t\t\tid=\"slider-19-slide-691-layer-13\" \n\t\t\t\t\t\t\t\tdata-type=\"image\"\n\t\t\t\t\t\t\t\tdata-rsp_ch=\"on\"\n\t\t\t\t\t\t\t\tdata-xy=\"x:c;y:c;\"\n\t\t\t\t\t\t\t\tdata-text=\"l:22;a:inherit;\"\n\t\t\t\t\t\t\t\tdata-dim=\"w:1400px;h:800px;\"\n\t\t\t\t\t\t\t\tdata-frame_0=\"tp:600;\"\n\t\t\t\t\t\t\t\tdata-frame_1=\"tp:600;st:9000;sR:9000;\"\n\t\t\t\t\t\t\t\tdata-frame_999=\"o:0;tp:600;st:10700;sR:1400;\"\n\t\t\t\t\t\t\t\tstyle=\"z-index:10;\"\n\t\t\t\t\t\t\t><img loading=\"lazy\" decoding=\"async\" src=\"\/\/domconst.com\/wp-content\/plugins\/revslider\/sr6\/assets\/assets\/dummy.png\" alt=\"\" class=\"tp-rs-img rs-lazyload\" width=\"1024\" height=\"570\" data-lazyload=\"\/\/domconst.com\/wp-content\/uploads\/2019\/05\/photo_2019-05-26_06-31-02.jpg\" data-no-retina> \n\t\t\t\t\t\t\t<\/rs-layer><!--\n\n\t\t\t\t\t\t\t--><rs-layer\n\t\t\t\t\t\t\t\tid=\"slider-19-slide-691-layer-14\" \n\t\t\t\t\t\t\t\tdata-type=\"image\"\n\t\t\t\t\t\t\t\tdata-rsp_ch=\"on\"\n\t\t\t\t\t\t\t\tdata-xy=\"x:c;y:c;\"\n\t\t\t\t\t\t\t\tdata-text=\"l:22;a:inherit;\"\n\t\t\t\t\t\t\t\tdata-dim=\"w:1400px;h:800px;\"\n\t\t\t\t\t\t\t\tdata-frame_0=\"tp:600;\"\n\t\t\t\t\t\t\t\tdata-frame_1=\"tp:600;st:10680;sR:10680;\"\n\t\t\t\t\t\t\t\tdata-frame_999=\"o:0;tp:600;st:12560;sR:1580;\"\n\t\t\t\t\t\t\t\tstyle=\"z-index:11;\"\n\t\t\t\t\t\t\t><img loading=\"lazy\" decoding=\"async\" src=\"\/\/domconst.com\/wp-content\/plugins\/revslider\/sr6\/assets\/assets\/dummy.png\" alt=\"\" class=\"tp-rs-img rs-lazyload\" width=\"700\" height=\"394\" data-lazyload=\"\/\/domconst.com\/wp-content\/uploads\/2019\/05\/985_exterior2custom.jpg\" data-no-retina> \n\t\t\t\t\t\t\t<\/rs-layer><!--\n\n\t\t\t\t\t\t\t--><rs-layer\n\t\t\t\t\t\t\t\tid=\"slider-19-slide-691-layer-15\" \n\t\t\t\t\t\t\t\tdata-type=\"image\"\n\t\t\t\t\t\t\t\tdata-rsp_ch=\"on\"\n\t\t\t\t\t\t\t\tdata-xy=\"x:c;y:c;\"\n\t\t\t\t\t\t\t\tdata-text=\"l:22;a:inherit;\"\n\t\t\t\t\t\t\t\tdata-dim=\"w:1400px;h:800px;\"\n\t\t\t\t\t\t\t\tdata-frame_0=\"tp:600;\"\n\t\t\t\t\t\t\t\tdata-frame_1=\"tp:600;st:12540;sR:12540;\"\n\t\t\t\t\t\t\t\tdata-frame_999=\"o:0;tp:600;st:14460;sR:1620;\"\n\t\t\t\t\t\t\t\tstyle=\"z-index:12;\"\n\t\t\t\t\t\t\t><img loading=\"lazy\" decoding=\"async\" src=\"\/\/domconst.com\/wp-content\/plugins\/revslider\/sr6\/assets\/assets\/dummy.png\" alt=\"\" class=\"tp-rs-img rs-lazyload\" width=\"500\" height=\"375\" data-lazyload=\"\/\/domconst.com\/wp-content\/uploads\/2019\/05\/\u0412\u0438\u043b\u043b\u0430-\u0441-\u0431\u043e\u043b\u044c\u0448\u0438\u043c-\u0441\u0430\u0434\u043e\u043c0.jpg\" data-no-retina> \n\t\t\t\t\t\t\t<\/rs-layer><!--\n\n\t\t\t\t\t\t\t--><rs-layer\n\t\t\t\t\t\t\t\tid=\"slider-19-slide-691-layer-16\" \n\t\t\t\t\t\t\t\tdata-type=\"image\"\n\t\t\t\t\t\t\t\tdata-rsp_ch=\"on\"\n\t\t\t\t\t\t\t\tdata-xy=\"x:c;y:c;\"\n\t\t\t\t\t\t\t\tdata-text=\"l:22;a:inherit;\"\n\t\t\t\t\t\t\t\tdata-dim=\"w:1400px;h:800px;\"\n\t\t\t\t\t\t\t\tdata-frame_0=\"tp:600;\"\n\t\t\t\t\t\t\t\tdata-frame_1=\"tp:600;st:14440;sR:14440;\"\n\t\t\t\t\t\t\t\tdata-frame_999=\"o:0;tp:600;st:w;sR:1520;\"\n\t\t\t\t\t\t\t\tstyle=\"z-index:13;\"\n\t\t\t\t\t\t\t><img loading=\"lazy\" decoding=\"async\" src=\"\/\/domconst.com\/wp-content\/plugins\/revslider\/sr6\/assets\/assets\/dummy.png\" alt=\"\" class=\"tp-rs-img rs-lazyload\" width=\"666\" height=\"500\" data-lazyload=\"\/\/domconst.com\/wp-content\/uploads\/2019\/05\/photo_2019-05-08_22-53-28.jpg\" data-no-retina> \n\t\t\t\t\t\t\t<\/rs-layer><!--\n-->\t\t\t\t\t<\/rs-slide>\n\t\t\t\t\t<\/rs-slides>\n\t\t\t\t<\/rs-module>\n\t\t\t\t<script>\n\t\t\t\t\tsetREVStartSize({c: 'rev_slider_19_1',rl:[1240,1024,778,480],el:[],gw:[1240],gh:[868],type:'standard',justify:'',layout:'fullwidth',mh:\"0\"});if (window.RS_MODULES!==undefined && window.RS_MODULES.modules!==undefined && window.RS_MODULES.modules[\"revslider191\"]!==undefined) {window.RS_MODULES.modules[\"revslider191\"].once = false;window.revapi19 = undefined;if (window.RS_MODULES.checkMinimal!==undefined) window.RS_MODULES.checkMinimal()}\n\t\t\t\t<\/script>\n\t\t\t<\/rs-module-wrap>\n\t\t\t<!-- END REVOLUTION SLIDER -->\n\n<h2>Modelado y visualizaci\u00f3n 3D<\/h2>\n<p>El dise\u00f1o de sitios de construcci\u00f3n modernos implica el uso de tecnolog\u00edas modernas, gracias a las cuales, las tareas se realizan m\u00e1s r\u00e1pido, y los costos se reducen. Pero incluso un dibujo detallado no le permite imaginar con precisi\u00f3n la configuraci\u00f3n de la estructura futura, si se compara la informaci\u00f3n que se puede ver en la pantalla utilizando gr\u00e1ficos 3D.<\/p>\n<p>Determinar la conformidad del sitio de construcci\u00f3n a sus expectativas y preferencias, ayudar\u00e1 a su estudio e iniciar el proyecto. Gracias a los programas de modelado y visualizaci\u00f3n 3D de computadoras, la precisi\u00f3n y la calidad de los modelos de desarrollo planificados aumenta, lo que le permite evaluar el objeto y evaluar las perspectivas. El modelo 3D se edita f\u00e1cilmente dependiendo de las preferencias del cliente, lo que es mucho m\u00e1s f\u00e1cil que hacer cambios y corregir errores en un edificio ya construido.<\/p>\n<p>El proyecto de la casa se ejecutar\u00e1 con la mayor precisi\u00f3n posible s\u00f3lo al implementar un modelo de ejecuci\u00f3n profesional de la estructura. La tarea de herramientas y programas gr\u00e1ficos en la formaci\u00f3n de una futura copia del objeto teniendo en cuenta los detalles m\u00e1s peque\u00f1os, lo que permite tener en cuenta las caracter\u00edsticas individuales del proyecto y elegir los materiales de construcci\u00f3n necesarios.<\/p>\n<p>Si nos fijamos en el modelado 3D y la visualizaci\u00f3n en casa<a href=\"https:\/\/domconst.com\/ru\/%d0%b4%d0%be%d0%bc%d0%b8%d0%bd%d0%b8%d0%ba%d0%b0%d0%bd%d1%81%d0%ba%d0%b0%d1%8f-%d1%80%d0%b5%d1%81%d0%bf%d1%83%d0%b1%d0%bb%d0%b8%d0%ba%d0%b0\/\"> en la Rep\u00fablica Dominicana<\/a>, aqu\u00ed hay que tener en cuenta varios factores: la alineaci\u00f3n de bocetos; Alivio y plan topogr\u00e1fico coincidentes el dise\u00f1o ingeni\u00f3 el \u00e1rea del sitio y la implementaci\u00f3n del dise\u00f1o vertical. Esta etapa permite evaluar el dise\u00f1o de la casa sin restricciones, as\u00ed como desde cualquier \u00e1ngulo, como resultado de lo cual formar\u00e1s una idea completa de la arquitectura.<\/p>\n<p>La tarea final de visualizaci\u00f3n son los siguientes par\u00e1metros: superponer la textura; Evaluaci\u00f3n de objetos ligeros Adici\u00f3n de elementos exteriores forma de transporte y las cifras de personas. El modelado y visualizaci\u00f3n 3D le permite visualizar cualquier objeto o material vendido en composiciones interiores y exteriores. Puede analizar los pros y los contras de la futura construcci\u00f3n de la instalaci\u00f3n, o los trabajos de reparaci\u00f3n a medianoche.<\/p>\n<p>Como resultado, la estructura debe ser estudiada desde todos los \u00e1ngulos y lados, y cada elemento se puede estudiar desde cualquier \u00e1ngulo, para examinar la estructura desde el interior y el interior, utilizando par\u00e1metros de iluminaci\u00f3n diurna y nocturna.<\/p>\n<p>El modelado y la visualizaci\u00f3n 3D son oportunidades casi ilimitadas para proyectos de cualquier complejidad. El proyecto de su futuro hogar se presentar\u00e1 en forma de im\u00e1genes realistas y detalladas, as\u00ed como con la ayuda de v\u00eddeos animados de sonido que reproducen las condiciones clim\u00e1ticas y proporcionan una calidad efectiva de transmisi\u00f3n de diversos par\u00e1metros.<\/p>\n<p>El precio final de la construcci\u00f3n depender\u00e1 de su elecci\u00f3n de los materiales utilizados, tama\u00f1o del dise\u00f1o, ubicaci\u00f3n, etc. Sin embargo, garantizamos que estamos trabajando al mejor precio con la m\u00e1s alta calidad porque pudimos combinar la supervisi\u00f3n de la construcci\u00f3n del nivel europeo y las manos de los constructores dominicanos en un potente y fuerte sistema de gesti\u00f3n bajo el est\u00e1ndar europeo.<\/p>\n<ul>\n<li>1000 $USD por metro cuadrado de construcci\u00f3n de viviendas de lujo, incluyendo muebles de cocina;<\/li>\n<li>15 $USD por metro cuadrado para dise\u00f1ar la velocidad de construcci\u00f3n del plan hasta el acuerdo final con el cliente de 1 mes;<\/li>\n<li>Obtenci\u00f3n de un permiso de construcci\u00f3n 3 del costo de la construcci\u00f3n (pago al fondo del estado);<\/li>\n<li>Para obtener informaci\u00f3n m\u00e1s precisa y detallada, p\u00f3ngase en contacto con nosotros;<\/li>\n<\/ul>\n<p><a href=\"https:\/\/domconst.com\/ru\/%d0%bf%d1%80%d0%be%d1%86%d0%b5%d0%b4%d1%83%d1%80%d0%b0-%d0%bf%d0%be%d0%ba%d1%83%d0%bf%d0%ba%d0%b8\/%d0%b2%d1%8b%d0%b1%d0%be%d1%80-%d1%83%d1%87%d0%b0%d1%81%d1%82%d0%ba%d0%b0-%d0%b4%d0%bb%d1%8f-%d0%bf%d1%80%d0%be%d0%b5%d0%ba%d1%82%d0%b0\/\">Parcelas disponibles para la construcci\u00f3n:<\/a><\/p>\n<ul>\n<li>Residencia Cabarete &#8220;Procab&#8221; (desde 650 metros cuadrados): 50.000 $USd;<\/li>\n<li>Entre Sosua y Cabarete se encuentra la residencia de <a href=\"https:\/\/domconst.com\/ru\/perla-marina\/\">Pearla Marina<\/a> desde 632 metros cuadrados. M: 45.000 USd;<\/li>\n<li><a href=\"https:\/\/domconst.com\/ru\/lomas-mironas\/\">Lomas Mirones<\/a> se encuentra en las colinas elevadas de El Choco 700 metros cuadrados. M: 44.000 USd;<\/li>\n<li>Cabarete Green Garden 100 metros a la orilla de 400 metros cuadrados: desde 50000. usd.<\/li>\n<li><a href=\"https:\/\/domconst.com\/ru\/sosua-ocean-village\/\">Sosua Ocean Village<\/a> desde 500 metros cuadrados desde 50 mil usd.<\/li>\n<li>Si hay alg\u00fan deseo aconsejan que nos pregunte podemos recoger las mejores parcelas para usted en construcci\u00f3n, ya que cooperamos con las agencias inmobiliarias l\u00edderes que tienen sus oficinas en la costa de \u00e1mbar de la Rep\u00fablica Dominicana. <!--Chat button will appear here-->\n<div id=\"MyLiveChatContainer\"><\/div>\n<p><!--Add the following script at the bottom of the web page (before <\/body><\/html>)--><br \/>\n<script type=\"text\/javascript\">function add_chatbutton(){var hccid=30346873;var nt=document.createElement(\"script\");nt.async=true;nt.src=\"https:\/\/www.mylivechat.com\/chatbutton.aspx?hccid=\"+hccid;var ct=document.getElementsByTagName(\"script\")[0];ct.parentNode.insertBefore(nt,ct);}\nadd_chatbutton();<\/script><\/li>\n<\/ul>\n","protected":false},"excerpt":{"rendered":"<p>Modelado y visualizaci\u00f3n 3D El dise\u00f1o de sitios de construcci\u00f3n modernos implica el uso de tecnolog\u00edas modernas, gracias a las cuales, las tareas se realizan m\u00e1s r\u00e1pido, y los costos se reducen. Pero incluso un dibujo detallado no le permite imaginar con precisi\u00f3n la configuraci\u00f3n de la estructura futura, si se compara la informaci\u00f3n que [&hellip;]<\/p>\n","protected":false},"author":3,"featured_media":0,"parent":0,"menu_order":0,"comment_status":"closed","ping_status":"closed","template":"","meta":{"footnotes":""},"yst_prominent_words":[],"class_list":["post-10236","page","type-page","status-publish","hentry"],"_links":{"self":[{"href":"https:\/\/domconst.com\/es\/wp-json\/wp\/v2\/pages\/10236","targetHints":{"allow":["GET"]}}],"collection":[{"href":"https:\/\/domconst.com\/es\/wp-json\/wp\/v2\/pages"}],"about":[{"href":"https:\/\/domconst.com\/es\/wp-json\/wp\/v2\/types\/page"}],"author":[{"embeddable":true,"href":"https:\/\/domconst.com\/es\/wp-json\/wp\/v2\/users\/3"}],"replies":[{"embeddable":true,"href":"https:\/\/domconst.com\/es\/wp-json\/wp\/v2\/comments?post=10236"}],"version-history":[{"count":0,"href":"https:\/\/domconst.com\/es\/wp-json\/wp\/v2\/pages\/10236\/revisions"}],"wp:attachment":[{"href":"https:\/\/domconst.com\/es\/wp-json\/wp\/v2\/media?parent=10236"}],"wp:term":[{"taxonomy":"yst_prominent_words","embeddable":true,"href":"https:\/\/domconst.com\/es\/wp-json\/wp\/v2\/yst_prominent_words?post=10236"}],"curies":[{"name":"wp","href":"https:\/\/api.w.org\/{rel}","templated":true}]}}