{"id":15925,"date":"2020-04-07T22:17:39","date_gmt":"2020-04-08T02:17:39","guid":{"rendered":"https:\/\/domconst.com\/service\/"},"modified":"2020-04-07T22:17:45","modified_gmt":"2020-04-08T02:17:45","slug":"service","status":"publish","type":"page","link":"https:\/\/domconst.com\/de\/service\/","title":{"rendered":"Service"},"content":{"rendered":"<div class=\"wpb-content-wrapper\"><p>[vc_row][vc_column][vc_column_text]<\/p>\n<h2>Service<\/h2>\n<p><span class=\"\"> Unsere f\u00fchrenden Spezialisten, Immobilienmanager, professionelle Vermieter, werden jede Unterst\u00fctzung bei der Verwaltung von Immobilien bieten. Wir bewirtschaften Immobilien auch aus technischer und wirtschaftlicher Sicht professionell. Unser Team ist Spezialist, den wir kaum in voller Personal Hunger Dominikanische Republik ausgew\u00e4hlt. Wir halten ein hohes Ma\u00df an Service, und unsere Experten wissen genau, was die Dosierung von Chlor und Salzs\u00e4ure. <\/span><\/p>\n<p>Service dieses Konzepts umfasst nicht nur Servicearbeit, sondern auch das Konzept des komplexen Immobilienmanagements. Unser Vorteil ist, dass wir mit allen Ressourcen fast in Echtzeit die n\u00e4chstgelegenen Anfragen von Mietern \u00fcberwachen, und wenn es eines entscheidenden Meetings bedarf, um eine wichtige Transaktion zu t\u00e4tigen, organisieren wir sie, indem wir ihre starken Verbindungen zu Entscheidungstr\u00e4gern nutzen.<\/p>\n<p>Obwohl die Mathematik der kurzfristigen Vermietungen attraktiv ist, ist Immobilienservice f\u00fcr kurze Zeit viel schwieriger. Wenn Sie oder Ihre Kunden planen, in Airbnb-Immobilien zu investieren, m\u00fcssen Sie sich mit den Regeln, \u00dcbungslisten, Kommunikation, Betrieb und Gasterwartungen vertraut machen, die jetzt oft der Hotelebene entsprechen. Dies erfordert Geschick, Planung und ein Gef\u00fchl der Gastfreundschaft.<\/p>\n<p>[\/vc_column_text][\/vc_column][\/vc_row][vc_row][vc_column]\n\t\t\t<!-- START airbnb REVOLUTION SLIDER 6.7.20 --><p class=\"rs-p-wp-fix\"><\/p>\n\t\t\t<rs-module-wrap id=\"rev_slider_21_1_wrapper\" data-source=\"gallery\" style=\"visibility:hidden;background:transparent;padding:0;margin:0px auto;margin-top:0;margin-bottom:0;\">\n\t\t\t\t<rs-module id=\"rev_slider_21_1\" style=\"\" data-version=\"6.7.20\">\n\t\t\t\t\t<rs-slides style=\"overflow: hidden; position: absolute;\">\n\t\t\t\t\t\t<rs-slide style=\"position: absolute;\" data-key=\"rs-71\" data-title=\"Slide\" data-anim=\"adpr:false;\">\n\t\t\t\t\t\t\t<img decoding=\"async\" src=\"\/\/domconst.com\/wp-content\/plugins\/revslider\/sr6\/assets\/assets\/dummy.png\" alt=\"Slide\" title=\"Service\" class=\"rev-slidebg tp-rs-img rs-lazyload\" data-lazyload=\"\/\/domconst.com\/wp-content\/plugins\/revslider\/sr6\/assets\/assets\/transparent.png\" data-no-retina>\n<!--\n\t\t\t\t\t\t\t--><rs-layer\n\t\t\t\t\t\t\t\tid=\"slider-21-slide-71-layer-1\" \n\t\t\t\t\t\t\t\tclass=\"rs-layer-video intrinsic-ignore\"\n\t\t\t\t\t\t\t\tdata-type=\"video\"\n\t\t\t\t\t\t\t\tdata-rsp_ch=\"on\"\n\t\t\t\t\t\t\t\tdata-xy=\"x:-3px;y:2px;\"\n\t\t\t\t\t\t\t\tdata-text=\"l:22;a:inherit;\"\n\t\t\t\t\t\t\t\tdata-dim=\"w:1246px;h:878px;\"\n\t\t\t\t\t\t\t\tdata-video=\"twa:false;vd:100;rwd:f;l:true;ptimer:false;nse:f;sav:f;sp:2;inl:f;\"\n\t\t\t\t\t\t\t\tdata-ytid=\"9bMZRtOceHk\"\n\t\t\t\t\t\t\t\tdata-vatr=\"version=3&amp;enablejsapi=1&amp;html5=1&amp;hd=1&amp;wmode=opaque&amp;showinfo=0&amp;rel=0&amp;origin=https:\/\/domconst.com;\"\n\t\t\t\t\t\t\t\tdata-frame_0=\"tp:600;\"\n\t\t\t\t\t\t\t\tdata-frame_1=\"tp:600;st:0;\"\n\t\t\t\t\t\t\t\tdata-frame_999=\"o:0;tp:600;st:w;sR:8700;\"\n\t\t\t\t\t\t\t\tstyle=\"z-index:5;\"\n\t\t\t\t\t\t\t>\n\t\t\t\t\t\t\t<\/rs-layer><!--\n-->\t\t\t\t\t<\/rs-slide>\n\t\t\t\t\t<\/rs-slides>\n\t\t\t\t<\/rs-module>\n\t\t\t\t<script>\n\t\t\t\t\tsetREVStartSize({c: 'rev_slider_21_1',rl:[1240,1024,778,480],el:[],gw:[1240],gh:[868],type:'standard',justify:'',layout:'fullwidth',mh:\"0\"});if (window.RS_MODULES!==undefined && window.RS_MODULES.modules!==undefined && window.RS_MODULES.modules[\"revslider211\"]!==undefined) {window.RS_MODULES.modules[\"revslider211\"].once = false;window.revapi21 = undefined;if (window.RS_MODULES.checkMinimal!==undefined) window.RS_MODULES.checkMinimal()}\n\t\t\t\t<\/script>\n\t\t\t\t<script src=\"https:\/\/www.youtube.com\/iframe_api\"><\/script>\n\t\t\t<\/rs-module-wrap>\n\t\t\t<!-- END REVOLUTION SLIDER -->\n[\/vc_column][\/vc_row][vc_row][vc_column][vc_column_text]<\/p>\n<h4>Airbnb-Immobilienservice.<\/h4>\n<p>&nbsp;<\/p>\n<p>Wenn Sie <a href=\"\/?p=15681\">eine Anlageimmobilie kaufen,<\/a>wissen Sie wahrscheinlich, dass viele Eigent\u00fcmer den Service selbst nicht wollen oder k\u00f6nnen. Sie m\u00fcssen die richtige Wahl des Unternehmens treffen, um Ihre Kunden zu einem zuverl\u00e4ssigen lokalen professionellen Manager f\u00fcr kurzfristige Mietobjekte zu leiten. <span class=\"\">Die Verwaltung eines erfolgreichen kurzfristigen Mietportfolios ist keine leichte Aufgabe. <\/span><\/p>\n<p><span class=\"\"> Professionelle Manager verstehen, dass Sie zur Optimierung von Besch\u00e4ftigung und Einkommen so viele Menschen wie m\u00f6glich sehen m\u00fcssen. <\/span>Die erfolgreichsten Gastgeber und professionellen Immobilienverwalter von Airbnb sind auf mehreren OTA-Websites (d. h. Kan\u00e4len) t\u00e4tig, um den Umsatz zu maximieren. Channel-Management-Software (wie Rentals United oder BookingPal) ist entscheidend, um Doppelbuchungen zu vermeiden. <span class=\"\">Wenn Sie keine Kanalverwaltung verwenden und Ihre Immobilie in allen OTA angezeigt wird, k\u00f6nnen Einzelpersonen Ihre Immobilie gleichzeitig auf verschiedenen Websites aus der ganzen Welt buchen, und dann m\u00fcssen Sie das komplexe Problem der &#8220;Doppelbuchungen&#8221; l\u00f6sen.<\/span><\/p>\n<p><span class=\"\"> Auch wenn Sie Ihre Immobilie nur auf Airbnb posten m\u00f6chten, werden Sie bald mit Gastnachrichten \u00fcberfordert sein. <\/span><span class=\"goog-text-highlight\">(Wussten Sie was: Airbnb wertet Ihre Immobilie aus und zeigt sie an, je nachdem, wie schnell Sie auf die Nachricht reagieren?) Ein gutes PMS-System erm\u00f6glicht es Ihnen, viele der h\u00e4ufigsten Fragen zu automatisieren, die G\u00e4ste stellen werden. <\/span><\/p>\n<p>Dar\u00fcber hinaus ist es auch notwendig, die Kontrolle \u00fcber die Qualit\u00e4t der Reinigung und Wartung der Immobilie zu haben. Unsere Spezialisten f\u00fchren eine doppelte Qualit\u00e4tskontrolle von Dienstleistungen durch. Wer die Dominikanische Republik aus erster Hand kennt, wei\u00df, wie man nicht nur eine hochwertige Reinigung oder Reparatur einer Waschmaschine organisiert. Dennoch haben wir ein gewisses Niveau in der Instandhaltung unserer Immobilien erreicht.[\/vc_column_text][\/vc_column][\/vc_row][vc_row][vc_column][vc_icon type=&#8221;monosocial&#8221; icon_monosocial=&#8221;vc-mono vc-mono-spotify&#8221; background_style=&#8221;rounded-less&#8221; background_color=&#8221;turquoise&#8221; align=&#8221;center&#8221; css_animation=&#8221;bounceIn&#8221;][\/vc_column][\/vc_row]<\/p>\n<\/div>","protected":false},"excerpt":{"rendered":"<p>[vc_row][vc_column][vc_column_text] Service Unsere f\u00fchrenden Spezialisten, Immobilienmanager, professionelle Vermieter, werden jede Unterst\u00fctzung bei der Verwaltung von Immobilien bieten. Wir bewirtschaften Immobilien auch aus technischer und wirtschaftlicher Sicht professionell. Unser Team ist Spezialist, den wir kaum in voller Personal Hunger Dominikanische Republik ausgew\u00e4hlt. Wir halten ein hohes Ma\u00df an Service, und unsere Experten wissen genau, was die [&hellip;]<\/p>\n","protected":false},"author":3,"featured_media":0,"parent":0,"menu_order":0,"comment_status":"closed","ping_status":"closed","template":"","meta":{"footnotes":""},"yst_prominent_words":[],"class_list":["post-15925","page","type-page","status-publish","hentry"],"_links":{"self":[{"href":"https:\/\/domconst.com\/de\/wp-json\/wp\/v2\/pages\/15925","targetHints":{"allow":["GET"]}}],"collection":[{"href":"https:\/\/domconst.com\/de\/wp-json\/wp\/v2\/pages"}],"about":[{"href":"https:\/\/domconst.com\/de\/wp-json\/wp\/v2\/types\/page"}],"author":[{"embeddable":true,"href":"https:\/\/domconst.com\/de\/wp-json\/wp\/v2\/users\/3"}],"replies":[{"embeddable":true,"href":"https:\/\/domconst.com\/de\/wp-json\/wp\/v2\/comments?post=15925"}],"version-history":[{"count":0,"href":"https:\/\/domconst.com\/de\/wp-json\/wp\/v2\/pages\/15925\/revisions"}],"wp:attachment":[{"href":"https:\/\/domconst.com\/de\/wp-json\/wp\/v2\/media?parent=15925"}],"wp:term":[{"taxonomy":"yst_prominent_words","embeddable":true,"href":"https:\/\/domconst.com\/de\/wp-json\/wp\/v2\/yst_prominent_words?post=15925"}],"curies":[{"name":"wp","href":"https:\/\/api.w.org\/{rel}","templated":true}]}}