{"id":15891,"date":"2020-04-07T19:55:09","date_gmt":"2020-04-07T23:55:09","guid":{"rendered":"https:\/\/domconst.com\/vermietung-in-sosua\/"},"modified":"2020-08-16T22:13:51","modified_gmt":"2020-08-17T02:13:51","slug":"vermietung-in-sosua","status":"publish","type":"page","link":"https:\/\/domconst.com\/de\/vermietung-in-sosua\/","title":{"rendered":"Vermietung in Sosua"},"content":{"rendered":"<div class=\"wpb-content-wrapper\"><p>[vc_row][vc_column][vc_column_text css_animation=&#8221;bounceInUp&#8221;]<\/p>\n<h2>Vermietung in Sosua<\/h2>\n<p>&#8220;Mietgesch\u00e4ft in Sosua&#8221; in der Dominikanischen Republik &#8211; eine der Standard-Methoden der passiven Einkommen, bringt ein stabiles Einkommen f\u00fcr die Eigent\u00fcmer nicht nur in Form von Miete, sondern auch wegen der j\u00e4hrlichen Anstieg der Preise f\u00fcr Immobilien aufgrund der schnellen Zunahme der Popularit\u00e4t. Da es in der Dominikanischen Republik fast keine rassistischen Animosit\u00e4ten gibt, ist es einfach, ein <a href=\"http:\/\/domrent.host\">Mietgesch\u00e4ft<\/a> in Sosua zu f\u00fchren. Um dies zu tun, m\u00fcssen Sie zuerst eine Immobilie kaufen. Und es spielt keine Rolle, welche Immobilien es sein, ein Restaurant am Strand, Wohnungen oder ein Herrenhaus. Sie k\u00f6nnen uns kontaktieren, um Ihre Immobilie zu vermieten und zu beobachten, wie Ihr Einkommen w\u00e4chst.  <a href=\"http:\/\/domrent.hos\">Domrent.host  <\/a><\/p>\n<p>Wir haben ein Portal f\u00fcr Gastgeber, wo jeder die H\u00f6he der Einnahmen und Ausgaben sehen kann und auch die Tage f\u00fcr die Selbstankunft in ihrem Eigentum mit der Gewissheit blockieren, dass das Haus an diesen Tagen kostenlos sein wird.<\/p>\n<p>Sie k\u00f6nnen dies auf zwei Arten tun: eine bestehende Immobilie zu kaufen oder eigenst\u00e4ndig auf Ihrem eigenen Projekt zu bauen. Bau ist in der Regel 30 billiger als der Kauf von fertigen Immobilien. Es ist auch besser, den Bau der gepr\u00fcften Unternehmen zu organisieren, weil sonst alle Einnahmen aus dem Vermietungsgesch\u00e4ft gehen k\u00f6nnen, um ein schlecht gebautes Haus zu reparieren. Wie andernorts gibt es viele Menschen, die sich als Bauherren ausgeben, ohne eine spezielle Ausbildung zu haben. Ich hatte einen Freund, der dachte, wenn er sich in den H\u00fcttenkeller grub und es mit Ziegeln bedeckte, war er ein Baumeister. Es gibt viele \u00e4hnliche Bauherren hier. Um nicht in solchen Tricks erwischt zu werden, kontaktieren Sie uns in der Firma, und wir werden Ihnen alle notwendigen Service zur Verf\u00fcgung stellen.[\/vc_column_text][\/vc_column][\/vc_row][vc_row][vc_column width=&#8221;1\/4&#8243;][vc_single_image image=&#8221;15852&#8243; alignment=&#8221;center&#8221; onclick=&#8221;custom_link&#8221; css_animation=&#8221;rotateIn&#8221; link=&#8221;https:\/\/domconst.com\/3d-%d0%bc%d0%be%d0%b4%d0%b5%d0%bb%d0%b8%d1%80%d0%be%d0%b2%d0%b0%d0%bd%d0%b8%d0%b5-%d0%b8-%d0%b2%d0%b8%d0%b7%d1%83%d0%b0%d0%bb%d0%b8%d0%b7%d0%b0%d1%86%d0%b8%d1%8f\/%d0%ba%d0%b0%d0%bb%d1%8c%d0%ba%d1%83%d0%bb%d1%8f%d1%82%d0%be%d1%80-%d0%b4%d0%bb%d1%8f-%d0%bf%d0%be%d0%ba%d1%83%d0%bf%d0%b0%d1%82%d0%b5%d0%bb%d0%b5%d0%b9\/&#8221; title=&#8221;Wertberechnung&#8221;][\/vc_column][vc_column width=&#8221;1\/4&#8243;][vc_single_image image=&#8221;15857&#8243; alignment=&#8221;center&#8221; style=&#8221;vc_box_shadow_3d&#8221; onclick=&#8221;custom_link&#8221; css_animation=&#8221;rotateIn&#8221; title=&#8221;Bauen Sie eine Villa&#8221; link=&#8221;https:\/\/domconst.com\/%d1%81%d1%82%d1%80%d0%be%d0%b8%d1%82%d0%b5%d0%bb%d1%8c%d0%bd%d1%8b%d0%b5-%d1%83%d1%81%d0%bb%d1%83%d0%b3%d0%b8\/&#8221;][\/vc_column][vc_column width=&#8221;1\/4&#8243;][vc_single_image image=&#8221;15867&#8243; alignment=&#8221;center&#8221; style=&#8221;vc_box_shadow_3d&#8221; onclick=&#8221;custom_link&#8221; css_animation=&#8221;rollIn&#8221; title=&#8221;Kaufen Sie ein fertiges Haus&#8221; link=&#8221;http:\/\/domconst.com\/property\/&#8221;][\/vc_column][vc_column width=&#8221;1\/4&#8243;][vc_single_image image=&#8221;15871&#8243; alignment=&#8221;center&#8221; style=&#8221;vc_box_shadow_3d&#8221; onclick=&#8221;custom_link&#8221; css_animation=&#8221;rollIn&#8221; title=&#8221;Immobilienmanagement&#8221; link=&#8221;https:\/\/domconst.com\/%d1%81%d0%b5%d1%80%d0%b2%d0%b8%d1%81%d0%bd%d0%be%d0%b5-%d0%be%d0%b1%d1%81%d0%bb%d1%83%d0%b6%d0%b8%d0%b2%d0%b0%d0%bd%d0%b8%d0%b5\/&#8221;][\/vc_column][\/vc_row][vc_row][vc_column][vc_single_image image=&#8221;15861&#8243; img_size=&#8221;full&#8221; alignment=&#8221;center&#8221; style=&#8221;vc_box_shadow_3d&#8221; css_animation=&#8221;rollIn&#8221; title=&#8221;Eine Grafik des Wertezuwachses von Immobilien.&#8221;][\/vc_column][\/vc_row]<\/p>\n<\/div>","protected":false},"excerpt":{"rendered":"<p>[vc_row][vc_column][vc_column_text css_animation=&#8221;bounceInUp&#8221;] Vermietung in Sosua &#8220;Mietgesch\u00e4ft in Sosua&#8221; in der Dominikanischen Republik &#8211; eine der Standard-Methoden der passiven Einkommen, bringt ein stabiles Einkommen f\u00fcr die Eigent\u00fcmer nicht nur in Form von Miete, sondern auch wegen der j\u00e4hrlichen Anstieg der Preise f\u00fcr Immobilien aufgrund der schnellen Zunahme der Popularit\u00e4t. Da es in der Dominikanischen Republik fast [&hellip;]<\/p>\n","protected":false},"author":3,"featured_media":0,"parent":0,"menu_order":0,"comment_status":"closed","ping_status":"closed","template":"","meta":{"footnotes":""},"yst_prominent_words":[],"class_list":["post-15891","page","type-page","status-publish","hentry"],"_links":{"self":[{"href":"https:\/\/domconst.com\/de\/wp-json\/wp\/v2\/pages\/15891","targetHints":{"allow":["GET"]}}],"collection":[{"href":"https:\/\/domconst.com\/de\/wp-json\/wp\/v2\/pages"}],"about":[{"href":"https:\/\/domconst.com\/de\/wp-json\/wp\/v2\/types\/page"}],"author":[{"embeddable":true,"href":"https:\/\/domconst.com\/de\/wp-json\/wp\/v2\/users\/3"}],"replies":[{"embeddable":true,"href":"https:\/\/domconst.com\/de\/wp-json\/wp\/v2\/comments?post=15891"}],"version-history":[{"count":0,"href":"https:\/\/domconst.com\/de\/wp-json\/wp\/v2\/pages\/15891\/revisions"}],"wp:attachment":[{"href":"https:\/\/domconst.com\/de\/wp-json\/wp\/v2\/media?parent=15891"}],"wp:term":[{"taxonomy":"yst_prominent_words","embeddable":true,"href":"https:\/\/domconst.com\/de\/wp-json\/wp\/v2\/yst_prominent_words?post=15891"}],"curies":[{"name":"wp","href":"https:\/\/api.w.org\/{rel}","templated":true}]}}