{"id":13971,"date":"2019-09-05T02:31:39","date_gmt":"2019-09-05T06:31:39","guid":{"rendered":"https:\/\/domconst.com\/auswahl-der-materialien\/"},"modified":"2019-09-05T02:32:10","modified_gmt":"2019-09-05T06:32:10","slug":"auswahl-der-materialien","status":"publish","type":"page","link":"https:\/\/domconst.com\/de\/auswahl-der-materialien\/","title":{"rendered":"Auswahl der Materialien"},"content":{"rendered":"<p>Jeder zweite Mensch auf der Erde tr\u00e4umt davon, heute alle 100 Menschen ein Haus zu bauen, von dem Bau in der Dominikanischen Republik. Die Lage in den Gro\u00dfst\u00e4dten wird von Jahr zu Jahr trauriger.<\/p>\n<p>Jede Konstruktion ist immer lang, ziemlich teuer und anstrengend. Sie k\u00f6nnen ein gutes Haus nur aus hochwertigen Baustoffen bauen. Ihre Wahl ist eine verantwortungsvolle Aufgabe, sowohl f\u00fcr den Besitzer als auch f\u00fcr den Vorarbeiter. Denn wenn der Eigent\u00fcmer des k\u00fcnftigen Hauses in diesem Fall nichts versteht, ist der Vorarbeiter lediglich verpflichtet, auf die M\u00e4ngel beim Anblick minderwertiger Waren hinzuweisen.<\/p>\n<p>Bevor Sie endlich einen Kauf im Stift des \u00fcberfluteten Baumarktes t\u00e4tigen, empfehlen wir Ihnen, nicht faul zu sein, Zeit zu verbringen und mehrere Superm\u00e4rkte zu besuchen, um die Preise f\u00fcr die Hauptartikel zu vergleichen. Wir garantieren, dass jedes Produkt um ein Vielfaches billiger gefunden werden kann, wenn Sie wollen.<\/p>\n<p>Sie m\u00fcssen eine ziemlich gro\u00dfe Anzahl von Waren kaufen. Sie m\u00fcssen Bausand kaufen, Inventar der Arbeiter zur Verf\u00fcgung stellen, etc. Schreiben Sie also eine Liste aller Wesentlichen. In vielen Gesch\u00e4ften, wenn Sie eine gro\u00dfe Summe ausgeben, wird Ihnen eine Rabattkarte angeboten.<\/p>\n<p>Einige Verkaufsstellen bieten kostenlosen Versand als Bonus. Hier sind ein paar Sparoptionen beim Kauf. Aber nehmen Sie nicht viele Einheiten von jedem Baumaterial. Schlie\u00dflich braucht man am Ende der Bauzeit keine S\u00e4cke Zement. Es ist besser, wenn n\u00f6tig, zu gehen und alles zu kaufen, was Sie brauchen.<\/p>\n","protected":false},"excerpt":{"rendered":"<p>Jeder zweite Mensch auf der Erde tr\u00e4umt davon, heute alle 100 Menschen ein Haus zu bauen, von dem Bau in der Dominikanischen Republik. Die Lage in den Gro\u00dfst\u00e4dten wird von Jahr zu Jahr trauriger. Jede Konstruktion ist immer lang, ziemlich teuer und anstrengend. Sie k\u00f6nnen ein gutes Haus nur aus hochwertigen Baustoffen bauen. Ihre Wahl [&hellip;]<\/p>\n","protected":false},"author":31,"featured_media":0,"parent":0,"menu_order":0,"comment_status":"closed","ping_status":"closed","template":"","meta":{"footnotes":""},"yst_prominent_words":[],"class_list":["post-13971","page","type-page","status-publish","hentry"],"_links":{"self":[{"href":"https:\/\/domconst.com\/de\/wp-json\/wp\/v2\/pages\/13971","targetHints":{"allow":["GET"]}}],"collection":[{"href":"https:\/\/domconst.com\/de\/wp-json\/wp\/v2\/pages"}],"about":[{"href":"https:\/\/domconst.com\/de\/wp-json\/wp\/v2\/types\/page"}],"author":[{"embeddable":true,"href":"https:\/\/domconst.com\/de\/wp-json\/wp\/v2\/users\/31"}],"replies":[{"embeddable":true,"href":"https:\/\/domconst.com\/de\/wp-json\/wp\/v2\/comments?post=13971"}],"version-history":[{"count":0,"href":"https:\/\/domconst.com\/de\/wp-json\/wp\/v2\/pages\/13971\/revisions"}],"wp:attachment":[{"href":"https:\/\/domconst.com\/de\/wp-json\/wp\/v2\/media?parent=13971"}],"wp:term":[{"taxonomy":"yst_prominent_words","embeddable":true,"href":"https:\/\/domconst.com\/de\/wp-json\/wp\/v2\/yst_prominent_words?post=13971"}],"curies":[{"name":"wp","href":"https:\/\/api.w.org\/{rel}","templated":true}]}}