{"id":13957,"date":"2019-09-04T08:03:57","date_gmt":"2019-09-04T12:03:57","guid":{"rendered":"https:\/\/domconst.com\/uber-das-unternehmen\/"},"modified":"2019-09-24T18:08:33","modified_gmt":"2019-09-24T22:08:33","slug":"uber-das-unternehmen","status":"publish","type":"page","link":"https:\/\/domconst.com\/de\/uber-das-unternehmen\/","title":{"rendered":"\u00dcber das Unternehmen"},"content":{"rendered":"<h1>\u00dcber DOMCONST SRL<\/h1>\n<p>Wir hei\u00dfen Sie auf der Website von Domconst SRL willkommen. Einer der Hauptpartner von Domconst SRL ist eine Immobilienagentur:<\/p>\n<h3>Coldwell Banker Amber Coast Realty<\/h3>\n<p>die seit mehr als 10 Jahren erfolgreich auf dem Immobilienmarkt t\u00e4tig sind. Die Hauptaktivit\u00e4ten der Unternehmen sind Verkauf, Miete, Bau, rechtliche Unterst\u00fctzung. Wir stellen Ihnen alle Informationen zur Verf\u00fcgung, die Sie ben\u00f6tigen, und beraten Sie in allen Fragen im Zusammenhang mit dem Erwerb oder Verkauf von Immobilien in der Dominikanischen Republik.<\/p>\n<p><b>Domconst SRL bietet eine riesige Auswahl an Dienstleistungen in der Dominikanischen Republik, so dass unsere Kunden ihre W\u00fcnsche wirklichkeit werden lassen:<\/b><\/p>\n<ul type=\"circle\">\n<li>Bau schl\u00fcsselfertig mit allen Genehmigungen;<\/li>\n<li>Verkauf und Vermietung einer Immobilie;<\/li>\n<li>Suchen und Ausw\u00e4hlen von Eigenschaften;<\/li>\n<li>Hilfe bei der Organisation der Studienreise;<\/li>\n<li>Lernen Sie die Objekte kennen, die Ihnen gefallen;<\/li>\n<li>vollst\u00e4ndige rechtliche Unterst\u00fctzung f\u00fcr die Transaktion;<\/li>\n<li>Einb\u00fcrgerungsberatung;<\/li>\n<li>Au\u00dfergew\u00f6hnliche Privatsph\u00e4re<\/li>\n<li>Korrektheit, Klarheit und Genauigkeit w\u00e4hrend unserer gesamten Zusammenarbeit.<\/li>\n<li>Instandhaltung des Eigentums.<\/li>\n<li>Wohnungsverwaltungsverwaltungsdienst<\/li>\n<\/ul>\n<p>Unsere Domconst SRL-Website bietet umfangreiche Datenbanken f\u00fcr fast alle Websites. Wir haben versucht, das bequemste Werkzeug f\u00fcr Sie zu schaffen, das bei der L\u00f6sung von Problemen wie Bau, Verkauf und Vermietung von Immobilien helfen wird. Auf unserer Website online k\u00f6nnen Sie umgehend eine individuelle Auswahl, einen Verkauf oder Kauf von Immobilien beantragen. In unserem B\u00fcro erhalten Sie die detailliertesten und zuverl\u00e4ssigsten Informationen, so dass Sie die richtige und \u00fcberlegte Entscheidung treffen k\u00f6nnen.<\/p>\n<p><strong>Wir arbeiten 6 Tage die Woche von 8.00 bis 19.00 Uhr.<\/strong><\/p>\n<p><b>Zus\u00e4tzliche Dienstleistungen:<\/b><\/p>\n<ul type=\"circle\">\n<li>Treffen am Flughafen;<\/li>\n<li>Hilfe bei der Organisation der Studienreise;<\/li>\n<li>Suchen und Ausw\u00e4hlen von Eigenschaften;<\/li>\n<li>Lernen Sie die Objekte kennen, die Ihnen gefallen;<\/li>\n<li>Architektur, Designarbeit;<\/li>\n<li>Einb\u00fcrgerungsberatung;<\/li>\n<li>Zulassung: Unternehmen, Fahrzeuge;<\/li>\n<li>Bereitstellung von Fahrzeugen mit einem Fahrer (Ausfahrt oder Miete bis zu 12 Stunden pro Tag);<\/li>\n<li>Hilfszahlungsdienst;<\/li>\n<li>Der Schutz Ihres Hauses, der Vertrag mit der Sicherheitsfirma;<\/li>\n<li>Hilfe beim Kauf von Fahrzeugen, Flugzeugen, Hubschraubern, Yachten usw.;<\/li>\n<li>Er\u00f6ffnung Ihres Unternehmens (Unternehmen, Unternehmen usw.);<\/li>\n<li>Alle Steuern Ihres Unternehmens (von einem separaten Konto oder nach Erhalt einer \u00dcberweisung) zu zahlen;<\/li>\n<li>Au\u00dfergew\u00f6hnliche Privatsph\u00e4re.<\/li>\n<\/ul>\n<p>In unserem B\u00fcro erhalten Sie die detailliertesten und zuverl\u00e4ssigsten Informationen, so dass Sie die richtige und \u00fcberlegte Entscheidung treffen k\u00f6nnen.<\/p>\n<p><strong>Unsere Adresse: Provincia Puerto Plata, municipio Sosua, Cabarete, Calle Principal frente Panaderia Dick. Dominikanische Republik, Domconst SRL.<\/strong><\/p>\n","protected":false},"excerpt":{"rendered":"<p>\u00dcber DOMCONST SRL Wir hei\u00dfen Sie auf der Website von Domconst SRL willkommen. Einer der Hauptpartner von Domconst SRL ist eine Immobilienagentur: Coldwell Banker Amber Coast Realty die seit mehr als 10 Jahren erfolgreich auf dem Immobilienmarkt t\u00e4tig sind. Die Hauptaktivit\u00e4ten der Unternehmen sind Verkauf, Miete, Bau, rechtliche Unterst\u00fctzung. Wir stellen Ihnen alle Informationen zur [&hellip;]<\/p>\n","protected":false},"author":3,"featured_media":0,"parent":0,"menu_order":0,"comment_status":"closed","ping_status":"closed","template":"","meta":{"footnotes":""},"yst_prominent_words":[],"class_list":["post-13957","page","type-page","status-publish","hentry"],"_links":{"self":[{"href":"https:\/\/domconst.com\/de\/wp-json\/wp\/v2\/pages\/13957","targetHints":{"allow":["GET"]}}],"collection":[{"href":"https:\/\/domconst.com\/de\/wp-json\/wp\/v2\/pages"}],"about":[{"href":"https:\/\/domconst.com\/de\/wp-json\/wp\/v2\/types\/page"}],"author":[{"embeddable":true,"href":"https:\/\/domconst.com\/de\/wp-json\/wp\/v2\/users\/3"}],"replies":[{"embeddable":true,"href":"https:\/\/domconst.com\/de\/wp-json\/wp\/v2\/comments?post=13957"}],"version-history":[{"count":0,"href":"https:\/\/domconst.com\/de\/wp-json\/wp\/v2\/pages\/13957\/revisions"}],"wp:attachment":[{"href":"https:\/\/domconst.com\/de\/wp-json\/wp\/v2\/media?parent=13957"}],"wp:term":[{"taxonomy":"yst_prominent_words","embeddable":true,"href":"https:\/\/domconst.com\/de\/wp-json\/wp\/v2\/yst_prominent_words?post=13957"}],"curies":[{"name":"wp","href":"https:\/\/api.w.org\/{rel}","templated":true}]}}