{"id":13634,"date":"2019-06-29T00:43:42","date_gmt":"2019-06-29T04:43:42","guid":{"rendered":"https:\/\/domconst.com\/ausverkauf\/"},"modified":"2020-04-24T16:07:13","modified_gmt":"2020-04-24T20:07:13","slug":"verkauf","status":"publish","type":"page","link":"https:\/\/domconst.com\/de\/verkauf\/","title":{"rendered":"Verkauf"},"content":{"rendered":"<div class=\"wpb-content-wrapper\"><p>[vc_row][vc_column][vc_column_text]<\/p>\n<p style=\"text-align: right;\"><img fetchpriority=\"high\" decoding=\"async\" class=\"size-medium wp-image-10421 alignleft\" src=\"http:\/\/domconst.com\/wp-content\/uploads\/2018\/12\/FB_IMG_15411196964704314-300x168.jpg\" alt=\"\" width=\"300\" height=\"168\" srcset=\"https:\/\/domconst.com\/wp-content\/uploads\/2018\/12\/FB_IMG_15411196964704314-300x168.jpg 300w, https:\/\/domconst.com\/wp-content\/uploads\/2018\/12\/FB_IMG_15411196964704314-150x84.jpg 150w, https:\/\/domconst.com\/wp-content\/uploads\/2018\/12\/FB_IMG_15411196964704314-350x197.jpg 350w, https:\/\/domconst.com\/wp-content\/uploads\/2018\/12\/FB_IMG_15411196964704314.jpg 714w\" sizes=\"(max-width: 300px) 100vw, 300px\" \/>Verkauf fertiger Immobilien. Vielleicht k\u00f6nnen wir Ihnen Optionen f\u00fcr fertige Immobilien anbieten. Unsere Manager sind unerm\u00fcdlich auf der Suche nach neuen Objekten, die von den Eigent\u00fcmern zum Verkauf angeboten werden. Entdecken Sie die Optionen auf unserer Seite und stellen Sie sicher, dass Sie einen unserer Manager fragen, ob es etwas im dringenden Verkauf gibt. Sehr oft gibt es bestimmte Situationen und der Eigent\u00fcmer muss dringend die Immobilie verkaufen. Hier werden wir ihm helfen, das Objekt zu verkaufen und der neue Besitzer wird das Objekt zu einem Rabattpreis erhalten, passiert, dass die Preise um 10 und m\u00f6glicherweise 15 diskontiert werden k\u00f6nnen. Aber nat\u00fcrlich kommt es nicht oft vor, aber die Leute spielen gerne Lotterie und wir lieben es, Menschen zu helfen.<\/p>\n<p>&nbsp;<\/p>\n<p>&nbsp;<\/p>\n<p>[\/vc_column_text][\/vc_column][\/vc_row][vc_row][vc_column]\t\t<div class=\"taxonomy-grids-module taxonomy-grids-module-v2\">\r\n    \t\t<div class=\"taxonomy-grids-module-grid\">\r\n\t\t\t\t\t\t\t\t\t\t<div class=\"taxonomy-item-square\">\r\n\t\t\t\t\t\t\t<div class=\"taxonomy-item \" style=\"background-image: url(https:\/\/domconst.com\/wp-content\/uploads\/2019\/05\/Commercial-Center-Land-Cabarete-631x465.jpg);\">\r\n\t\t\t\t\t\t\t\t<a class=\"taxonomy-link hover-effect-flat\" href=\"https:\/\/domconst.com\/de\/property-type\/grundstueck\/\">\r\n\t\t\t\t\t\t\t\t\t<div class=\"taxonomy-text-wrap\">\r\n\t\t\t\t\t\t\t\t\t\t<div class=\"taxonomy-title\">Grundst\u00fcck<\/div>\r\n\t\t\t\t\t\t\t\t\t\t\t\t\t\t\t\t\t\t\t\t\t<div class=\"taxonomy-subtitle\">\r\n\t\t\t\t\t\t\t\t\t\t\t\t8\t\t\t\t\t\t\t\t\t\t\t\tProperties\t\t\t\t\t\t\t\t\t\t\t<\/div>\r\n\t\t\t\t\t\t\t\t\t\t\t\t\t\t\t\t\t\t\t<\/div><!-- taxonomy-text-wrap -->\r\n\t\t\t\t\t\t\t\t<\/a>\r\n\t\t\t\t\t\t\t<\/div>\r\n\t\t\t\t\t\t<\/div>\r\n\t\t\t\t\t\t\t\t\t\t\t\t<div class=\"taxonomy-item-square\">\r\n\t\t\t\t\t\t\t<div class=\"taxonomy-item \" style=\"background-image: url(https:\/\/domconst.com\/wp-content\/uploads\/2020\/07\/place_image-image-bd1d176e-edff-45fc-9f6f-f170f9f1857d.jpg);\">\r\n\t\t\t\t\t\t\t\t<a class=\"taxonomy-link hover-effect-flat\" href=\"https:\/\/domconst.com\/de\/property-type\/kommerziell\/\">\r\n\t\t\t\t\t\t\t\t\t<div class=\"taxonomy-text-wrap\">\r\n\t\t\t\t\t\t\t\t\t\t<div class=\"taxonomy-title\">Kommerziell<\/div>\r\n\t\t\t\t\t\t\t\t\t\t\t\t\t\t\t\t\t\t\t\t\t<div class=\"taxonomy-subtitle\">\r\n\t\t\t\t\t\t\t\t\t\t\t\t9\t\t\t\t\t\t\t\t\t\t\t\tProperties\t\t\t\t\t\t\t\t\t\t\t<\/div>\r\n\t\t\t\t\t\t\t\t\t\t\t\t\t\t\t\t\t\t\t<\/div><!-- taxonomy-text-wrap -->\r\n\t\t\t\t\t\t\t\t<\/a>\r\n\t\t\t\t\t\t\t<\/div>\r\n\t\t\t\t\t\t<\/div>\r\n\t\t\t\t\t\t\t\t\t\t\t\t<div class=\"taxonomy-item-square\">\r\n\t\t\t\t\t\t\t<div class=\"taxonomy-item \" style=\"background-image: url(https:\/\/domconst.com\/wp-content\/uploads\/2018\/03\/29683136_1402859243202660_8077237302985335176_n.jpg);\">\r\n\t\t\t\t\t\t\t\t<a class=\"taxonomy-link hover-effect-flat\" href=\"https:\/\/domconst.com\/de\/property-type\/villen\/\">\r\n\t\t\t\t\t\t\t\t\t<div class=\"taxonomy-text-wrap\">\r\n\t\t\t\t\t\t\t\t\t\t<div class=\"taxonomy-title\">Villen<\/div>\r\n\t\t\t\t\t\t\t\t\t\t\t\t\t\t\t\t\t\t\t\t\t<div class=\"taxonomy-subtitle\">\r\n\t\t\t\t\t\t\t\t\t\t\t\t38\t\t\t\t\t\t\t\t\t\t\t\tProperties\t\t\t\t\t\t\t\t\t\t\t<\/div>\r\n\t\t\t\t\t\t\t\t\t\t\t\t\t\t\t\t\t\t\t<\/div><!-- taxonomy-text-wrap -->\r\n\t\t\t\t\t\t\t\t<\/a>\r\n\t\t\t\t\t\t\t<\/div>\r\n\t\t\t\t\t\t<\/div>\r\n\t\t\t\t\t\t\t\t\t\t\t\t<div class=\"taxonomy-item-square\">\r\n\t\t\t\t\t\t\t<div class=\"taxonomy-item \" style=\"background-image: url(https:\/\/domconst.com\/wp-content\/uploads\/2019\/05\/\u0410\u043f\u0430\u0440\u0442\u0430\u043c\u0435\u043d\u0442\u044b-LUXURY.jpg);\">\r\n\t\t\t\t\t\t\t\t<a class=\"taxonomy-link hover-effect-flat\" href=\"https:\/\/domconst.com\/de\/property-type\/wohnungen\/\">\r\n\t\t\t\t\t\t\t\t\t<div class=\"taxonomy-text-wrap\">\r\n\t\t\t\t\t\t\t\t\t\t<div class=\"taxonomy-title\">Wohnungen<\/div>\r\n\t\t\t\t\t\t\t\t\t\t\t\t\t\t\t\t\t\t\t\t\t<div class=\"taxonomy-subtitle\">\r\n\t\t\t\t\t\t\t\t\t\t\t\t20\t\t\t\t\t\t\t\t\t\t\t\tProperties\t\t\t\t\t\t\t\t\t\t\t<\/div>\r\n\t\t\t\t\t\t\t\t\t\t\t\t\t\t\t\t\t\t\t<\/div><!-- taxonomy-text-wrap -->\r\n\t\t\t\t\t\t\t\t<\/a>\r\n\t\t\t\t\t\t\t<\/div>\r\n\t\t\t\t\t\t<\/div>\r\n\t\t\t\t\t\t\t\t\t<\/div>\r\n\t\t<\/div>\r\n\t\t[\/vc_column][\/vc_row]<\/p>\n<\/div>","protected":false},"excerpt":{"rendered":"<p>[vc_row][vc_column][vc_column_text] Verkauf fertiger Immobilien. Vielleicht k\u00f6nnen wir Ihnen Optionen f\u00fcr fertige Immobilien anbieten. Unsere Manager sind unerm\u00fcdlich auf der Suche nach neuen Objekten, die von den Eigent\u00fcmern zum Verkauf angeboten werden. Entdecken Sie die Optionen auf unserer Seite und stellen Sie sicher, dass Sie einen unserer Manager fragen, ob es etwas im dringenden Verkauf gibt. [&hellip;]<\/p>\n","protected":false},"author":3,"featured_media":13635,"parent":0,"menu_order":0,"comment_status":"closed","ping_status":"closed","template":"","meta":{"footnotes":""},"yst_prominent_words":[],"class_list":["post-13634","page","type-page","status-publish","has-post-thumbnail","hentry"],"_links":{"self":[{"href":"https:\/\/domconst.com\/de\/wp-json\/wp\/v2\/pages\/13634","targetHints":{"allow":["GET"]}}],"collection":[{"href":"https:\/\/domconst.com\/de\/wp-json\/wp\/v2\/pages"}],"about":[{"href":"https:\/\/domconst.com\/de\/wp-json\/wp\/v2\/types\/page"}],"author":[{"embeddable":true,"href":"https:\/\/domconst.com\/de\/wp-json\/wp\/v2\/users\/3"}],"replies":[{"embeddable":true,"href":"https:\/\/domconst.com\/de\/wp-json\/wp\/v2\/comments?post=13634"}],"version-history":[{"count":0,"href":"https:\/\/domconst.com\/de\/wp-json\/wp\/v2\/pages\/13634\/revisions"}],"wp:featuredmedia":[{"embeddable":true,"href":"https:\/\/domconst.com\/de\/wp-json\/wp\/v2\/media\/13635"}],"wp:attachment":[{"href":"https:\/\/domconst.com\/de\/wp-json\/wp\/v2\/media?parent=13634"}],"wp:term":[{"taxonomy":"yst_prominent_words","embeddable":true,"href":"https:\/\/domconst.com\/de\/wp-json\/wp\/v2\/yst_prominent_words?post=13634"}],"curies":[{"name":"wp","href":"https:\/\/api.w.org\/{rel}","templated":true}]}}