{"id":13507,"date":"2019-06-27T22:20:55","date_gmt":"2019-06-28T02:20:55","guid":{"rendered":"https:\/\/domconst.com\/villen\/"},"modified":"2019-11-19T22:02:23","modified_gmt":"2019-11-20T02:02:23","slug":"villen","status":"publish","type":"page","link":"https:\/\/domconst.com\/de\/villen\/","title":{"rendered":"Villen"},"content":{"rendered":"<div class=\"wpb-content-wrapper\"><p>[vc_row][vc_column][vc_column_text]<span style=\"color: #000000\">Wir verraten Ihnen, wo und wie Sie Ihr Traumhaus kaufen, um zu leben oder Gesch\u00e4fte zu machen<\/span><span style=\"color: #000000\">. Es lohnt sich auch, in den Bau zu investieren. Schlie\u00dflich kostet der Bau von H\u00e4usern 30 billiger als der Kauf fertiger Immobilien. Bauzeit f\u00fcr ein eingeschossiges Geb\u00e4ude 3-4 Monate und f\u00fcr zweist\u00f6ckige 5-7 Monate inklusive kompletter Fertigstellung. Die Kaufm\u00f6glichkeiten f\u00fcr fertige H\u00e4user und Bauoptionen finden Sie auf unserer Website.<\/span><\/p>\n<h2><span style=\"color: #ffffff\">Stellen Sie uns eine Frage und wir <\/span><\/h2>\n<p>[\/vc_column_text][\/vc_column][\/vc_row][vc_row][vc_column]\t\t\r\n\t\t<div id=\"properties_module_section\" class=\"property-cards-module property-cards-module-v1 property-cards-module-3-cols\">\r\n\t\t\t<div id=\"module_properties\" class=\"listing-view grid-view card-deck grid-view-3-cols\">\r\n\t\t\t\t<div class=\"item-listing-wrap hz-item-gallery-js card\" data-hz-id=\"hz-102052\" data-images=\"[{&quot;image&quot;:&quot;https:\\\/\\\/domconst.com\\\/wp-content\\\/uploads\\\/2020\\\/10\\\/\\u0424\\u043e\\u0442\\u043e-\\u043e\\u0442-Domconst-592x444.jpg&quot;,&quot;alt&quot;:&quot;&quot;,&quot;width&quot;:592,&quot;height&quot;:444},{&quot;image&quot;:&quot;https:\\\/\\\/domconst.com\\\/wp-content\\\/uploads\\\/2020\\\/10\\\/\\u0424\\u043e\\u0442\\u043e-\\u043e\\u0442-Domconst-592x444.jpg&quot;,&quot;alt&quot;:&quot;&quot;,&quot;width&quot;:592,&quot;height&quot;:444},{&quot;image&quot;:&quot;https:\\\/\\\/domconst.com\\\/wp-content\\\/uploads\\\/2020\\\/10\\\/\\u0424\\u043e\\u0442\\u043e-\\u043e\\u0442-Domconst-1-592x444.jpg&quot;,&quot;alt&quot;:&quot;&quot;,&quot;width&quot;:592,&quot;height&quot;:444},{&quot;image&quot;:&quot;https:\\\/\\\/domconst.com\\\/wp-content\\\/uploads\\\/2020\\\/10\\\/\\u0424\\u043e\\u0442\\u043e-\\u043e\\u0442-Domconst-5-592x444.jpg&quot;,&quot;alt&quot;:&quot;&quot;,&quot;width&quot;:592,&quot;height&quot;:444},{&quot;image&quot;:&quot;https:\\\/\\\/domconst.com\\\/wp-content\\\/uploads\\\/2020\\\/10\\\/\\u0424\\u043e\\u0442\\u043e-\\u043e\\u0442-Domconst-4-592x444.jpg&quot;,&quot;alt&quot;:&quot;&quot;,&quot;width&quot;:592,&quot;height&quot;:444},{&quot;image&quot;:&quot;https:\\\/\\\/domconst.com\\\/wp-content\\\/uploads\\\/2020\\\/10\\\/\\u0424\\u043e\\u0442\\u043e-\\u043e\\u0442-Domconst-3-592x444.jpg&quot;,&quot;alt&quot;:&quot;&quot;,&quot;width&quot;:592,&quot;height&quot;:444},{&quot;image&quot;:&quot;https:\\\/\\\/domconst.com\\\/wp-content\\\/uploads\\\/2020\\\/10\\\/\\u0424\\u043e\\u0442\\u043e-\\u043e\\u0442-Domconst-2-592x444.jpg&quot;,&quot;alt&quot;:&quot;&quot;,&quot;width&quot;:592,&quot;height&quot;:444},{&quot;image&quot;:&quot;https:\\\/\\\/domconst.com\\\/wp-content\\\/uploads\\\/2020\\\/10\\\/medimarmolrd_122186521_730830007506067_350637857357427495_n-592x444.jpg&quot;,&quot;alt&quot;:&quot;&quot;,&quot;width&quot;:592,&quot;height&quot;:444}]\">\n\t<div class=\"item-wrap item-wrap-v1 item-wrap-no-frame h-100\">\n\t\t<div class=\"d-flex align-items-center h-100\">\n\t\t\t<div class=\"item-header\">\n\t\t\t\t<span class=\"label-featured label\">\u0420\u0435\u043a\u043e\u043c\u0435\u043d\u0434\u0443\u0435\u043c\u044b\u0435<\/span>\t\t\t\t<div class=\"labels-wrap labels-right\"> \n\n\t<a href=\"https:\/\/domconst.com\/de\/status\/ausverkauf\/\" class=\"label-status label status-color-712\">\n\t\t\t\t\tAusverkauf\n\t\t\t\t<\/a><a href=\"https:\/\/domconst.com\/de\/status\/im-bau\/\" class=\"label-status label status-color-711\">\n\t\t\t\t\tIm Bau\n\t\t\t\t<\/a>       \n\n<\/div>\n\t\t\t\t<ul class=\"item-price-wrap hide-on-list\">\n\t<li class=\"item-price\"><span class=\"price-prefix\">Inicial <\/span> $174,500<\/li><li class=\"item-sub-price\">$375,000\/Inicial<\/li><\/ul>\t\t\t\t\t\t\t\t<div class=\"listing-image-wrap\">\n\t<div class=\"listing-thumb\">\n\t\t<a target=_self href=\"https:\/\/domconst.com\/de\/property\/villa-mckay\/\" class=\"listing-featured-thumb hover-effect\">\n\t\t\t<img fetchpriority=\"high\" decoding=\"async\" width=\"592\" height=\"444\" src=\"https:\/\/domconst.com\/wp-content\/uploads\/2020\/10\/\u0424\u043e\u0442\u043e-\u043e\u0442-Domconst-592x444.jpg\" class=\"img-fluid wp-post-image\" alt=\"\" srcset=\"https:\/\/domconst.com\/wp-content\/uploads\/2020\/10\/\u0424\u043e\u0442\u043e-\u043e\u0442-Domconst-592x444.jpg 592w, https:\/\/domconst.com\/wp-content\/uploads\/2020\/10\/\u0424\u043e\u0442\u043e-\u043e\u0442-Domconst-584x438.jpg 584w, https:\/\/domconst.com\/wp-content\/uploads\/2020\/10\/\u0424\u043e\u0442\u043e-\u043e\u0442-Domconst-120x90.jpg 120w\" sizes=\"(max-width: 592px) 100vw, 592px\" \/>\t\t<\/a><!-- hover-effect -->\n\t<\/div>\n<\/div>\n\t\t\t\t<div class=\"preview_loader\"><\/div>\n\t\t\t<\/div><!-- item-header -->\t\n\t\t\t<div class=\"item-body flex-grow-1\">\n\t\t\t\t<div class=\"labels-wrap labels-right\"> \n\n\t<a href=\"https:\/\/domconst.com\/de\/status\/ausverkauf\/\" class=\"label-status label status-color-712\">\n\t\t\t\t\tAusverkauf\n\t\t\t\t<\/a><a href=\"https:\/\/domconst.com\/de\/status\/im-bau\/\" class=\"label-status label status-color-711\">\n\t\t\t\t\tIm Bau\n\t\t\t\t<\/a>       \n\n<\/div>\n\t\t\t\t<h2 class=\"item-title\">\n\t<a target=_self href=\"https:\/\/domconst.com\/de\/property\/villa-mckay\/\">Villa McKay<\/a>\n<\/h2><!-- item-title -->\t\t\t\t<ul class=\"item-price-wrap hide-on-list\">\n\t<li class=\"item-price\"><span class=\"price-prefix\">Inicial <\/span> $174,500<\/li><li class=\"item-sub-price\">$375,000\/Inicial<\/li><\/ul>\t\t\t\t<address class=\"item-address\">Sosua 57000, Dominikanische Republik<\/address>\t\t\t\t\t\t\t\t<ul class=\"item-amenities item-amenities-with-icons\">\n\t<li class=\"h-beds\"><i class=\"houzez-icon icon-hotel-double-bed-1 mr-1\"><\/i><span class=\"item-amenities-text\">Beds:<\/span> <span class=\"hz-figure\">3<\/span><\/li><li class=\"h-baths\"><i class=\"houzez-icon icon-bathroom-shower-1 mr-1\"><\/i><span class=\"item-amenities-text\">Baths:<\/span> <span class=\"hz-figure\">3.5<\/span><\/li><li class=\"h-area\"><i class=\"houzez-icon icon-ruler-triangle mr-1\"><\/i><span class=\"hz-figure\">250<\/span> <span class=\"hz-figure area_postfix\">m\u00b2<\/span><\/li><\/ul>\t\t\t\t\t\t\t\t\t\t\t\t\t\t\t<\/div><!-- item-body -->\n\n\t\t\t\t\t<\/div><!-- d-flex -->\n\t<\/div><!-- item-wrap -->\n<\/div><!-- item-listing-wrap --><div class=\"item-listing-wrap hz-item-gallery-js card\" data-hz-id=\"hz-56515\" data-images=\"[{&quot;image&quot;:&quot;https:\\\/\\\/domconst.com\\\/wp-content\\\/uploads\\\/2020\\\/08\\\/Los-Olivos-Nueva-Andalucia-Marbella-new-modern-villa-project_Realista-Quality-properties-Marbella_villa-17-1-592x444.jpg&quot;,&quot;alt&quot;:&quot;&quot;,&quot;width&quot;:592,&quot;height&quot;:444},{&quot;image&quot;:&quot;https:\\\/\\\/domconst.com\\\/wp-content\\\/uploads\\\/2020\\\/08\\\/Los-Olivos-Nueva-Andalucia-Marbella-new-modern-villa-project_Realista-Quality-properties-Marbella_villa-17-1-592x444.jpg&quot;,&quot;alt&quot;:&quot;&quot;,&quot;width&quot;:592,&quot;height&quot;:444},{&quot;image&quot;:&quot;https:\\\/\\\/domconst.com\\\/wp-content\\\/uploads\\\/2020\\\/08\\\/Los-Olivos-Nueva-Andalucia-Marbella-new-modern-villa-project_Realista-Quality-properties-Marbella_villa-17.1-592x444.jpg&quot;,&quot;alt&quot;:&quot;&quot;,&quot;width&quot;:592,&quot;height&quot;:444},{&quot;image&quot;:&quot;https:\\\/\\\/domconst.com\\\/wp-content\\\/uploads\\\/2020\\\/08\\\/Los-Olivos-Nueva-Andalucia-Marbella-new-modern-villa-project_Realista-Quality-properties-Marbella_1-592x444.jpg&quot;,&quot;alt&quot;:&quot;&quot;,&quot;width&quot;:592,&quot;height&quot;:444},{&quot;image&quot;:&quot;https:\\\/\\\/domconst.com\\\/wp-content\\\/uploads\\\/2020\\\/08\\\/Los-Olivos-Nueva-Andalucia-Marbella-new-modern-villa-project_Realista-Quality-properties-Marbella_villa-16-592x444.jpg&quot;,&quot;alt&quot;:&quot;&quot;,&quot;width&quot;:592,&quot;height&quot;:444},{&quot;image&quot;:&quot;https:\\\/\\\/domconst.com\\\/wp-content\\\/uploads\\\/2020\\\/08\\\/Los-Olivos-Nueva-Andalucia-Marbella-new-modern-villa-project_Realista-Quality-properties-Marbella_villa-21-592x444.jpg&quot;,&quot;alt&quot;:&quot;&quot;,&quot;width&quot;:592,&quot;height&quot;:444},{&quot;image&quot;:&quot;https:\\\/\\\/domconst.com\\\/wp-content\\\/uploads\\\/2020\\\/08\\\/Los-Olivos-Nueva-Andalucia-Marbella-new-modern-villa-project_Realista-Quality-properties-Marbella_villa-26-592x444.jpg&quot;,&quot;alt&quot;:&quot;&quot;,&quot;width&quot;:592,&quot;height&quot;:444},{&quot;image&quot;:&quot;https:\\\/\\\/domconst.com\\\/wp-content\\\/uploads\\\/2020\\\/08\\\/Los-Olivos-Nueva-Andalucia-Marbella-new-modern-villa-project_Realista-Quality-properties-Marbella_villa-30-592x444.jpg&quot;,&quot;alt&quot;:&quot;&quot;,&quot;width&quot;:592,&quot;height&quot;:444},{&quot;image&quot;:&quot;https:\\\/\\\/domconst.com\\\/wp-content\\\/uploads\\\/2020\\\/08\\\/Los-Olivos-Nueva-Andalucia-Marbella-new-modern-villa-project_Realista-Quality-properties-Marbella_villa-31-592x444.jpg&quot;,&quot;alt&quot;:&quot;&quot;,&quot;width&quot;:592,&quot;height&quot;:444},{&quot;image&quot;:&quot;https:\\\/\\\/domconst.com\\\/wp-content\\\/uploads\\\/2020\\\/08\\\/Los-Olivos-Nueva-Andalucia-Marbella-new-modern-villa-project_Realista-Quality-properties-Marbella_villa-40-592x444.jpg&quot;,&quot;alt&quot;:&quot;&quot;,&quot;width&quot;:592,&quot;height&quot;:444}]\">\n\t<div class=\"item-wrap item-wrap-v1 item-wrap-no-frame h-100\">\n\t\t<div class=\"d-flex align-items-center h-100\">\n\t\t\t<div class=\"item-header\">\n\t\t\t\t\t\t\t\t<div class=\"labels-wrap labels-right\"> \n\n\t<a href=\"https:\/\/domconst.com\/de\/status\/im-bau\/\" class=\"label-status label status-color-711\">\n\t\t\t\t\tIm Bau\n\t\t\t\t<\/a><a href=\"https:\/\/domconst.com\/de\/status\/neubauten-zu-verkaufen\/\" class=\"label-status label status-color-752\">\n\t\t\t\t\tNeubauten zu verkaufen\n\t\t\t\t<\/a>       \n\n<\/div>\n\t\t\t\t<ul class=\"item-price-wrap hide-on-list\">\n\t<li class=\"item-price\"> $430,000<\/li><li class=\"item-sub-price\">$185,000\/Inicial<\/li><\/ul>\t\t\t\t\t\t\t\t<div class=\"listing-image-wrap\">\n\t<div class=\"listing-thumb\">\n\t\t<a target=_self href=\"https:\/\/domconst.com\/de\/property\/villa-olivio\/\" class=\"listing-featured-thumb hover-effect\">\n\t\t\t<img decoding=\"async\" width=\"592\" height=\"444\" src=\"https:\/\/domconst.com\/wp-content\/uploads\/2020\/08\/Los-Olivos-Nueva-Andalucia-Marbella-new-modern-villa-project_Realista-Quality-properties-Marbella_villa-17-1-592x444.jpg\" class=\"img-fluid wp-post-image\" alt=\"\" srcset=\"https:\/\/domconst.com\/wp-content\/uploads\/2020\/08\/Los-Olivos-Nueva-Andalucia-Marbella-new-modern-villa-project_Realista-Quality-properties-Marbella_villa-17-1-592x444.jpg 592w, https:\/\/domconst.com\/wp-content\/uploads\/2020\/08\/Los-Olivos-Nueva-Andalucia-Marbella-new-modern-villa-project_Realista-Quality-properties-Marbella_villa-17-1-584x438.jpg 584w, https:\/\/domconst.com\/wp-content\/uploads\/2020\/08\/Los-Olivos-Nueva-Andalucia-Marbella-new-modern-villa-project_Realista-Quality-properties-Marbella_villa-17-1-120x90.jpg 120w\" sizes=\"(max-width: 592px) 100vw, 592px\" \/>\t\t<\/a><!-- hover-effect -->\n\t<\/div>\n<\/div>\n\t\t\t\t<div class=\"preview_loader\"><\/div>\n\t\t\t<\/div><!-- item-header -->\t\n\t\t\t<div class=\"item-body flex-grow-1\">\n\t\t\t\t<div class=\"labels-wrap labels-right\"> \n\n\t<a href=\"https:\/\/domconst.com\/de\/status\/im-bau\/\" class=\"label-status label status-color-711\">\n\t\t\t\t\tIm Bau\n\t\t\t\t<\/a><a href=\"https:\/\/domconst.com\/de\/status\/neubauten-zu-verkaufen\/\" class=\"label-status label status-color-752\">\n\t\t\t\t\tNeubauten zu verkaufen\n\t\t\t\t<\/a>       \n\n<\/div>\n\t\t\t\t<h2 class=\"item-title\">\n\t<a target=_self href=\"https:\/\/domconst.com\/de\/property\/villa-olivio\/\">Villa Olivio<\/a>\n<\/h2><!-- item-title -->\t\t\t\t<ul class=\"item-price-wrap hide-on-list\">\n\t<li class=\"item-price\"> $430,000<\/li><li class=\"item-sub-price\">$185,000\/Inicial<\/li><\/ul>\t\t\t\t<address class=\"item-address\">Sosua 57000, Dominikanische Republik<\/address>\t\t\t\t\t\t\t\t<ul class=\"item-amenities item-amenities-with-icons\">\n\t<li class=\"h-beds\"><i class=\"houzez-icon icon-hotel-double-bed-1 mr-1\"><\/i><span class=\"item-amenities-text\">Beds:<\/span> <span class=\"hz-figure\">4<\/span><\/li><li class=\"h-baths\"><i class=\"houzez-icon icon-bathroom-shower-1 mr-1\"><\/i><span class=\"item-amenities-text\">Baths:<\/span> <span class=\"hz-figure\">4<\/span><\/li><li class=\"h-area\"><i class=\"houzez-icon icon-ruler-triangle mr-1\"><\/i><span class=\"hz-figure\">280<\/span> <span class=\"hz-figure area_postfix\">m\u00b2<\/span><\/li><\/ul>\t\t\t\t\t\t\t\t\t\t\t\t\t\t\t<\/div><!-- item-body -->\n\n\t\t\t\t\t<\/div><!-- d-flex -->\n\t<\/div><!-- item-wrap -->\n<\/div><!-- item-listing-wrap --><div class=\"item-listing-wrap hz-item-gallery-js card\" data-hz-id=\"hz-54252\" data-images=\"[{&quot;image&quot;:&quot;https:\\\/\\\/domconst.com\\\/wp-content\\\/uploads\\\/2020\\\/08\\\/modern_villas_by_bablo_marbella_1g-592x444.jpg&quot;,&quot;alt&quot;:&quot;&quot;,&quot;width&quot;:592,&quot;height&quot;:444},{&quot;image&quot;:&quot;https:\\\/\\\/domconst.com\\\/wp-content\\\/uploads\\\/2020\\\/08\\\/modern_villas_by_bablo_marbella_1-592x444.jpg&quot;,&quot;alt&quot;:&quot;&quot;,&quot;width&quot;:592,&quot;height&quot;:444},{&quot;image&quot;:&quot;https:\\\/\\\/domconst.com\\\/wp-content\\\/uploads\\\/2020\\\/08\\\/modern_villas_by_bablo_marbella_1g-592x444.jpg&quot;,&quot;alt&quot;:&quot;&quot;,&quot;width&quot;:592,&quot;height&quot;:444},{&quot;image&quot;:&quot;https:\\\/\\\/domconst.com\\\/wp-content\\\/uploads\\\/2020\\\/08\\\/modern_villas_by_bablo_marbella_1hhjpg-592x444.jpg&quot;,&quot;alt&quot;:&quot;&quot;,&quot;width&quot;:592,&quot;height&quot;:444},{&quot;image&quot;:&quot;https:\\\/\\\/domconst.com\\\/wp-content\\\/uploads\\\/2020\\\/08\\\/modern_villas_by_bablo_marbella_1kk-592x444.jpg&quot;,&quot;alt&quot;:&quot;&quot;,&quot;width&quot;:592,&quot;height&quot;:444},{&quot;image&quot;:&quot;https:\\\/\\\/domconst.com\\\/wp-content\\\/uploads\\\/2020\\\/08\\\/modern_villas_by_bablo_marbella_12-592x444.jpg&quot;,&quot;alt&quot;:&quot;&quot;,&quot;width&quot;:592,&quot;height&quot;:444},{&quot;image&quot;:&quot;https:\\\/\\\/domconst.com\\\/wp-content\\\/uploads\\\/2020\\\/08\\\/modern_villas_by_bablo_marbella_16-592x444.jpg&quot;,&quot;alt&quot;:&quot;&quot;,&quot;width&quot;:592,&quot;height&quot;:444},{&quot;image&quot;:&quot;https:\\\/\\\/domconst.com\\\/wp-content\\\/uploads\\\/2020\\\/08\\\/modern_villas_by_bablo_marbella_16jpg-592x444.jpg&quot;,&quot;alt&quot;:&quot;&quot;,&quot;width&quot;:592,&quot;height&quot;:444},{&quot;image&quot;:&quot;https:\\\/\\\/domconst.com\\\/wp-content\\\/uploads\\\/2020\\\/08\\\/modern_villas_by_bablo_marbella_177-592x444.jpg&quot;,&quot;alt&quot;:&quot;&quot;,&quot;width&quot;:592,&quot;height&quot;:444},{&quot;image&quot;:&quot;https:\\\/\\\/domconst.com\\\/wp-content\\\/uploads\\\/2020\\\/08\\\/The-Property-Agent-La-Boladilla-Villas-10-592x444.jpg&quot;,&quot;alt&quot;:&quot;&quot;,&quot;width&quot;:592,&quot;height&quot;:444}]\">\n\t<div class=\"item-wrap item-wrap-v1 item-wrap-no-frame h-100\">\n\t\t<div class=\"d-flex align-items-center h-100\">\n\t\t\t<div class=\"item-header\">\n\t\t\t\t\t\t\t\t<div class=\"labels-wrap labels-right\"> \n\n\t<a href=\"https:\/\/domconst.com\/de\/status\/im-bau\/\" class=\"label-status label status-color-711\">\n\t\t\t\t\tIm Bau\n\t\t\t\t<\/a><a href=\"https:\/\/domconst.com\/de\/status\/neubauten-zu-verkaufen\/\" class=\"label-status label status-color-752\">\n\t\t\t\t\tNeubauten zu verkaufen\n\t\t\t\t<\/a>       \n\n<\/div>\n\t\t\t\t<ul class=\"item-price-wrap hide-on-list\">\n\t<li class=\"item-price\"> $330,000<\/li><li class=\"item-sub-price\">$145,000\/Inicial<\/li><\/ul>\t\t\t\t\t\t\t\t<div class=\"listing-image-wrap\">\n\t<div class=\"listing-thumb\">\n\t\t<a target=_self href=\"https:\/\/domconst.com\/de\/property\/sunshine-villa\/\" class=\"listing-featured-thumb hover-effect\">\n\t\t\t<img decoding=\"async\" width=\"592\" height=\"444\" src=\"https:\/\/domconst.com\/wp-content\/uploads\/2020\/08\/modern_villas_by_bablo_marbella_1g-592x444.jpg\" class=\"img-fluid wp-post-image\" alt=\"\" srcset=\"https:\/\/domconst.com\/wp-content\/uploads\/2020\/08\/modern_villas_by_bablo_marbella_1g-592x444.jpg 592w, https:\/\/domconst.com\/wp-content\/uploads\/2020\/08\/modern_villas_by_bablo_marbella_1g-584x438.jpg 584w, https:\/\/domconst.com\/wp-content\/uploads\/2020\/08\/modern_villas_by_bablo_marbella_1g-120x90.jpg 120w\" sizes=\"(max-width: 592px) 100vw, 592px\" \/>\t\t<\/a><!-- hover-effect -->\n\t<\/div>\n<\/div>\n\t\t\t\t<div class=\"preview_loader\"><\/div>\n\t\t\t<\/div><!-- item-header -->\t\n\t\t\t<div class=\"item-body flex-grow-1\">\n\t\t\t\t<div class=\"labels-wrap labels-right\"> \n\n\t<a href=\"https:\/\/domconst.com\/de\/status\/im-bau\/\" class=\"label-status label status-color-711\">\n\t\t\t\t\tIm Bau\n\t\t\t\t<\/a><a href=\"https:\/\/domconst.com\/de\/status\/neubauten-zu-verkaufen\/\" class=\"label-status label status-color-752\">\n\t\t\t\t\tNeubauten zu verkaufen\n\t\t\t\t<\/a>       \n\n<\/div>\n\t\t\t\t<h2 class=\"item-title\">\n\t<a target=_self href=\"https:\/\/domconst.com\/de\/property\/sunshine-villa\/\">Sunshine Villa<\/a>\n<\/h2><!-- item-title -->\t\t\t\t<ul class=\"item-price-wrap hide-on-list\">\n\t<li class=\"item-price\"> $330,000<\/li><li class=\"item-sub-price\">$145,000\/Inicial<\/li><\/ul>\t\t\t\t<address class=\"item-address\">Sosua 57000, Dominikanische Republik<\/address>\t\t\t\t\t\t\t\t<ul class=\"item-amenities item-amenities-with-icons\">\n\t<li class=\"h-beds\"><i class=\"houzez-icon icon-hotel-double-bed-1 mr-1\"><\/i><span class=\"item-amenities-text\">Beds:<\/span> <span class=\"hz-figure\">3<\/span><\/li><li class=\"h-baths\"><i class=\"houzez-icon icon-bathroom-shower-1 mr-1\"><\/i><span class=\"item-amenities-text\">Baths:<\/span> <span class=\"hz-figure\">3.5<\/span><\/li><li class=\"h-area\"><i class=\"houzez-icon icon-ruler-triangle mr-1\"><\/i><span class=\"hz-figure\">220<\/span> <span class=\"hz-figure area_postfix\">m\u00b2<\/span><\/li><\/ul>\t\t\t\t\t\t\t\t\t\t\t\t\t\t\t<\/div><!-- item-body -->\n\n\t\t\t\t\t<\/div><!-- d-flex -->\n\t<\/div><!-- item-wrap -->\n<\/div><!-- item-listing-wrap -->\r\n\t\t\t<\/div><!-- listing-view -->\r\n\r\n\t\t\t\t\t<\/div><!-- property-grid-module -->\r\n\r\n\t\t[\/vc_column][\/vc_row]<\/p>\n<\/div>","protected":false},"excerpt":{"rendered":"<p>[vc_row][vc_column][vc_column_text]Wir verraten Ihnen, wo und wie Sie Ihr Traumhaus kaufen, um zu leben oder Gesch\u00e4fte zu machen. Es lohnt sich auch, in den Bau zu investieren. Schlie\u00dflich kostet der Bau von H\u00e4usern 30 billiger als der Kauf fertiger Immobilien. Bauzeit f\u00fcr ein eingeschossiges Geb\u00e4ude 3-4 Monate und f\u00fcr zweist\u00f6ckige 5-7 Monate inklusive kompletter Fertigstellung. Die [&hellip;]<\/p>\n","protected":false},"author":3,"featured_media":0,"parent":0,"menu_order":2,"comment_status":"closed","ping_status":"closed","template":"","meta":{"footnotes":""},"yst_prominent_words":[],"class_list":["post-13507","page","type-page","status-publish","hentry"],"_links":{"self":[{"href":"https:\/\/domconst.com\/de\/wp-json\/wp\/v2\/pages\/13507","targetHints":{"allow":["GET"]}}],"collection":[{"href":"https:\/\/domconst.com\/de\/wp-json\/wp\/v2\/pages"}],"about":[{"href":"https:\/\/domconst.com\/de\/wp-json\/wp\/v2\/types\/page"}],"author":[{"embeddable":true,"href":"https:\/\/domconst.com\/de\/wp-json\/wp\/v2\/users\/3"}],"replies":[{"embeddable":true,"href":"https:\/\/domconst.com\/de\/wp-json\/wp\/v2\/comments?post=13507"}],"version-history":[{"count":0,"href":"https:\/\/domconst.com\/de\/wp-json\/wp\/v2\/pages\/13507\/revisions"}],"wp:attachment":[{"href":"https:\/\/domconst.com\/de\/wp-json\/wp\/v2\/media?parent=13507"}],"wp:term":[{"taxonomy":"yst_prominent_words","embeddable":true,"href":"https:\/\/domconst.com\/de\/wp-json\/wp\/v2\/yst_prominent_words?post=13507"}],"curies":[{"name":"wp","href":"https:\/\/api.w.org\/{rel}","templated":true}]}}