{"id":13284,"date":"2019-05-19T20:54:49","date_gmt":"2019-05-20T00:54:49","guid":{"rendered":"https:\/\/domconst.com\/wahlen-sie-eine-seite-fur-das-projekt\/"},"modified":"2020-04-19T15:43:11","modified_gmt":"2020-04-19T19:43:11","slug":"wahlen-sie-eine-seite-fur-das-projekt","status":"publish","type":"page","link":"https:\/\/domconst.com\/de\/wahlen-sie-eine-seite-fur-das-projekt\/","title":{"rendered":"W\u00e4hlen Sie eine Seite f\u00fcr das Projekt"},"content":{"rendered":"<div class=\"wpb-content-wrapper\"><p>[vc_row][vc_column][vc_column_text]Unser Unternehmen baut dauerhaft Geb\u00e4ude in mehreren Wohnh\u00e4usern, die jeweils ihre eigenen Vorteile haben. Ich schlage vor, dass Sie sich einige der Optionen ansehen, die unserer Meinung nach f\u00fcr die Auswahl des Standorts f\u00fcr das Projekt wichtig sind.<\/p>\n<h1>Sosua Ocean Village<\/h1>\n<p style=\"padding-left: 40px\"><img fetchpriority=\"high\" decoding=\"async\" class=\"size-medium wp-image-11155 alignleft\" src=\"http:\/\/domconst.com\/wp-content\/uploads\/2019\/04\/sosua_ocean_village_view__0-300x208.jpg\" alt=\"\" width=\"300\" height=\"208\" srcset=\"https:\/\/domconst.com\/wp-content\/uploads\/2019\/04\/sosua_ocean_village_view__0-300x208.jpg 300w, https:\/\/domconst.com\/wp-content\/uploads\/2019\/04\/sosua_ocean_village_view__0-768x532.jpg 768w, https:\/\/domconst.com\/wp-content\/uploads\/2019\/04\/sosua_ocean_village_view__0-150x104.jpg 150w, https:\/\/domconst.com\/wp-content\/uploads\/2019\/04\/sosua_ocean_village_view__0.jpg 867w, https:\/\/domconst.com\/wp-content\/uploads\/2019\/04\/sosua_ocean_village_view__0-350x243.jpg 350w, https:\/\/domconst.com\/wp-content\/uploads\/2019\/04\/sosua_ocean_village_view__0-692x480.jpg 692w\" sizes=\"(max-width: 300px) 100vw, 300px\" \/><\/p>\n<p>Die gute Lage des Dorfes erm\u00f6glichte es ihm, eine hohe Nachfrage nach <a href=\"https:\/\/domconst.com\/de\/bau\/\">dem Bau von Privatwohnungen<\/a> auf dem Gebiet zu einem ziemlich hohen Preis f\u00fcr Land zu halten. Die Nachfrage beruht vor allem darauf, dass die Residenz auf dem Meer liegt, auf dem Gel\u00e4nde gibt es 3 Restaurants mit Schwimmb\u00e4dern und Wasserrutschen, sowie eine Sporthalle mit der neuesten Sportmode ausgestattet.<\/p>\n<p>Das Dorf hat zwei Eing\u00e4nge zum Gebiet und einer von ihnen liegt direkt neben dem Sosua Zentrum des Nachtlebens, das f\u00fcr seine liebevollen Ecken und Trinkbecken ber\u00fchmt ist. Auch f\u00fcr Angelfreunde in der Residenz gibt es Laguna Park, dort k\u00f6nnen Sie im k\u00fcnstlichen Teich angeln, und Kinder finden andere Unterhaltung, wie den Zoo und alle Arten von Rutschen. In der N\u00e4he befindet sich ein Kindergarten und ein Tenniszentrum, wo Sie moderne Pl\u00e4tze finden, sowie ein erfahrener Trainer wird das Tennisspiel unterrichten. Alles, was Sie tun m\u00fcssen, ist die W\u00e4hlen Sie eine Seite f\u00fcr das Projekt<\/p>\n<h2><a href=\"https:\/\/domconst.com\/de\/sosua-ocean-village\/\">Weitere Informationen&#8230;<\/a><\/h2>\n<p>&nbsp;<\/p>\n<h1>Residence Perla Marina<\/h1>\n<p><img decoding=\"async\" class=\"size-medium wp-image-11149 alignright\" src=\"http:\/\/domconst.com\/wp-content\/uploads\/2019\/04\/perla-marina-300x200.jpg\" alt=\"\" width=\"300\" height=\"200\" srcset=\"https:\/\/domconst.com\/wp-content\/uploads\/2019\/04\/perla-marina-300x200.jpg 300w, https:\/\/domconst.com\/wp-content\/uploads\/2019\/04\/perla-marina-768x513.jpg 768w, https:\/\/domconst.com\/wp-content\/uploads\/2019\/04\/perla-marina-150x100.jpg 150w, https:\/\/domconst.com\/wp-content\/uploads\/2019\/04\/perla-marina-385x258.jpg 385w, https:\/\/domconst.com\/wp-content\/uploads\/2019\/04\/perla-marina-350x234.jpg 350w, https:\/\/domconst.com\/wp-content\/uploads\/2019\/04\/perla-marina-719x480.jpg 719w, https:\/\/domconst.com\/wp-content\/uploads\/2019\/04\/perla-marina.jpg 1000w\" sizes=\"(max-width: 300px) 100vw, 300px\" \/><\/p>\n<p>Perla Marina eignet sich f\u00fcr diejenigen, die nicht auf die Vermietung eines Hauses, sondern f\u00fcr ihr eigenes Leben konzentriert sind. Trotz der Tatsache, dass Perla Marina am Meer liegt und \u00fcber eigene Str\u00e4nde, Caf\u00e9s und Restaurants verf\u00fcgt, hat kein B\u00fcro oder Lobby in der Gegend, was die Miete f\u00fcr Investoren vereinfachen kann, aber es hat weniger monatliche Zahlung f\u00fcr den Service. Diese Residenz geh\u00f6rt zum Schlafzellenbereich. Es zeichnet sich durch die F\u00fclle von B\u00e4umen und gr\u00fcnen Parks chic einen privaten Strand und eine ruhige ZeN-Atmosph\u00e4re. Alles, was Sie tun m\u00fcssen, ist die W\u00e4hlen Sie eine Seite f\u00fcr das Projekt<\/p>\n<h2><a href=\"https:\/\/domconst.com\/de\/perla-marina\/\">Weitere Informationen&#8230;<\/a><\/h2>\n<p>&nbsp;<\/p>\n<h1>Lomas Mironas Villen Komplex<\/h1>\n<p><img decoding=\"async\" class=\"size-medium wp-image-11506 alignleft\" src=\"http:\/\/domconst.com\/wp-content\/uploads\/2019\/04\/20233870-300x164.jpg\" alt=\"\" width=\"300\" height=\"164\" srcset=\"https:\/\/domconst.com\/wp-content\/uploads\/2019\/04\/20233870-300x164.jpg 300w, https:\/\/domconst.com\/wp-content\/uploads\/2019\/04\/20233870-768x421.jpg 768w, https:\/\/domconst.com\/wp-content\/uploads\/2019\/04\/20233870-150x82.jpg 150w, https:\/\/domconst.com\/wp-content\/uploads\/2019\/04\/20233870-350x192.jpg 350w, https:\/\/domconst.com\/wp-content\/uploads\/2019\/04\/20233870.jpg 840w\" sizes=\"(max-width: 300px) 100vw, 300px\" \/>Spazieren Sie auf dem wei\u00dfen Sand, atmen Sie die salzige Meeresbrise, sp\u00fcren Sie die ganze Palette der Aromen des tropischen Gartens. Um zu sp\u00fcren, wie s\u00fc\u00dfe Ruhe sich \u00fcber den K\u00f6rper ausbreitet. Das kann Ihr Morgen in der eigenen Villa in Lomas Mironas sein.<\/p>\n<p>Einzigartig in seiner Architektur und Komfortanlage erstreckt sich Lomas Mironas in einem idealen Ort-auf einem H\u00fcgel mit Blick auf das Meer. Auf der einen Seite stehen seinen Bewohnern alle Freuden des Vorstadtlebens zur Verf\u00fcgung, auf den anderen Boni der Zivilisation. Die St\u00e4dte Sosua, Cabarete und Puerto Plata International Airport erreichen Sie in wenigen Minuten. Alles, was Sie tun m\u00fcssen, ist die W\u00e4hlen Sie eine Seite f\u00fcr das Projekt<\/p>\n<h2><a href=\"https:\/\/domconst.com\/de\/lomas-mironas\/\">Weitere Informationen&#8230;<\/a><\/h2>\n<p>&nbsp;<\/p>\n<p>Die Wahl eines Baugrundst\u00fccks, eine wichtige Etappe, und wir helfen Ihnen, die Abholung, die beste Option in k\u00fcrzester Zeit. Sie ben\u00f6tigen Informationen \u00fcber die Ziele und Ziele Ihres Projektes. Je mehr Informationen, desto genauer werden Sie die Aufgabe stellen, desto genauer k\u00f6nnen wir sie ausf\u00fchren. Vergessen Sie nicht unseren Rat, denn wir haben eine gro\u00dfe Erfahrung beim Kauf und Verkauf von Immobilien in der Dominikanischen Republik. Wir empfehlen Ihnen die beste Option.[\/vc_column_text][\/vc_column][\/vc_row][vc_row][vc_column][vc_separator][\/vc_column][\/vc_row]<\/p>\n<\/div>","protected":false},"excerpt":{"rendered":"<p>[vc_row][vc_column][vc_column_text]Unser Unternehmen baut dauerhaft Geb\u00e4ude in mehreren Wohnh\u00e4usern, die jeweils ihre eigenen Vorteile haben. Ich schlage vor, dass Sie sich einige der Optionen ansehen, die unserer Meinung nach f\u00fcr die Auswahl des Standorts f\u00fcr das Projekt wichtig sind. Sosua Ocean Village Die gute Lage des Dorfes erm\u00f6glichte es ihm, eine hohe Nachfrage nach dem Bau [&hellip;]<\/p>\n","protected":false},"author":3,"featured_media":0,"parent":0,"menu_order":0,"comment_status":"closed","ping_status":"closed","template":"","meta":{"footnotes":""},"yst_prominent_words":[],"class_list":["post-13284","page","type-page","status-publish","hentry"],"_links":{"self":[{"href":"https:\/\/domconst.com\/de\/wp-json\/wp\/v2\/pages\/13284","targetHints":{"allow":["GET"]}}],"collection":[{"href":"https:\/\/domconst.com\/de\/wp-json\/wp\/v2\/pages"}],"about":[{"href":"https:\/\/domconst.com\/de\/wp-json\/wp\/v2\/types\/page"}],"author":[{"embeddable":true,"href":"https:\/\/domconst.com\/de\/wp-json\/wp\/v2\/users\/3"}],"replies":[{"embeddable":true,"href":"https:\/\/domconst.com\/de\/wp-json\/wp\/v2\/comments?post=13284"}],"version-history":[{"count":0,"href":"https:\/\/domconst.com\/de\/wp-json\/wp\/v2\/pages\/13284\/revisions"}],"wp:attachment":[{"href":"https:\/\/domconst.com\/de\/wp-json\/wp\/v2\/media?parent=13284"}],"wp:term":[{"taxonomy":"yst_prominent_words","embeddable":true,"href":"https:\/\/domconst.com\/de\/wp-json\/wp\/v2\/yst_prominent_words?post=13284"}],"curies":[{"name":"wp","href":"https:\/\/api.w.org\/{rel}","templated":true}]}}