{"id":13270,"date":"2019-05-19T20:47:40","date_gmt":"2019-05-20T00:47:40","guid":{"rendered":"https:\/\/domconst.com\/perla-marina\/"},"modified":"2020-04-07T16:52:26","modified_gmt":"2020-04-07T20:52:26","slug":"perla-marina","status":"publish","type":"page","link":"https:\/\/domconst.com\/de\/perla-marina\/","title":{"rendered":"Perla Marina"},"content":{"rendered":"<div class=\"wpb-content-wrapper\"><p>[vc_row][vc_column]\n\t\t\t<!-- START Perla Marina REVOLUTION SLIDER 6.7.20 --><p class=\"rs-p-wp-fix\"><\/p>\n\t\t\t<rs-module-wrap id=\"rev_slider_14_1_wrapper\" data-source=\"gallery\" style=\"visibility:hidden;background:transparent;padding:0;margin:0px auto;margin-top:0;margin-bottom:0;\">\n\t\t\t\t<rs-module id=\"rev_slider_14_1\" style=\"\" data-version=\"6.7.20\">\n\t\t\t\t\t<rs-slides style=\"overflow: hidden; position: absolute;\">\n\t\t\t\t\t\t<rs-slide style=\"position: absolute;\" data-key=\"rs-36\" data-title=\"Slide\" data-duration=\"22100\" data-anim=\"adpr:false;\">\n\t\t\t\t\t\t\t<img decoding=\"async\" src=\"\/\/domconst.com\/wp-content\/plugins\/revslider\/sr6\/assets\/assets\/dummy.png\" alt=\"Slide\" title=\"Perla Marina\" class=\"rev-slidebg tp-rs-img rs-lazyload\" data-lazyload=\"\/\/domconst.com\/wp-content\/plugins\/revslider\/sr6\/assets\/assets\/transparent.png\" data-no-retina>\n<!--\n\t\t\t\t\t\t\t--><rs-layer\n\t\t\t\t\t\t\t\tid=\"slider-14-slide-36-layer-1\" \n\t\t\t\t\t\t\t\tdata-type=\"image\"\n\t\t\t\t\t\t\t\tdata-rsp_ch=\"on\"\n\t\t\t\t\t\t\t\tdata-xy=\"x:c;y:m;\"\n\t\t\t\t\t\t\t\tdata-text=\"l:22;a:inherit;\"\n\t\t\t\t\t\t\t\tdata-dim=\"w:[&#039;1280px&#039;,&#039;1280px&#039;,&#039;1280px&#039;,&#039;1280px&#039;];h:[&#039;450px&#039;,&#039;450px&#039;,&#039;450px&#039;,&#039;450px&#039;];\"\n\t\t\t\t\t\t\t\tdata-frame_0=\"tp:600;\"\n\t\t\t\t\t\t\t\tdata-frame_1=\"tp:600;sR:10;\"\n\t\t\t\t\t\t\t\tdata-frame_999=\"o:0;tp:600;st:9000;sR:8690;\"\n\t\t\t\t\t\t\t\tstyle=\"z-index:5;\"\n\t\t\t\t\t\t\t><img decoding=\"async\" src=\"\/\/domconst.com\/wp-content\/plugins\/revslider\/sr6\/assets\/assets\/dummy.png\" alt=\"\" class=\"tp-rs-img rs-lazyload\" data-lazyload=\"\/\/domconst.com\/wp-content\/uploads\/2019\/04\/Perla-Marina-\u0442\u0438\u0442\u0443\u043b.png\" data-no-retina> \n\t\t\t\t\t\t\t<\/rs-layer><!--\n\n\t\t\t\t\t\t\t--><rs-layer\n\t\t\t\t\t\t\t\tid=\"slider-14-slide-36-layer-2\" \n\t\t\t\t\t\t\t\tdata-type=\"text\"\n\t\t\t\t\t\t\t\tdata-rsp_ch=\"on\"\n\t\t\t\t\t\t\t\tdata-xy=\"x:c;y:m;\"\n\t\t\t\t\t\t\t\tdata-text=\"s:60;l:22;fw:700;a:inherit;\"\n\t\t\t\t\t\t\t\tdata-frame_0=\"o:1;tp:600;\"\n\t\t\t\t\t\t\t\tdata-frame_1=\"tp:600;sp:2130;sR:10;\"\n\t\t\t\t\t\t\t\tdata-frame_999=\"o:0;tp:600;st:9000;sR:6860;\"\n\t\t\t\t\t\t\t\tstyle=\"z-index:6;font-family:'Roboto';\"\n\t\t\t\t\t\t\t>PERLA MARINA \n\t\t\t\t\t\t\t<\/rs-layer><!--\n\n\t\t\t\t\t\t\t--><rs-layer\n\t\t\t\t\t\t\t\tid=\"slider-14-slide-36-layer-3\" \n\t\t\t\t\t\t\t\tdata-type=\"text\"\n\t\t\t\t\t\t\t\tdata-rsp_ch=\"on\"\n\t\t\t\t\t\t\t\tdata-xy=\"x:c;xo:-38px;y:m;yo:45px;\"\n\t\t\t\t\t\t\t\tdata-text=\"l:22;a:inherit;\"\n\t\t\t\t\t\t\t\tdata-frame_0=\"x:-100%;o:1;tp:600;\"\n\t\t\t\t\t\t\t\tdata-frame_0_mask=\"u:t;\"\n\t\t\t\t\t\t\t\tdata-frame_1=\"tp:600;sp:1200;sR:10;\"\n\t\t\t\t\t\t\t\tdata-frame_1_mask=\"u:t;\"\n\t\t\t\t\t\t\t\tdata-frame_999=\"o:0;tp:600;st:9000;sR:7790;\"\n\t\t\t\t\t\t\t\tstyle=\"z-index:7;font-family:'Roboto Condensed';\"\n\t\t\t\t\t\t\t>FOR THOSE WHO CHOOSE THE BEST \n\t\t\t\t\t\t\t<\/rs-layer><!--\n\n\t\t\t\t\t\t\t--><rs-layer\n\t\t\t\t\t\t\t\tid=\"slider-14-slide-36-layer-6\" \n\t\t\t\t\t\t\t\tclass=\"rs-fsv rs-layer-video intrinsic-ignore\"\n\t\t\t\t\t\t\t\tdata-type=\"video\"\n\t\t\t\t\t\t\t\tdata-rsp_ch=\"on\"\n\t\t\t\t\t\t\t\tdata-xy=\"x:0;y:0;\"\n\t\t\t\t\t\t\t\tdata-text=\"l:22;a:inherit;\"\n\t\t\t\t\t\t\t\tdata-dim=\"w:100%;h:100%;\"\n\t\t\t\t\t\t\t\tdata-video=\"twa:false;vd:100;rwd:f;fc:true;l:true;ptimer:false;nse:f;sav:f;sp:2;inl:f;\"\n\t\t\t\t\t\t\t\tdata-ytid=\"4L0S_JClUx0\"\n\t\t\t\t\t\t\t\tdata-vatr=\"version=3&amp;enablejsapi=1&amp;html5=1&amp;hd=1&amp;wmode=opaque&amp;showinfo=0&amp;rel=0&amp;origin=https:\/\/domconst.com;\"\n\t\t\t\t\t\t\t\tdata-frame_0=\"tp:600;\"\n\t\t\t\t\t\t\t\tdata-frame_1=\"tp:600;st:2360;sR:2360;\"\n\t\t\t\t\t\t\t\tdata-frame_999=\"o:0;tp:600;st:w;sR:19440;\"\n\t\t\t\t\t\t\t\tstyle=\"z-index:9;\"\n\t\t\t\t\t\t\t>\n\t\t\t\t\t\t\t<\/rs-layer><!--\n-->\t\t\t\t\t<\/rs-slide>\n\t\t\t\t\t<\/rs-slides>\n\t\t\t\t<\/rs-module>\n\t\t\t\t<script>\n\t\t\t\t\tsetREVStartSize({c: 'rev_slider_14_1',rl:[1240,1024,778,480],el:[],gw:[1240,1024,778,480],gh:[450,450,400,350],type:'standard',justify:'',layout:'fullwidth',mh:\"0\"});if (window.RS_MODULES!==undefined && window.RS_MODULES.modules!==undefined && window.RS_MODULES.modules[\"revslider141\"]!==undefined) {window.RS_MODULES.modules[\"revslider141\"].once = false;window.revapi14 = undefined;if (window.RS_MODULES.checkMinimal!==undefined) window.RS_MODULES.checkMinimal()}\n\t\t\t\t<\/script>\n\t\t\t\t<script src=\"https:\/\/www.youtube.com\/iframe_api\"><\/script>\n\t\t\t<\/rs-module-wrap>\n\t\t\t<!-- END REVOLUTION SLIDER -->\n[vc_separator][vc_column_text]<\/p>\n<h1 style=\"text-align: center;\">Attraktive Sch\u00f6nheit und Gem\u00fctlichkeit.<\/h1>\n<p>[\/vc_column_text][vc_column_text]<span style=\"font-weight: 400;\">Eine Villa im Zentrum des satten Kurlebens oder Privatsph\u00e4re f\u00fcr einen ruhigen Familienurlaub? M\u00f6chten Sie n\u00e4her an der Resort-Unterhaltung leben, aber gleichzeitig an einem ruhigen Ort? Nun, es gibt Zeiten, in denen es keine Notwendigkeit gibt, Kompromisse einzugehen. Es ist m\u00f6glich, zwei scheinbar unvereinbare Bedingungen zu verbinden, wenn es sich um eine komplexe Perla Marina handelt. Diese Residenz sollte alle W\u00fcnsche potenzieller K\u00e4ufer ber\u00fccksichtigen. <\/span><\/p>\n<p><span style=\"font-weight: 400;\">Also, zwei in einem: &#8220;Ruhiger Ort&#8221; auf dem Meer, und zur gleichen Zeit, eine Villa, in der N\u00e4he aller Resort-Unterhaltung.<\/span>[\/vc_column_text][vc_separator][\/vc_column][\/vc_row][vc_row][vc_column width=&#8221;1\/4&#8243;][vc_single_image image=&#8221;13248&#8243; alignment=&#8221;center&#8221;][vc_column_text]<\/p>\n<h2 style=\"text-align: center;\">Beach Total<br \/>\n10 Schritte<\/h2>\n<p>[\/vc_column_text][\/vc_column][vc_column width=&#8221;1\/4&#8243;][vc_single_image image=&#8221;13251&#8243; alignment=&#8221;center&#8221;][vc_column_text]<\/p>\n<h2 style=\"text-align: center;\">der Schutz<br \/>\n24\/7<\/h2>\n<p>[\/vc_column_text][\/vc_column][vc_column width=&#8221;1\/4&#8243;][vc_single_image image=&#8221;13271&#8243; alignment=&#8221;center&#8221;][vc_column_text]<\/p>\n<h2 style=\"text-align: center;\">Yoga Studio<br \/>\nUnd SPA Salon<\/h2>\n<p>[\/vc_column_text][\/vc_column][vc_column width=&#8221;1\/4&#8243;][vc_single_image image=&#8221;13272&#8243; alignment=&#8221;center&#8221;][vc_column_text]<\/p>\n<h2 style=\"text-align: center;\">Laden<br \/>\n10 Meter<\/h2>\n<p>[\/vc_column_text][\/vc_column][\/vc_row][vc_row][vc_column][vc_separator][vc_column_text]<span style=\"font-weight: 400;\">Die Marina Perla liegt in der N\u00e4he des Zentrums von Sosua und der sch\u00f6nen Kurstadt Cabarete, der Hauptstadt des Surfens und des Kitesurfens. Dieser Komplex ist ber\u00fchmt f\u00fcr seinen sch\u00f6nen Sandstrand, der weit \u00fcber die Sosua hinaus bekannt ist, als der romantischste Strand. Perla Marina verf\u00fcgt \u00fcber eine Bar und ein Restaurant am Strand. <\/span><\/p>\n<p><span style=\"font-weight: 400;\">Auf dem Gebiet von Perla Marina hat die M\u00f6glichkeit, einen Yoga-Kurs auf dem Meer zu nehmen, der die Fesseln der M\u00fcdigkeit zu lindern, sowie Ruhe zu gewinnen<\/span><\/p>\n<p><span style=\"font-weight: 400;\">So, rund um die Anlage das ganze Jahr \u00fcber die Atmosph\u00e4re der echten Entspannung<\/span>[\/vc_column_text][vc_images_carousel images=&#8221;13279,13280,13273,13274,13275,13276,13277,13278&#8243; img_size=&#8221;full&#8221; onclick=&#8221;link_no&#8221; speed=&#8221;3000&#8243; slides_per_view=&#8221;2&#8243;][vc_separator][\/vc_column][\/vc_row][vc_row][vc_column width=&#8221;1\/3&#8243;][vc_single_image image=&#8221;13260&#8243; img_size=&#8221;full&#8221; alignment=&#8221;center&#8221;][vc_column_text]<\/p>\n<h2 style=\"text-align: center;\"><a href=\"http:\/\/domconst.com\/%D0%BF%D1%80%D0%BE%D0%B4%D0%B0%D0%B6%D0%B0\/\">Ausverkauf<\/a><\/h2>\n<p>[\/vc_column_text][\/vc_column][vc_column width=&#8221;1\/3&#8243;][vc_single_image image=&#8221;13259&#8243; img_size=&#8221;full&#8221; alignment=&#8221;center&#8221;][vc_column_text]<\/p>\n<h2 style=\"text-align: center;\"><a href=\"http:\/\/domconst.com\/%D0%B0%D1%80%D0%B5%D0%BD%D0%B4%D0%B0-%D0%B2%D0%B8%D0%BB%D0%BB\/\">miete<\/a><\/h2>\n<p>[\/vc_column_text][\/vc_column][vc_column width=&#8221;1\/3&#8243;][vc_single_image image=&#8221;13261&#8243; img_size=&#8221;full&#8221; alignment=&#8221;center&#8221;][vc_column_text]<\/p>\n<h2 style=\"text-align: center;\"><a href=\"http:\/\/domconst.com\/%D1%81%D1%82%D1%80%D0%BE%D0%B8%D1%82%D0%B5%D0%BB%D1%8C%D0%BD%D1%8B%D0%B5-%D1%83%D1%81%D0%BB%D1%83%D0%B3%D0%B8\/\">bau<\/a><\/h2>\n<p>[\/vc_column_text][\/vc_column][\/vc_row][vc_row][vc_column][vc_separator][vc_column_text]<span style=\"font-weight: 400;\">By the way<\/span>, in <b>Dominikaner<\/b> <b>Republik<\/b> <span style=\"font-weight: 400;\">Das ganze Jahr \u00fcber die sch\u00f6ne tropische<\/span> <b>Klima<\/b><span style=\"font-weight: 400;\">. Die durchschnittliche Jahrestemperatur liegt bei 25 \u00b0 C, was angenehm genug f\u00fcr das Leben ist. <\/span><\/p>\n<p>&nbsp;<\/p>\n<h3><strong>Vorteile<\/strong><\/h3>\n<ul>\n<li style=\"font-weight: 400;\"><span style=\"font-weight: 400;\">Erste Zeile <\/span><\/li>\n<li style=\"font-weight: 400;\"><span style=\"font-weight: 400;\">Entspannende Atmosph\u00e4re<\/span><\/li>\n<li style=\"font-weight: 400;\"><span style=\"font-weight: 400;\">Bar, Restaurant, Pizzeria<\/span><\/li>\n<li style=\"font-weight: 400;\"><span style=\"font-weight: 400;\">M\u00f6glichkeit, Yoga am Meer zu praktizieren<\/span><\/li>\n<li style=\"font-weight: 400;\"><span style=\"font-weight: 400;\">In der N\u00e4he des Zentrums von Sosua <\/span><\/li>\n<li style=\"font-weight: 400;\"><span style=\"font-weight: 400;\">Exklusiver Strand<\/span><\/li>\n<li style=\"font-weight: 400;\"><span style=\"font-weight: 400;\">Hohe Nachfrage nach Miete und Verkauf<\/span><\/li>\n<\/ul>\n<p>[\/vc_column_text][\/vc_column][\/vc_row][vc_row][vc_column][vc_gmaps link=&#8221;#E-8_JTNDaWZyYW1lJTIwc3JjJTNEJTIyaHR0cHMlM0ElMkYlMkZ3d3cuZ29vZ2xlLmNvbSUyRm1hcHMlMkZlbWJlZCUzRnBiJTNEJTIxMW0xOCUyMTFtMTIlMjExbTMlMjExZDc4OS4yNTM1NTE0NTYxMDU4JTIxMmQtNzAuNDYzMjAxMTk3MzUxNCUyMTNkMTkuNzgzMDE3Mjc3MDQ1MzQ2JTIxMm0zJTIxMWYwJTIxMmYwJTIxM2YwJTIxM20yJTIxMWkxMDI0JTIxMmk3NjglMjE0ZjEzLjElMjEzbTMlMjExbTIlMjExczB4OGViMWUyYzI0ODU0ODgzZCUyNTNBMHg2YTc4OGUyYWMwZjAxNzM4JTIxMnNQZXJsYSUyQk1hcmluYSUyMTVlMCUyMTNtMiUyMTFzcnUlMjEyc2RvJTIxNHYxNTU1MDgxOTA1MDA0JTIxNW0yJTIxMXNydSUyMTJzZG8lMjIlMjB3aWR0aCUzRCUyMjYwMCUyMiUyMGhlaWdodCUzRCUyMjQ1MCUyMiUyMGZyYW1lYm9yZGVyJTNEJTIyMCUyMiUyMHN0eWxlJTNEJTIyYm9yZGVyJTNBMCUyMiUyMGFsbG93ZnVsbHNjcmVlbiUzRSUzQyUyRmlmcmFtZSUzRQ==&#8221;][\/vc_column][\/vc_row]<\/p>\n<\/div>","protected":false},"excerpt":{"rendered":"<p>[vc_row][vc_column][vc_separator][vc_column_text] Attraktive Sch\u00f6nheit und Gem\u00fctlichkeit. [\/vc_column_text][vc_column_text]Eine Villa im Zentrum des satten Kurlebens oder Privatsph\u00e4re f\u00fcr einen ruhigen Familienurlaub? M\u00f6chten Sie n\u00e4her an der Resort-Unterhaltung leben, aber gleichzeitig an einem ruhigen Ort? Nun, es gibt Zeiten, in denen es keine Notwendigkeit gibt, Kompromisse einzugehen. Es ist m\u00f6glich, zwei scheinbar unvereinbare Bedingungen zu verbinden, wenn es sich [&hellip;]<\/p>\n","protected":false},"author":3,"featured_media":0,"parent":0,"menu_order":0,"comment_status":"closed","ping_status":"closed","template":"","meta":{"footnotes":""},"yst_prominent_words":[],"class_list":["post-13270","page","type-page","status-publish","hentry"],"_links":{"self":[{"href":"https:\/\/domconst.com\/de\/wp-json\/wp\/v2\/pages\/13270","targetHints":{"allow":["GET"]}}],"collection":[{"href":"https:\/\/domconst.com\/de\/wp-json\/wp\/v2\/pages"}],"about":[{"href":"https:\/\/domconst.com\/de\/wp-json\/wp\/v2\/types\/page"}],"author":[{"embeddable":true,"href":"https:\/\/domconst.com\/de\/wp-json\/wp\/v2\/users\/3"}],"replies":[{"embeddable":true,"href":"https:\/\/domconst.com\/de\/wp-json\/wp\/v2\/comments?post=13270"}],"version-history":[{"count":0,"href":"https:\/\/domconst.com\/de\/wp-json\/wp\/v2\/pages\/13270\/revisions"}],"wp:attachment":[{"href":"https:\/\/domconst.com\/de\/wp-json\/wp\/v2\/media?parent=13270"}],"wp:term":[{"taxonomy":"yst_prominent_words","embeddable":true,"href":"https:\/\/domconst.com\/de\/wp-json\/wp\/v2\/yst_prominent_words?post=13270"}],"curies":[{"name":"wp","href":"https:\/\/api.w.org\/{rel}","templated":true}]}}