{"id":13263,"date":"2019-05-19T20:45:58","date_gmt":"2019-05-20T00:45:58","guid":{"rendered":"https:\/\/domconst.com\/lomas-mironas\/"},"modified":"2020-04-07T17:13:12","modified_gmt":"2020-04-07T21:13:12","slug":"lomas-mironas","status":"publish","type":"page","link":"https:\/\/domconst.com\/de\/lomas-mironas\/","title":{"rendered":"Lomas Mironas"},"content":{"rendered":"<div class=\"wpb-content-wrapper\"><p>[vc_row content_width=&#8221;grid&#8221; css=&#8221;.vc_custom_1586287887048{padding-top: 35px !important;}&#8221;][vc_column]\n\t\t\t<!-- START Lomas Mironas REVOLUTION SLIDER 6.7.20 --><p class=\"rs-p-wp-fix\"><\/p>\n\t\t\t<rs-module-wrap id=\"rev_slider_16_1_wrapper\" data-source=\"gallery\" style=\"visibility:hidden;background:transparent;padding:0;margin:0px auto;margin-top:0;margin-bottom:0;\">\n\t\t\t\t<rs-module id=\"rev_slider_16_1\" style=\"\" data-version=\"6.7.20\">\n\t\t\t\t\t<rs-slides style=\"overflow: hidden; position: absolute;\">\n\t\t\t\t\t\t<rs-slide style=\"position: absolute;\" data-key=\"rs-63\" data-title=\"Slide\" data-anim=\"adpr:false;\">\n\t\t\t\t\t\t\t<img decoding=\"async\" src=\"\/\/domconst.com\/wp-content\/plugins\/revslider\/sr6\/assets\/assets\/dummy.png\" alt=\"Slide\" title=\"Lomas Mironas\" class=\"rev-slidebg tp-rs-img rs-lazyload\" data-lazyload=\"\/\/domconst.com\/wp-content\/plugins\/revslider\/sr6\/assets\/assets\/transparent.png\" data-no-retina>\n<!--\n\t\t\t\t\t\t\t--><rs-layer\n\t\t\t\t\t\t\t\tid=\"slider-16-slide-63-layer-1\" \n\t\t\t\t\t\t\t\tdata-type=\"image\"\n\t\t\t\t\t\t\t\tdata-rsp_ch=\"on\"\n\t\t\t\t\t\t\t\tdata-xy=\"x:c;y:m;\"\n\t\t\t\t\t\t\t\tdata-text=\"l:22;a:inherit;\"\n\t\t\t\t\t\t\t\tdata-dim=\"w:[&#039;1280px&#039;,&#039;1280px&#039;,&#039;1280px&#039;,&#039;1280px&#039;];h:[&#039;450px&#039;,&#039;450px&#039;,&#039;450px&#039;,&#039;450px&#039;];\"\n\t\t\t\t\t\t\t\tdata-frame_0=\"tp:600;\"\n\t\t\t\t\t\t\t\tdata-frame_1=\"tp:600;st:0;\"\n\t\t\t\t\t\t\t\tdata-frame_999=\"o:0;tp:600;st:w;sR:8700;\"\n\t\t\t\t\t\t\t\tstyle=\"z-index:5;\"\n\t\t\t\t\t\t\t><img fetchpriority=\"high\" decoding=\"async\" src=\"\/\/domconst.com\/wp-content\/plugins\/revslider\/sr6\/assets\/assets\/dummy.png\" alt=\"\" class=\"tp-rs-img rs-lazyload\" width=\"1280\" height=\"450\" data-lazyload=\"\/\/domconst.com\/wp-content\/uploads\/2019\/06\/\u0442\u0438\u0442\u0443\u043b.png\" data-no-retina> \n\t\t\t\t\t\t\t<\/rs-layer><!--\n\n\t\t\t\t\t\t\t--><rs-layer\n\t\t\t\t\t\t\t\tid=\"slider-16-slide-63-layer-2\" \n\t\t\t\t\t\t\t\tdata-type=\"text\"\n\t\t\t\t\t\t\t\tdata-rsp_ch=\"on\"\n\t\t\t\t\t\t\t\tdata-xy=\"x:c;y:m;\"\n\t\t\t\t\t\t\t\tdata-text=\"s:60;l:22;fw:700;a:inherit;\"\n\t\t\t\t\t\t\t\tdata-frame_0=\"o:1;tp:600;\"\n\t\t\t\t\t\t\t\tdata-frame_1=\"tp:600;sp:2130;sR:10;\"\n\t\t\t\t\t\t\t\tdata-frame_999=\"o:0;tp:600;st:w;sR:6860;\"\n\t\t\t\t\t\t\t\tstyle=\"z-index:6;font-family:'Roboto';\"\n\t\t\t\t\t\t\t>LOMAS MIRONAS \n\t\t\t\t\t\t\t<\/rs-layer><!--\n\n\t\t\t\t\t\t\t--><rs-layer\n\t\t\t\t\t\t\t\tid=\"slider-16-slide-63-layer-3\" \n\t\t\t\t\t\t\t\tdata-type=\"text\"\n\t\t\t\t\t\t\t\tdata-rsp_ch=\"on\"\n\t\t\t\t\t\t\t\tdata-xy=\"x:c;xo:-38px;y:m;yo:45px;\"\n\t\t\t\t\t\t\t\tdata-text=\"l:22;a:inherit;\"\n\t\t\t\t\t\t\t\tdata-frame_0=\"x:-100%;o:1;tp:600;\"\n\t\t\t\t\t\t\t\tdata-frame_0_mask=\"u:t;\"\n\t\t\t\t\t\t\t\tdata-frame_1=\"tp:600;sp:1200;sR:10;\"\n\t\t\t\t\t\t\t\tdata-frame_1_mask=\"u:t;\"\n\t\t\t\t\t\t\t\tdata-frame_999=\"o:0;tp:600;st:w;sR:7790;\"\n\t\t\t\t\t\t\t\tstyle=\"z-index:7;font-family:'Roboto Condensed';\"\n\t\t\t\t\t\t\t>Great for living with ocean views. \n\t\t\t\t\t\t\t<\/rs-layer><!--\n-->\t\t\t\t\t<\/rs-slide>\n\t\t\t\t\t<\/rs-slides>\n\t\t\t\t<\/rs-module>\n\t\t\t\t<script>\n\t\t\t\t\tsetREVStartSize({c: 'rev_slider_16_1',rl:[1240,1024,778,480],el:[],gw:[1240,1024,778,480],gh:[450,450,400,350],type:'standard',justify:'',layout:'fullwidth',mh:\"0\"});if (window.RS_MODULES!==undefined && window.RS_MODULES.modules!==undefined && window.RS_MODULES.modules[\"revslider161\"]!==undefined) {window.RS_MODULES.modules[\"revslider161\"].once = false;window.revapi16 = undefined;if (window.RS_MODULES.checkMinimal!==undefined) window.RS_MODULES.checkMinimal()}\n\t\t\t\t<\/script>\n\t\t\t<\/rs-module-wrap>\n\t\t\t<!-- END REVOLUTION SLIDER -->\n[vc_separator][vc_column_text]<\/p>\n<h1 class=\"font_2\" style=\"text-align: center\"><span class=\"color_28\">Sch\u00f6ne Lebensweise-eine gro\u00dfe Investition<\/span><\/h1>\n<p>[\/vc_column_text][vc_column_text]<span style=\"font-weight: 400\">Komplex<\/span><b>Lomas Mironas<\/b> <span style=\"font-weight: 400\">Bietet Grundst\u00fccke<\/span> ab <b>960 qm<\/b>. <span style=\"font-weight: 400\">to<\/span> <b>1570 qm<\/b>.<span style=\"font-weight: 400\">Auf dem das Unternehmen die Villa nach dem gew\u00e4hlten Projekt bauen wird. Ein-oder zweist\u00f6ckig, mit zwei oder drei Schlafzimmern und einem privaten Pool. Vom gem\u00fctlichen H\u00fcttenbereich <\/span><b>148 Quadratmeter.<\/b> <span style=\"font-weight: 400\">Zum ger\u00e4umigen Haus mit drei ger\u00e4umigen Schlafzimmern und vier B\u00e4dern mit einem Bereich<\/span> <b>540 Quadratmeter.<\/b>[\/vc_column_text][vc_separator][\/vc_column][vc_column][\/vc_column][\/vc_row][vc_row css_animation=&#8221;mkd-element-from-bottom&#8221; content_width=&#8221;grid&#8221; content_aligment=&#8221;center&#8221; transition_delay=&#8221;200&#8243; css=&#8221;.vc_custom_1468310071591{padding-top: 88px !important;padding-bottom: 33px !important;}&#8221;][vc_column width=&#8221;1\/3&#8243; css=&#8221;.vc_custom_1465203804881{padding-right: 30px !important;padding-left: 30px !important;}&#8221; offset=&#8221;vc_col-lg-offset-0 vc_col-lg-4 vc_col-md-offset-3 vc_col-md-6 vc_col-sm-offset-0&#8243;][vc_single_image image=&#8221;13248&#8243; img_size=&#8221;full&#8221; alignment=&#8221;center&#8221;][vc_column_text]<\/p>\n<h2 style=\"text-align: center\">Beach Total<br \/>\n5 Minuten Fahrt<\/h2>\n<p>[\/vc_column_text][\/vc_column][vc_column width=&#8221;1\/3&#8243; css=&#8221;.vc_custom_1465203815401{padding-right: 30px !important;padding-left: 30px !important;}&#8221; offset=&#8221;vc_col-lg-offset-0 vc_col-lg-4 vc_col-md-offset-3 vc_col-md-6 vc_col-sm-offset-0&#8243;][vc_single_image image=&#8221;13251&#8243; img_size=&#8221;full&#8221; alignment=&#8221;center&#8221;][vc_column_text]<\/p>\n<h2 style=\"text-align: center\">der Schutz<br \/>\n24\/7<\/h2>\n<p>[\/vc_column_text][\/vc_column][vc_column width=&#8221;1\/3&#8243; css=&#8221;.vc_custom_1465203825848{padding-right: 30px !important;padding-left: 30px !important;}&#8221; offset=&#8221;vc_col-lg-offset-0 vc_col-lg-4 vc_col-md-offset-3 vc_col-md-6&#8243;][vc_single_image image=&#8221;13264&#8243; img_size=&#8221;full&#8221; alignment=&#8221;center&#8221;][vc_column_text]<\/p>\n<h2 style=\"text-align: center\">tropisch<br \/>\nGarten mit Kokospalmen<\/h2>\n<p>[\/vc_column_text][\/vc_column][\/vc_row][vc_row content_width=&#8221;grid&#8221;][vc_column][vc_separator][vc_column_text]<span style=\"font-weight: 400\">Alle Villen sind mit moderner Technik konzipiert. Panoramafenster erm\u00f6glichen es, die R\u00e4ume maximal Sonnenlicht zu lassen, auf deren Kosten die R\u00e4ume noch gr\u00f6\u00dfer und ger\u00e4umiger erscheinen. <\/span><\/p>\n<p><span style=\"font-weight: 400\">24 Stunden Sicherheit<\/span><b>Lomas Mironas<\/b><span style=\"font-weight: 400\"> Bietet den Bewohnern volle Sicherheit. Es gibt mehrere Superm\u00e4rkte vor Ort. In der N\u00e4he befinden sich Krankenh\u00e4user, Golfpl\u00e4tze und Tennispl\u00e4tze. Liebhaber der aktiven Erholung erwartet Tauchen, Surfen, Wandern, Reiten. Nur 5 Autominuten von der Anlage entfernt <\/span><b>Lomas Mironas<\/b> <span style=\"font-weight: 400\">Es gibt einen ruhigen, abgelegenen Strand.<\/span>[\/vc_column_text][vc_separator][\/vc_column][\/vc_row][vc_row css_animation=&#8221;mkd-element-from-bottom&#8221; content_width=&#8221;grid&#8221; transition_delay=&#8221;400&#8243; css=&#8221;.vc_custom_1468310078280{padding-top: 80px !important;padding-bottom: 53px !important;}&#8221;][vc_column width=&#8221;1\/3&#8243; offset=&#8221;vc_col-lg-4 vc_col-md-6&#8243;][vc_single_image image=&#8221;13260&#8243; img_size=&#8221;full&#8221; alignment=&#8221;center&#8221;][vc_column_text]<\/p>\n<h2 style=\"text-align: center\"><a href=\"http:\/\/domconst.com\/%D0%BF%D1%80%D0%BE%D0%B4%D0%B0%D0%B6%D0%B0\/\">Ausverkauf<\/a><\/h2>\n<p>[\/vc_column_text][vc_btn title=&#8221;Erkunden Sie sich mit dem Manager&#8221; style=&#8221;3d&#8221; color=&#8221;peacoc&#8221; align=&#8221;right&#8221; css_animation=&#8221;fadeInLeftBig&#8221; link=&#8221;url:https%3A%2F%2Fwa.me%2F18299882420%3Ftext%3DHi%2C%2520my%2520name%2520&#8230;..%2520I%2520want%2520to%2520know%2520more%2520about%2520the%2520construction%2520of%2520the%2520Villa|&#8221;][\/vc_column][vc_column width=&#8221;1\/3&#8243; offset=&#8221;vc_col-lg-4 vc_col-md-6&#8243;][vc_single_image image=&#8221;13259&#8243; img_size=&#8221;full&#8221; alignment=&#8221;center&#8221;][vc_column_text]<\/p>\n<h2 style=\"text-align: center\"><a href=\"http:\/\/domconst.com\/%D0%B0%D1%80%D0%B5%D0%BD%D0%B4%D0%B0-%D0%B2%D0%B8%D0%BB%D0%BB\/\">miete<\/a><\/h2>\n<p>[\/vc_column_text][vc_btn title=&#8221;Wo ist es?&#8221; style=&#8221;3d&#8221; align=&#8221;center&#8221; link=&#8221;url:https%3A%2F%2Fgoo.gl%2Fmaps%2FhV6E5N74c2Wxz6Sm8|&#8221;][\/vc_column][vc_column width=&#8221;1\/3&#8243; offset=&#8221;vc_col-lg-4 vc_col-md-12&#8243;][vc_single_image image=&#8221;13261&#8243; img_size=&#8221;full&#8221; alignment=&#8221;center&#8221;][vc_column_text]<\/p>\n<h2 style=\"text-align: center\"><a href=\"http:\/\/domconst.com\/%D1%81%D1%82%D1%80%D0%BE%D0%B8%D1%82%D0%B5%D0%BB%D1%8C%D0%BD%D1%8B%D0%B5-%D1%83%D1%81%D0%BB%D1%83%D0%B3%D0%B8\/\">bau<\/a><\/h2>\n<p>[\/vc_column_text][vc_btn title=&#8221;Berechnen der Kosten&#8221; style=&#8221;3d&#8221; color=&#8221;sky&#8221; align=&#8221;left&#8221; css_animation=&#8221;fadeInRight&#8221; link=&#8221;url:https%3A%2F%2Fdomconst.com%2Fde%2Fmodelle-von-hausern%2Frechner-fur-kaufer%2F|title:Rechner%20f%C3%BCr%20K%C3%A4ufer|target:%20_blank|&#8221;][\/vc_column][\/vc_row][vc_row content_width=&#8221;grid&#8221;][vc_column][vc_separator][vc_column_text]<span style=\"font-weight: 400\">Sie w\u00e4hlen eine geeignete Website und ein Projekt Ihrer zuk\u00fcnftigen Villa, und wir werden sie auf Bestellung errichten, so dass Ihr karibischer Traum Wirklichkeit wird. Verwaltung des Komplexes <\/span><b>Lomas Mironas<\/b><span style=\"font-weight: 400\"> Bietet Immobilienmanagement-Dienstleistungen an. Die Verwaltung von <b>Lomas Mironas<\/b> wird Ihre Immobilie in Ihrer Abwesenheit vermieten und Ihnen eine Bestellung und rechtzeitige Zahlungen leisten.<\/span><\/p>\n<p><span style=\"font-weight: 400\">Eine Villa kaufen<\/span> <b>Lomas Mironas<\/b> , <span style=\"font-weight: 400\">machen Sie nicht nur eine gewinnbringende Investition, sondern erhalten auch unvergessliche Sonnenunterg\u00e4nge und Sonnenaufg\u00e4nge, den L\u00e4rm der Brandung und einen besonderen karibischen Lebensstil.<\/span>[\/vc_column_text][\/vc_column][\/vc_row][vc_row][vc_column][\/vc_column][\/vc_row][vc_row][vc_column][\/vc_column][\/vc_row][vc_row][vc_column][\/vc_column][\/vc_row]<\/p>\n<\/div>","protected":false},"excerpt":{"rendered":"<p>[vc_row content_width=&#8221;grid&#8221; css=&#8221;.vc_custom_1586287887048{padding-top: 35px !important;}&#8221;][vc_column][vc_separator][vc_column_text] Sch\u00f6ne Lebensweise-eine gro\u00dfe Investition [\/vc_column_text][vc_column_text]KomplexLomas Mironas Bietet Grundst\u00fccke ab 960 qm. to 1570 qm.Auf dem das Unternehmen die Villa nach dem gew\u00e4hlten Projekt bauen wird. Ein-oder zweist\u00f6ckig, mit zwei oder drei Schlafzimmern und einem privaten Pool. Vom gem\u00fctlichen H\u00fcttenbereich 148 Quadratmeter. Zum ger\u00e4umigen Haus mit drei ger\u00e4umigen Schlafzimmern und vier [&hellip;]<\/p>\n","protected":false},"author":3,"featured_media":0,"parent":0,"menu_order":0,"comment_status":"closed","ping_status":"closed","template":"","meta":{"footnotes":""},"yst_prominent_words":[],"class_list":["post-13263","page","type-page","status-publish","hentry"],"_links":{"self":[{"href":"https:\/\/domconst.com\/de\/wp-json\/wp\/v2\/pages\/13263","targetHints":{"allow":["GET"]}}],"collection":[{"href":"https:\/\/domconst.com\/de\/wp-json\/wp\/v2\/pages"}],"about":[{"href":"https:\/\/domconst.com\/de\/wp-json\/wp\/v2\/types\/page"}],"author":[{"embeddable":true,"href":"https:\/\/domconst.com\/de\/wp-json\/wp\/v2\/users\/3"}],"replies":[{"embeddable":true,"href":"https:\/\/domconst.com\/de\/wp-json\/wp\/v2\/comments?post=13263"}],"version-history":[{"count":0,"href":"https:\/\/domconst.com\/de\/wp-json\/wp\/v2\/pages\/13263\/revisions"}],"wp:attachment":[{"href":"https:\/\/domconst.com\/de\/wp-json\/wp\/v2\/media?parent=13263"}],"wp:term":[{"taxonomy":"yst_prominent_words","embeddable":true,"href":"https:\/\/domconst.com\/de\/wp-json\/wp\/v2\/yst_prominent_words?post=13263"}],"curies":[{"name":"wp","href":"https:\/\/api.w.org\/{rel}","templated":true}]}}