{"id":13247,"date":"2019-05-19T20:44:29","date_gmt":"2019-05-20T00:44:29","guid":{"rendered":"https:\/\/domconst.com\/sosua-ocean-village\/"},"modified":"2019-05-19T20:44:34","modified_gmt":"2019-05-20T00:44:34","slug":"sosua-ocean-village","status":"publish","type":"page","link":"https:\/\/domconst.com\/de\/sosua-ocean-village\/","title":{"rendered":"Sosua Ocean Village"},"content":{"rendered":"<div class=\"wpb-content-wrapper\"><p>[vc_row equal_height=&#8221;yes&#8221; content_placement=&#8221;middle&#8221; el_class=&#8221;v-center&#8221;][vc_column][vc_separator]\n\t\t\t<!-- START Sosua Ocean Village REVOLUTION SLIDER 6.7.20 --><p class=\"rs-p-wp-fix\"><\/p>\n\t\t\t<rs-module-wrap id=\"rev_slider_13_1_wrapper\" data-source=\"gallery\" style=\"visibility:hidden;background:transparent;padding:0;margin:0px auto;margin-top:0;margin-bottom:0;\">\n\t\t\t\t<rs-module id=\"rev_slider_13_1\" style=\"\" data-version=\"6.7.20\">\n\t\t\t\t\t<rs-slides style=\"overflow: hidden; position: absolute;\">\n\t\t\t\t\t\t<rs-slide style=\"position: absolute;\" data-key=\"rs-35\" data-title=\"Slide\" data-duration=\"33970\" data-anim=\"ms:300,default;r:,0;\" data-out=\"x:100%;\">\n\t\t\t\t\t\t\t<img decoding=\"async\" src=\"\/\/domconst.com\/wp-content\/plugins\/revslider\/sr6\/assets\/assets\/dummy.png\" alt=\"Slide\" title=\"Sosua Ocean Village\" class=\"rev-slidebg tp-rs-img rs-lazyload\" data-lazyload=\"\/\/domconst.com\/wp-content\/plugins\/revslider\/sr6\/assets\/assets\/transparent.png\" data-no-retina>\n<!--\n\t\t\t\t\t\t\t--><rs-layer\n\t\t\t\t\t\t\t\tid=\"slider-13-slide-35-layer-1\" \n\t\t\t\t\t\t\t\tdata-type=\"image\"\n\t\t\t\t\t\t\t\tdata-rsp_ch=\"on\"\n\t\t\t\t\t\t\t\tdata-xy=\"x:c;xo:23px;y:m;yo:-3px;\"\n\t\t\t\t\t\t\t\tdata-text=\"l:22;a:inherit;\"\n\t\t\t\t\t\t\t\tdata-dim=\"w:[&#039;1280px&#039;,&#039;1280px&#039;,&#039;1280px&#039;,&#039;1280px&#039;];h:[&#039;450px&#039;,&#039;450px&#039;,&#039;450px&#039;,&#039;450px&#039;];\"\n\t\t\t\t\t\t\t\tdata-frame_0=\"y:bottom;o:1;rX:-20deg;rY:-20deg;tp:600;\"\n\t\t\t\t\t\t\t\tdata-frame_1=\"tp:600;e:power3.out;sp:1500;sR:10;\"\n\t\t\t\t\t\t\t\tdata-frame_999=\"o:0;tp:600;st:4790;sp:1050;sR:3280;\"\n\t\t\t\t\t\t\t\tstyle=\"z-index:5;\"\n\t\t\t\t\t\t\t><img fetchpriority=\"high\" decoding=\"async\" src=\"\/\/domconst.com\/wp-content\/plugins\/revslider\/sr6\/assets\/assets\/dummy.png\" alt=\"\" class=\"tp-rs-img rs-lazyload\" width=\"1280\" height=\"450\" data-lazyload=\"\/\/domconst.com\/wp-content\/uploads\/2019\/04\/\u0442\u0438\u0442\u0443\u043b.png\" data-no-retina> \n\t\t\t\t\t\t\t<\/rs-layer><!--\n\n\t\t\t\t\t\t\t--><rs-layer\n\t\t\t\t\t\t\t\tid=\"slider-13-slide-35-layer-5\" \n\t\t\t\t\t\t\t\tdata-type=\"text\"\n\t\t\t\t\t\t\t\tdata-rsp_ch=\"on\"\n\t\t\t\t\t\t\t\tdata-xy=\"x:c;xo:-119px,-119px,-119px,-106px;y:m;yo:-51px,-51px,-51px,-43px;\"\n\t\t\t\t\t\t\t\tdata-text=\"s:20,20,20,15;l:22;a:inherit;\"\n\t\t\t\t\t\t\t\tdata-frame_0=\"x:-100%;o:1;tp:600;\"\n\t\t\t\t\t\t\t\tdata-frame_0_mask=\"u:t;\"\n\t\t\t\t\t\t\t\tdata-frame_1=\"tp:600;st:1490;sp:1500;sR:1490;\"\n\t\t\t\t\t\t\t\tdata-frame_1_mask=\"u:t;\"\n\t\t\t\t\t\t\t\tdata-frame_999=\"o:0;tp:600;st:9000;sR:6010;\"\n\t\t\t\t\t\t\t\tstyle=\"z-index:6;font-family:'Roboto Condensed';\"\n\t\t\t\t\t\t\t>A LIFE THAT MANY PEOPLE DREAM OF \n\t\t\t\t\t\t\t<\/rs-layer><!--\n\n\t\t\t\t\t\t\t--><rs-layer\n\t\t\t\t\t\t\t\tid=\"slider-13-slide-35-layer-6\" \n\t\t\t\t\t\t\t\tdata-type=\"text\"\n\t\t\t\t\t\t\t\tdata-rsp_ch=\"on\"\n\t\t\t\t\t\t\t\tdata-xy=\"x:c;y:m;\"\n\t\t\t\t\t\t\t\tdata-text=\"s:60,60,60,48;l:22;fw:400,400,400,700;a:inherit;\"\n\t\t\t\t\t\t\t\tdata-frame_0=\"tp:600;\"\n\t\t\t\t\t\t\t\tdata-frame_1=\"tp:600;sp:1450;sR:10;\"\n\t\t\t\t\t\t\t\tdata-frame_999=\"o:0;tp:600;st:w;sR:32510;\"\n\t\t\t\t\t\t\t\tstyle=\"z-index:7;font-family:'Roboto Condensed';\"\n\t\t\t\t\t\t\t>SOSUA OCEAN VILLAGE \n\t\t\t\t\t\t\t<\/rs-layer><!--\n\n\t\t\t\t\t\t\t--><rs-layer\n\t\t\t\t\t\t\t\tid=\"slider-13-slide-35-layer-7\" \n\t\t\t\t\t\t\t\tdata-type=\"text\"\n\t\t\t\t\t\t\t\tdata-rsp_ch=\"on\"\n\t\t\t\t\t\t\t\tdata-xy=\"x:c;xo:113px,113px,113px,81px;y:m;yo:53px,53px,53px,43px;\"\n\t\t\t\t\t\t\t\tdata-text=\"s:20,20,20,15;l:22;a:inherit;\"\n\t\t\t\t\t\t\t\tdata-frame_0=\"x:100%;o:1;tp:600;\"\n\t\t\t\t\t\t\t\tdata-frame_0_mask=\"u:t;\"\n\t\t\t\t\t\t\t\tdata-frame_1=\"tp:600;st:1530;sp:1500;sR:1530;\"\n\t\t\t\t\t\t\t\tdata-frame_1_mask=\"u:t;\"\n\t\t\t\t\t\t\t\tdata-frame_999=\"o:0;tp:600;st:9000;sR:5970;\"\n\t\t\t\t\t\t\t\tstyle=\"z-index:8;font-family:'Roboto Condensed';\"\n\t\t\t\t\t\t\t>LUXURY REAL ESTATE ON THE OCEAN \n\t\t\t\t\t\t\t<\/rs-layer><!--\n\n\t\t\t\t\t\t\t--><rs-layer\n\t\t\t\t\t\t\t\tid=\"slider-13-slide-35-layer-9\" \n\t\t\t\t\t\t\t\tclass=\"rs-layer-video intrinsic-ignore\"\n\t\t\t\t\t\t\t\tdata-type=\"video\"\n\t\t\t\t\t\t\t\tdata-rsp_ch=\"on\"\n\t\t\t\t\t\t\t\tdata-xy=\"xo:27px,-23px,-208px,-356px;yo:0,4px,-5px,-85px;\"\n\t\t\t\t\t\t\t\tdata-text=\"l:22;a:inherit;\"\n\t\t\t\t\t\t\t\tdata-dim=\"w:1240px;h:450px;\"\n\t\t\t\t\t\t\t\tdata-basealign=\"slide\"\n\t\t\t\t\t\t\t\tdata-video=\"twa:false;vd:0;l:true;ptimer:false;nse:f;sav:f;sp:2;inl:f;\"\n\t\t\t\t\t\t\t\tdata-ytid=\"eUbd8-q8Cek\"\n\t\t\t\t\t\t\t\tdata-vatr=\"version=3&amp;enablejsapi=1&amp;html5=1&amp;hd=1&amp;wmode=opaque&amp;showinfo=0&amp;rel=0&amp;origin=https:\/\/domconst.com;\"\n\t\t\t\t\t\t\t\tdata-frame_0=\"o:1;tp:600;\"\n\t\t\t\t\t\t\t\tdata-frame_0_sfx=\"se:blocktoright;\"\n\t\t\t\t\t\t\t\tdata-frame_1=\"tp:600;e:power4.inOut;st:4920;sp:2000;sR:4920;\"\n\t\t\t\t\t\t\t\tdata-frame_1_sfx=\"se:blocktoright;\"\n\t\t\t\t\t\t\t\tdata-frame_999=\"o:0;tp:600;st:w;sR:27050;\"\n\t\t\t\t\t\t\t\tstyle=\"z-index:9;\"\n\t\t\t\t\t\t\t>\n\t\t\t\t\t\t\t<\/rs-layer><!--\n\n\t\t\t\t\t\t\t--><rs-layer\n\t\t\t\t\t\t\t\tid=\"slider-13-slide-35-layer-10\" \n\t\t\t\t\t\t\t\tdata-type=\"text\"\n\t\t\t\t\t\t\t\tdata-rsp_ch=\"on\"\n\t\t\t\t\t\t\t\tdata-xy=\"xo:861px,821px,611px,7px;yo:333px,338px,289px,267px;\"\n\t\t\t\t\t\t\t\tdata-text=\"s:40;l:72;a:inherit;\"\n\t\t\t\t\t\t\t\tdata-dim=\"w:335px,335px,335px,390px;h:53px,53px,53px,auto;\"\n\t\t\t\t\t\t\t\tdata-frame_0=\"y:bottom;sX:2;sY:2;o:1;rZ:90deg;tp:600;\"\n\t\t\t\t\t\t\t\tdata-frame_1=\"tp:600;sp:0;sR:10;\"\n\t\t\t\t\t\t\t\tdata-frame_999=\"o:0;tp:600;st:w;sR:33960;\"\n\t\t\t\t\t\t\t\tstyle=\"z-index:10;font-family:'Palatino Linotype', 'Book Antiqua', 'Palatino', 'serif';\"\n\t\t\t\t\t\t\t>Builder DOMCONST\n \n\t\t\t\t\t\t\t<\/rs-layer><!--\n-->\t\t\t\t\t<\/rs-slide>\n\t\t\t\t\t<\/rs-slides>\n\t\t\t\t<\/rs-module>\n\t\t\t\t<script>\n\t\t\t\t\tsetREVStartSize({c: 'rev_slider_13_1',rl:[1240,1024,778,480],el:[],gw:[1240,1024,778,480],gh:[450,450,400,350],type:'standard',justify:'',layout:'fullwidth',mh:\"0\"});if (window.RS_MODULES!==undefined && window.RS_MODULES.modules!==undefined && window.RS_MODULES.modules[\"revslider131\"]!==undefined) {window.RS_MODULES.modules[\"revslider131\"].once = false;window.revapi13 = undefined;if (window.RS_MODULES.checkMinimal!==undefined) window.RS_MODULES.checkMinimal()}\n\t\t\t\t<\/script>\n\t\t\t\t<script src=\"https:\/\/www.youtube.com\/iframe_api\"><\/script>\n\t\t\t<\/rs-module-wrap>\n\t\t\t<!-- END REVOLUTION SLIDER -->\n[vc_separator][vc_column_text]<\/p>\n<h1 style=\"text-align: center;\">Besitzerin werden<br \/>\nIm Herzen von Sosua.<\/h1>\n<p>[\/vc_column_text][vc_column_text]<\/p>\n<h2><span style=\"font-weight: 400;\">Dies ist eine der gr\u00f6\u00dften<\/span> <span style=\"font-weight: 400;\">Komplexe an der Nordk\u00fcste der Dominikanischen Republik<\/span><span style=\"font-weight: 400;\">. Komplex <\/span><span style=\"font-weight: 400;\">Sosua Ocean Village<\/span> <span style=\"font-weight: 400;\">Sehr komfortabel f\u00fcrs Leben, es kann buchst\u00e4blich alles finden:, Restaurants,<\/span> <span style=\"font-weight: 400;\">Aqua Park, Schwimmb\u00e4der, Fitnessraum, Tennispl\u00e4tze, Volleyball-und Basketballplatz, Spa, Lagune zum Angeln, Brauerei und gro\u00dfes Unterhaltungszentrum f\u00fcr Kinder<\/span><span style=\"font-weight: 400;\">. Die Gegend ist einfach erstaunlich mit seiner Sch\u00f6nheit und Stil<\/span><\/h2>\n<p>[\/vc_column_text][vc_separator][\/vc_column][\/vc_row][vc_row equal_height=&#8221;yes&#8221; content_placement=&#8221;middle&#8221;][vc_column width=&#8221;1\/4&#8243;][vc_single_image image=&#8221;11377&#8243; img_size=&#8221;full&#8221; alignment=&#8221;center&#8221; css_animation=&#8221;none&#8221;][vc_column_text]<\/p>\n<h2 style=\"text-align: center;\">Beach Total<br \/>\n10 Schritte<\/h2>\n<p>[\/vc_column_text][\/vc_column][vc_column width=&#8221;1\/4&#8243;][vc_single_image image=&#8221;11383&#8243; img_size=&#8221;full&#8221; alignment=&#8221;center&#8221; css_animation=&#8221;none&#8221;][vc_column_text]<\/p>\n<h2 style=\"text-align: center;\">Panoramablick<br \/>\nOzean<\/h2>\n<p>[\/vc_column_text][\/vc_column][vc_column width=&#8221;1\/4&#8243;][vc_single_image image=&#8221;11386&#8243; alignment=&#8221;center&#8221;][vc_column_text]<\/p>\n<h2 style=\"text-align: center;\">der Schutz<br \/>\n24\/7<\/h2>\n<p>[\/vc_column_text][\/vc_column][vc_column width=&#8221;1\/4&#8243;][vc_single_image image=&#8221;11380&#8243; alignment=&#8221;center&#8221;][vc_column_text]<\/p>\n<h2 style=\"text-align: center;\">pf\u00fctze<br \/>\nUnd Aqua Zone<\/h2>\n<p>[\/vc_column_text][\/vc_column][\/vc_row][vc_row][vc_column][vc_separator][vc_video link=&#8221;https:\/\/youtu.be\/2frF7ODWU7o&#8221; align=&#8221;center&#8221;][vc_separator][vc_column_text]<\/p>\n<h2><span style=\"font-weight: 400;\">Die Residenz geh\u00f6rt zur LUXURY-Klasse und gilt zu Recht als eine der besten in der Dominikanischen Republik.<\/span><\/h2>\n<h2><span style=\"font-weight: 400;\">Die Anlage verf\u00fcgt \u00fcber ein gro\u00dfes privates Gebiet, mehr als 65 Hektar, das sind Wohnungen, Villen, Studios und Grundst\u00fccke f\u00fcr den Bau. <\/span><\/h2>\n<h2><span style=\"font-weight: 400;\">Das Gebiet der Wohnung wurde mit Sorgfalt f\u00fcr die Umwelt und f\u00fcr den sicheren Aufenthalt der Bewohner konzipiert. Die Bewegung der Autos ist hier begrenzt, und die Mitarbeiter bewegen sich auf dem Gebiet auf Elektrofahrzeuge, die aus Solarenergie geladen werden.<\/span><\/h2>\n<p>[\/vc_column_text][vc_separator]\n\t\t\t<!-- START \u0441\u043e\u0432\u0430 REVOLUTION SLIDER 6.7.20 --><p class=\"rs-p-wp-fix\"><\/p>\n\t\t\t<rs-module-wrap id=\"rev_slider_15_2_wrapper\" data-source=\"gallery\" style=\"visibility:hidden;background:#ffffff;padding:0;margin:0px auto;margin-top:0;margin-bottom:0;\">\n\t\t\t\t<rs-module id=\"rev_slider_15_2\" style=\"\" data-version=\"6.7.20\">\n\t\t\t\t\t<rs-slides style=\"overflow: hidden; position: absolute;\">\n\t\t\t\t\t\t<rs-slide style=\"position: absolute;\" data-key=\"rs-55\" data-title=\"Slide\" data-thumb=\"\/\/domconst.com\/wp-content\/uploads\/2019\/04\/2.jpg\" data-anim=\"adpr:false;\">\n\t\t\t\t\t\t\t<img decoding=\"async\" src=\"\/\/domconst.com\/wp-content\/plugins\/revslider\/sr6\/assets\/assets\/dummy.png\" alt=\"\" title=\"Sosua Ocean Village\" class=\"rev-slidebg tp-rs-img rs-lazyload\" data-lazyload=\"\/\/domconst.com\/wp-content\/uploads\/2019\/04\/2.jpg\" data-parallax=\"off\" data-no-retina>\n<!---->\t\t\t\t\t<\/rs-slide>\n\t\t\t\t\t\t<rs-slide style=\"position: absolute;\" data-key=\"rs-56\" data-title=\"Slide\" data-thumb=\"\/\/domconst.com\/wp-content\/uploads\/2019\/04\/\u0441\u043e\u0432\u0430.png\" data-anim=\"adpr:false;\">\n\t\t\t\t\t\t\t<img decoding=\"async\" src=\"\/\/domconst.com\/wp-content\/plugins\/revslider\/sr6\/assets\/assets\/dummy.png\" alt=\"\" title=\"Sosua Ocean Village\" class=\"rev-slidebg tp-rs-img rs-lazyload\" data-lazyload=\"\/\/domconst.com\/wp-content\/uploads\/2019\/04\/\u0441\u043e\u0432\u0430.png\" data-parallax=\"off\" data-no-retina>\n<!---->\t\t\t\t\t<\/rs-slide>\n\t\t\t\t\t\t<rs-slide style=\"position: absolute;\" data-key=\"rs-57\" data-title=\"Slide\" data-thumb=\"\/\/domconst.com\/wp-content\/uploads\/2019\/04\/ed2_1.jpg\" data-anim=\"adpr:false;\">\n\t\t\t\t\t\t\t<img decoding=\"async\" src=\"\/\/domconst.com\/wp-content\/plugins\/revslider\/sr6\/assets\/assets\/dummy.png\" alt=\"\" title=\"Sosua Ocean Village\" class=\"rev-slidebg tp-rs-img rs-lazyload\" data-lazyload=\"\/\/domconst.com\/wp-content\/uploads\/2019\/04\/ed2_1.jpg\" data-parallax=\"off\" data-no-retina>\n<!---->\t\t\t\t\t<\/rs-slide>\n\t\t\t\t\t\t<rs-slide style=\"position: absolute;\" data-key=\"rs-59\" data-title=\"Slide\" data-thumb=\"\/\/domconst.com\/wp-content\/uploads\/2019\/04\/ed_24.jpg\" data-anim=\"adpr:false;\">\n\t\t\t\t\t\t\t<img decoding=\"async\" src=\"\/\/domconst.com\/wp-content\/plugins\/revslider\/sr6\/assets\/assets\/dummy.png\" alt=\"\" title=\"Sosua Ocean Village\" class=\"rev-slidebg tp-rs-img rs-lazyload\" data-lazyload=\"\/\/domconst.com\/wp-content\/uploads\/2019\/04\/ed_24.jpg\" data-parallax=\"off\" data-no-retina>\n<!---->\t\t\t\t\t<\/rs-slide>\n\t\t\t\t\t\t<rs-slide style=\"position: absolute;\" data-key=\"rs-58\" data-title=\"Slide\" data-thumb=\"\/\/domconst.com\/wp-content\/uploads\/2019\/04\/img_0516.jpg\" data-anim=\"adpr:false;\">\n\t\t\t\t\t\t\t<img decoding=\"async\" src=\"\/\/domconst.com\/wp-content\/plugins\/revslider\/sr6\/assets\/assets\/dummy.png\" alt=\"\" title=\"Sosua Ocean Village\" class=\"rev-slidebg tp-rs-img rs-lazyload\" data-lazyload=\"\/\/domconst.com\/wp-content\/uploads\/2019\/04\/img_0516.jpg\" data-parallax=\"off\" data-no-retina>\n<!---->\t\t\t\t\t<\/rs-slide>\n\t\t\t\t\t\t<rs-slide style=\"position: absolute;\" data-key=\"rs-62\" data-title=\"Slide\" data-thumb=\"\/\/domconst.com\/wp-content\/uploads\/2019\/04\/\u0437\u0430\u043b.jpg\" data-anim=\"adpr:false;\">\n\t\t\t\t\t\t\t<img decoding=\"async\" src=\"\/\/domconst.com\/wp-content\/plugins\/revslider\/sr6\/assets\/assets\/dummy.png\" alt=\"\" title=\"Sosua Ocean Village\" class=\"rev-slidebg tp-rs-img rs-lazyload\" data-lazyload=\"\/\/domconst.com\/wp-content\/uploads\/2019\/04\/\u0437\u0430\u043b.jpg\" data-parallax=\"off\" data-no-retina>\n<!---->\t\t\t\t\t<\/rs-slide>\n\t\t\t\t\t\t<rs-slide style=\"position: absolute;\" data-key=\"rs-61\" data-title=\"Slide\" data-thumb=\"\/\/domconst.com\/wp-content\/uploads\/2019\/04\/\u0442\u0435\u043d\u043d\u0438\u0441.png\" data-anim=\"adpr:false;\">\n\t\t\t\t\t\t\t<img decoding=\"async\" src=\"\/\/domconst.com\/wp-content\/plugins\/revslider\/sr6\/assets\/assets\/dummy.png\" alt=\"\" title=\"Sosua Ocean Village\" class=\"rev-slidebg tp-rs-img rs-lazyload\" data-lazyload=\"\/\/domconst.com\/wp-content\/uploads\/2019\/04\/\u0442\u0435\u043d\u043d\u0438\u0441.png\" data-parallax=\"off\" data-no-retina>\n<!---->\t\t\t\t\t<\/rs-slide>\n\t\t\t\t\t\t<rs-slide style=\"position: absolute;\" data-key=\"rs-60\" data-title=\"Slide\" data-thumb=\"\/\/domconst.com\/wp-content\/uploads\/2019\/04\/sosua_ocean_village_view__0.jpg\" data-anim=\"adpr:false;\">\n\t\t\t\t\t\t\t<img decoding=\"async\" src=\"\/\/domconst.com\/wp-content\/plugins\/revslider\/sr6\/assets\/assets\/dummy.png\" alt=\"\" title=\"Sosua Ocean Village\" class=\"rev-slidebg tp-rs-img rs-lazyload\" data-lazyload=\"\/\/domconst.com\/wp-content\/uploads\/2019\/04\/sosua_ocean_village_view__0.jpg\" data-parallax=\"off\" data-no-retina>\n<!---->\t\t\t\t\t<\/rs-slide>\n\t\t\t\t\t<\/rs-slides>\n\t\t\t\t<\/rs-module>\n\t\t\t\t<script>\n\t\t\t\t\tsetREVStartSize({c: 'rev_slider_15_2',rl:[1240,1024,778,480],el:[],gw:[1240,1024,778,480],gh:[450,450,400,350],type:'standard',justify:'',layout:'fullwidth',mh:\"0\"});if (window.RS_MODULES!==undefined && window.RS_MODULES.modules!==undefined && window.RS_MODULES.modules[\"revslider152\"]!==undefined) {window.RS_MODULES.modules[\"revslider152\"].once = false;window.revapi15 = undefined;if (window.RS_MODULES.checkMinimal!==undefined) window.RS_MODULES.checkMinimal()}\n\t\t\t\t<\/script>\n\t\t\t<\/rs-module-wrap>\n\t\t\t<!-- END REVOLUTION SLIDER -->\n[vc_separator style=&#8221;dashed&#8221;][vc_empty_space][\/vc_column][\/vc_row][vc_row equal_height=&#8221;yes&#8221; content_placement=&#8221;middle&#8221;][vc_column width=&#8221;1\/3&#8243;][vc_single_image image=&#8221;11455&#8243; img_size=&#8221;full&#8221; alignment=&#8221;center&#8221; css_animation=&#8221;none&#8221;][vc_column_text]<\/p>\n<h2 style=\"text-align: center;\"><a href=\"http:\/\/domconst.com\/%D0%BF%D1%80%D0%BE%D0%B4%D0%B0%D0%B6%D0%B0\/\">Ausverkauf<\/a><\/h2>\n<p><!--more-->[\/vc_column_text][\/vc_column][vc_column width=&#8221;1\/3&#8243;][vc_single_image image=&#8221;11452&#8243; img_size=&#8221;full&#8221; alignment=&#8221;center&#8221; css_animation=&#8221;none&#8221;][vc_column_text]<\/p>\n<h2 style=\"text-align: center;\"><a href=\"http:\/\/domconst.com\/%D0%B0%D1%80%D0%B5%D0%BD%D0%B4%D0%B0-%D0%B2%D0%B8%D0%BB%D0%BB\/\">miete<\/a><\/h2>\n<p><!--more-->[\/vc_column_text][\/vc_column][vc_column width=&#8221;1\/3&#8243;][vc_single_image image=&#8221;11458&#8243; img_size=&#8221;full&#8221; alignment=&#8221;center&#8221;][vc_column_text]<\/p>\n<h2 style=\"text-align: center;\"><a href=\"http:\/\/domconst.com\/%D1%81%D1%82%D1%80%D0%BE%D0%B8%D1%82%D0%B5%D0%BB%D1%8C%D0%BD%D1%8B%D0%B5-%D1%83%D1%81%D0%BB%D1%83%D0%B3%D0%B8\/\">bau<\/a><\/h2>\n<p><!--more-->[\/vc_column_text][\/vc_column][\/vc_row][vc_row][vc_column][vc_separator style=&#8221;dotted&#8221;][vc_column_text]<\/p>\n<h2><span style=\"font-weight: 400;\">Die Unterhaltsgeb\u00fchr f\u00fcr den Wohnsitz und sein Territorium betr\u00e4gt durchschnittlich 250 Dollar pro Monat.<\/span><\/h2>\n<h2><b>Zu den kommunalen Dienstleistungen geh\u00f6ren: <\/b><\/h2>\n<ol>\n<li>\n<h2><span style=\"font-weight: 400;\"> Security 24\/7 <\/span><\/h2>\n<\/li>\n<li>\n<h2><span style=\"font-weight: 400;\"> Wasserversorgung und Abwasser <\/span><\/h2>\n<\/li>\n<li>\n<h2><span style=\"font-weight: 400;\"> Landschaftsgestaltung und Beleuchtung der Gemeinschaftsr\u00e4ume des Sosua Ocean Village <\/span><\/h2>\n<\/li>\n<li>\n<h2><span style=\"font-weight: 400;\"> Instandhaltung und Instandsetzung von Stra\u00dfen und Verbindungen <\/span><\/h2>\n<\/li>\n<li>\n<h2><span style=\"font-weight: 400;\"> Instandhaltung, Beleuchtung und laufende Instandhaltung des Gemeinschaftsbereichs und der Gemeinschaftsr\u00e4ume <\/span><\/h2>\n<\/li>\n<\/ol>\n<h2><\/h2>\n<h2><span style=\"font-weight: 400;\">Der Komplex ist f\u00fchrend in der Anzahl der Wohnungen von Ausl\u00e4ndern gekauft. Vor allem Familien aus den USA, Deutschland, Italien, Schweden, Norwegen, D\u00e4nemark, Russland ruhen hier bereits.<\/span><\/h2>\n<h2><span style=\"font-weight: 400;\">Um eine Wohnung in der Dominikanischen Republik zu kaufen, ist \u00fcbrigens nur ein Reisepass erforderlich. Die Kommunen verlangen keine Voranmeldung von Zertifikaten.<\/span><\/h2>\n<h2><\/h2>\n<h2><strong>Vorteile<\/strong><\/h2>\n<ol>\n<li>\n<h2><span style=\"font-weight: 400;\">Erste Zeile <\/span><\/h2>\n<\/li>\n<li>\n<h2><span style=\"font-weight: 400;\">Strom 24\/7 (2400 Solarzellen)<\/span><\/h2>\n<\/li>\n<li>\n<h2><span style=\"font-weight: 400;\">H\u00f6chste Bauqualit\u00e4t<\/span><\/h2>\n<\/li>\n<li>\n<h2><span style=\"font-weight: 400;\">Gro\u00dfer privater Bereich mit entwickelter Infrastruktur<\/span><\/h2>\n<\/li>\n<li>\n<h2><span style=\"font-weight: 400;\">Privatstrand<\/span><\/h2>\n<\/li>\n<li>\n<h2><span style=\"font-weight: 400;\">24 Stunden Sicherheit<\/span><\/h2>\n<\/li>\n<li>\n<h2><span style=\"font-weight: 400;\">Neuer Komplex mit entwickelter Infrastruktur<\/span><\/h2>\n<\/li>\n<li>\n<h2><span style=\"font-weight: 400;\">Hohe Liquidit\u00e4t von Immobilien<\/span><\/h2>\n<\/li>\n<\/ol>\n<p>[\/vc_column_text][vc_gmaps link=&#8221;#E-8_JTNDaWZyYW1lJTIwc3JjJTNEJTIyaHR0cHMlM0ElMkYlMkZ3d3cuZ29vZ2xlLmNvbSUyRm1hcHMlMkZlbWJlZCUzRnBiJTNEJTIxMW0xNCUyMTFtOCUyMTFtMyUyMTFkMjIzMi4zOTYxMDE5NDczNzA0JTIxMmQtNzAuNDk5OTQ2OTMzMzk5MDYlMjEzZDE5Ljc3OTQ1Mjc4NDQzNzA5NCUyMTNtMiUyMTFpMTAyNCUyMTJpNzY4JTIxNGYxMy4xJTIxM20zJTIxMW0yJTIxMXMweDhlYjFlMzNmMWJjYzNkYTMlMjUzQTB4YWIzZGY2MTc0YWRjNmZhYSUyMTJzU29zdWElMkJPY2VhbiUyQlZpbGxhZ2UlMjE1ZTAlMjEzbTIlMjExc3J1JTIxMnN1cyUyMTR2MTU1NTAzODc0OTg0MiUyMTVtMiUyMTFzcnUlMjEyc3VzJTIyJTIwd2lkdGglM0QlMjI2MDAlMjIlMjBoZWlnaHQlM0QlMjI0NTAlMjIlMjBmcmFtZWJvcmRlciUzRCUyMjAlMjIlMjBzdHlsZSUzRCUyMmJvcmRlciUzQTAlMjIlMjBhbGxvd2Z1bGxzY3JlZW4lM0UlM0MlMkZpZnJhbWUlM0U=&#8221;][\/vc_column][\/vc_row]<\/p>\n<\/div>","protected":false},"excerpt":{"rendered":"<p>[vc_row equal_height=&#8221;yes&#8221; content_placement=&#8221;middle&#8221; el_class=&#8221;v-center&#8221;][vc_column][vc_separator][vc_separator][vc_column_text] Besitzerin werden Im Herzen von Sosua. [\/vc_column_text][vc_column_text] Dies ist eine der gr\u00f6\u00dften Komplexe an der Nordk\u00fcste der Dominikanischen Republik. Komplex Sosua Ocean Village Sehr komfortabel f\u00fcrs Leben, es kann buchst\u00e4blich alles finden:, Restaurants, Aqua Park, Schwimmb\u00e4der, Fitnessraum, Tennispl\u00e4tze, Volleyball-und Basketballplatz, Spa, Lagune zum Angeln, Brauerei und gro\u00dfes Unterhaltungszentrum f\u00fcr Kinder. Die [&hellip;]<\/p>\n","protected":false},"author":3,"featured_media":0,"parent":0,"menu_order":0,"comment_status":"closed","ping_status":"closed","template":"template\/template-homepage.php","meta":{"footnotes":""},"yst_prominent_words":[],"class_list":["post-13247","page","type-page","status-publish","hentry"],"_links":{"self":[{"href":"https:\/\/domconst.com\/de\/wp-json\/wp\/v2\/pages\/13247","targetHints":{"allow":["GET"]}}],"collection":[{"href":"https:\/\/domconst.com\/de\/wp-json\/wp\/v2\/pages"}],"about":[{"href":"https:\/\/domconst.com\/de\/wp-json\/wp\/v2\/types\/page"}],"author":[{"embeddable":true,"href":"https:\/\/domconst.com\/de\/wp-json\/wp\/v2\/users\/3"}],"replies":[{"embeddable":true,"href":"https:\/\/domconst.com\/de\/wp-json\/wp\/v2\/comments?post=13247"}],"version-history":[{"count":0,"href":"https:\/\/domconst.com\/de\/wp-json\/wp\/v2\/pages\/13247\/revisions"}],"wp:attachment":[{"href":"https:\/\/domconst.com\/de\/wp-json\/wp\/v2\/media?parent=13247"}],"wp:term":[{"taxonomy":"yst_prominent_words","embeddable":true,"href":"https:\/\/domconst.com\/de\/wp-json\/wp\/v2\/yst_prominent_words?post=13247"}],"curies":[{"name":"wp","href":"https:\/\/api.w.org\/{rel}","templated":true}]}}