{"id":13233,"date":"2019-05-19T20:41:04","date_gmt":"2019-05-20T00:41:04","guid":{"rendered":"https:\/\/domconst.com\/bau\/"},"modified":"2019-05-19T20:41:04","modified_gmt":"2019-05-20T00:41:04","slug":"bau","status":"publish","type":"page","link":"https:\/\/domconst.com\/de\/bau\/","title":{"rendered":"bau"},"content":{"rendered":"<h1>KONSTRUCTION DER ESTATE IN DER DOMINICAN REPUBLIC.<\/h1>\n<p>Wenn Menschen daran denken, eine Immobilie in einem tropischen Land zu bauen, wissen sie nicht, mit welchen Problemen sie konfrontiert sein k\u00f6nnte. Aber ich sage es Ihnen auf ehrliche und geordnete Weise.<\/p>\n<ol>\n<li>Grunds\u00e4tzlich haben Bauherren in der Dominikanischen Republik keine Ausbildung, arbeiten nicht nach Plan und wissen nicht, wof\u00fcr das Fundament steht und warum das Dach nicht Wasser stehen sollte.<\/li>\n<li>Ungleiche Putz, Mangel an geraden Winkeln.<\/li>\n<li>Die Regeln f\u00fcr die Installation der Ger\u00e4te missachtet vollst\u00e4ndig.<\/li>\n<li>Der Mangel an Servicecenter f\u00fcr die Reparatur und Wartung von Elektrowerkzeugen zwingt die Menschen, mit einem Mei\u00dfel und einem Schlittenhammer zu arbeiten.<\/li>\n<\/ol>\n<p>Mit diesen und vielen anderen Problemen haben wir vor vielen Jahren begonnen, einen Vertrag mit einer der lokalen Firmen zu schlie\u00dfen. Schon zu Beginn des Baus wurde klar, dass es unm\u00f6glich ist, zu bauen. Und wir haben uns auf die Suche nach einem Weg gemacht, den Bauprozess zu verbessern. Wir haben die Kontrolle \u00fcber die Kommunikation \u00fcbernommen und die Struktur ist der schw\u00e4chste Ort der lokalen Ingenieure. Sp\u00e4ter bildeten sie eine Gruppe von Menschen mit einem elektrischen Werkzeug aus und der Bauprozess begann zu beschleunigen und begann, die Qualit\u00e4t des Aufbaus unseres Unternehmens zu steigern.<\/p>\n<p align=\"justify\"><b>Was wir haben und was wir k\u00f6nnen:<\/b><\/p>\n<ol start=\"1\" type=\"1\">\n<li>Unser Unternehmen f\u00fchrt den Bau jeder Komplexit\u00e4t der Objekte durch. <encoded_tag_open> <\/encoded_tag_open>Von Grund<encoded_tag_closed> <\/encoded_tag_closed> auf-von der Entwicklung der Projektdokumentation bis zur Inbetriebnahme der Anlage. Wir f\u00fchren die Entwicklung einzelner Projekte durch.<\/li>\n<li>Wir bieten die Gestaltung der Immobilie an, besprechen mit dem Kunden alle Details, bieten einen umfassenden Ansatz bei der L\u00f6sung der Aufgaben, dem Einsatz moderner Technik.<\/li>\n<li>Wir f\u00fchren die Koordination und Entwicklung der Konstruktions-und Kostendokumentation durch.<\/li>\n<li>Kompletter Bau mit Garagen, Schwimmbad, etc. inklusive kompletter (Innen-und Au\u00dfen-) Fertigstellung des Geb\u00e4udes, einschlie\u00dflich Strom, und Sanit\u00e4r. Installieren Sie einfach Ihre Solarzellen und Heizungen, weil in der Dominikanischen Republik 330 Tage im Jahr scheint die Sonne und warum nicht verwenden.<\/li>\n<li>Die Bauzeit betr\u00e4gt 4 Monate.<\/li>\n<li>Wir sprechen auch Sprachen: Russisch, Englisch und Spanisch.<\/li>\n<\/ol>\n<p><b>Unsere Vorteile:<\/b><\/p>\n<ul type=\"disc\">\n<li>Hohe Qualit\u00e4t der Arbeiten an jedem Projekt arbeitet Supervisor mit Ingenieurausbildung;<\/li>\n<li>Anst\u00e4ndige, erfahrene Arbeiter, spezialisierte Brigaden;<\/li>\n<li>Eigene Projekte;<\/li>\n<li>Stufenweise Zahlung, Zahlung auf Kredit;<\/li>\n<li>Individuelle Herangehensweise an jeden Kunden;<\/li>\n<li>Flexible Preispolitik;<\/li>\n<li>Die M\u00f6glichkeit, Empfehlungen zu geben;<\/li>\n<li>Einsatz von fortschrittlichen Technologien: Kunststofffenster mit Doppelverglasung, Stretchdecken;<\/li>\n<li>Suche und Verwendung von hochwertigen Materialien: Wir verwenden nur qualitative und korrekte Materialien;<\/li>\n<li>garantie<\/li>\n<li>Schl\u00fcsselfertige Projekt und komplette Konstruktion<\/li>\n<\/ul>\n<p><b>Unsere Projekte:<\/b><\/p>\n<ul type=\"disc\">\n<li><b>Tropical Casa Laguna (Cabarete) Ehemaliges Hotel in ein Condo umgewandelt <\/b><\/li>\n<li><strong>Casa Linda #845 #846 #904 #913 #947 #746 #878 #733b.<\/strong><\/li>\n<li><strong>Sosua Ocean Village Garden Dream 22, Garden Dream 65<\/strong><\/li>\n<li><strong>Condo White Colibri Luxury (Perla Marina) Neubau der elit\u00e4ren Wohnanlage.<\/strong><\/li>\n<\/ul>\n<p>F\u00fchrungskr\u00e4fte unseres Unternehmens versuchen, sich immer \u00fcber die Ver\u00e4nderungen im Baugewerbe im Klaren zu sein, ihre F\u00e4higkeiten st\u00e4ndig zu verbessern, was es ihnen erm\u00f6glicht, vollst\u00e4ndige und zuverl\u00e4ssige Informationen \u00fcber das von Ihnen gew\u00e4hlte Projekt bereitzustellen.<\/p>\n<p>Wir bauen Ihr Haus zu Ihren Konditionen und zu einem g\u00fcnstigen Preis f\u00fcr Sie!!!<\/p>\n","protected":false},"excerpt":{"rendered":"<p>KONSTRUCTION DER ESTATE IN DER DOMINICAN REPUBLIC. Wenn Menschen daran denken, eine Immobilie in einem tropischen Land zu bauen, wissen sie nicht, mit welchen Problemen sie konfrontiert sein k\u00f6nnte. Aber ich sage es Ihnen auf ehrliche und geordnete Weise. Grunds\u00e4tzlich haben Bauherren in der Dominikanischen Republik keine Ausbildung, arbeiten nicht nach Plan und wissen nicht, [&hellip;]<\/p>\n","protected":false},"author":3,"featured_media":0,"parent":0,"menu_order":12,"comment_status":"closed","ping_status":"closed","template":"","meta":{"footnotes":""},"yst_prominent_words":[],"class_list":["post-13233","page","type-page","status-publish","hentry"],"_links":{"self":[{"href":"https:\/\/domconst.com\/de\/wp-json\/wp\/v2\/pages\/13233","targetHints":{"allow":["GET"]}}],"collection":[{"href":"https:\/\/domconst.com\/de\/wp-json\/wp\/v2\/pages"}],"about":[{"href":"https:\/\/domconst.com\/de\/wp-json\/wp\/v2\/types\/page"}],"author":[{"embeddable":true,"href":"https:\/\/domconst.com\/de\/wp-json\/wp\/v2\/users\/3"}],"replies":[{"embeddable":true,"href":"https:\/\/domconst.com\/de\/wp-json\/wp\/v2\/comments?post=13233"}],"version-history":[{"count":0,"href":"https:\/\/domconst.com\/de\/wp-json\/wp\/v2\/pages\/13233\/revisions"}],"wp:attachment":[{"href":"https:\/\/domconst.com\/de\/wp-json\/wp\/v2\/media?parent=13233"}],"wp:term":[{"taxonomy":"yst_prominent_words","embeddable":true,"href":"https:\/\/domconst.com\/de\/wp-json\/wp\/v2\/yst_prominent_words?post=13233"}],"curies":[{"name":"wp","href":"https:\/\/api.w.org\/{rel}","templated":true}]}}