{"id":13230,"date":"2019-05-19T20:37:25","date_gmt":"2019-05-20T00:37:25","guid":{"rendered":"https:\/\/domconst.com\/?page_id=13230"},"modified":"2019-05-19T20:37:25","modified_gmt":"2019-05-20T00:37:25","slug":"ueber-die-dominikanische-republik","status":"publish","type":"page","link":"https:\/\/domconst.com\/de\/ueber-die-dominikanische-republik\/","title":{"rendered":"\u00dcber die Dominikanische Republik"},"content":{"rendered":"<div class=\"wpb-content-wrapper\"><p>[vc_row][vc_column][vc_column_text]<\/p>\n<div class=\"content\">\n<div class=\"mainContent\">\n<div class=\"block1\">\n<div class=\"in\">\n<h1>\u00dcBER DIE DOMINIKANISCHE REPUBLIK<\/h1>\n<p>Die Dominikanische Republik ist ein Land mit einer gut ausgebauten Tourismusinfrastruktur, die auf dem All-Inclusive-System basiert. Fast die gesamte K\u00fcste der Dominikanischen Republik &#8211; ein fester Strand. Und egal welches Resort ein Tourist hier w\u00e4hlt: Playa Bavaro, Playa Dorada oder Puerto Plata, Cabarete, Sos\u00faa &#8211; \u00fcberall findet er wei\u00dfen Sand, sauberes, warmes Wasser und hochwertigen Service. Die Dominikanische Republik ist ein exotisches Land mit herrlicher Natur. Hunderte Kilometer wei\u00dfe Str\u00e4nde, gesch\u00fctzt von Korallenriffen, klarem Wasser der Lagune, Fl\u00fcssen, \u00fcppigen W\u00e4ldern und majest\u00e4tischen Bergen. Von den Natursch\u00f6nheiten der Insel sind die Lemon Falls besonders hervorzuheben: Wenn Sie darin schwimmen, werden Sie nach Angaben der Anwohner bis zum Ende Ihrer Tage bequem leben. Nehmen Sie sich auch Zeit f\u00fcr eine Bootsfahrt durch die Gri-Gri-Lagune, ein verschlungenes Labyrinth aus Mangroven, Kriechpflanzen und Palmen im Flussdelta. Kletterer und Bergliebhaber besteigen einfach den Duarte Peak. Routen mit unterschiedlichen Schwierigkeitsgraden f\u00fchren nach oben, und jeder kann seinen eigenen Weg nach seinen St\u00e4rken w\u00e4hlen. Wenn Sie nicht am Strand liegen, sollten Sie unbedingt die Hauptstadt des Landes, die Stadt Santo Domingo, besuchen. Die Hauptattraktion ist die ungew\u00f6hnliche Architektur der Basilika Higuey, die wie aneinander gereihte Bogenb\u00f6gen wirkt. In Anwesenheit eines kompetenten F\u00fchrers aus dem kolonialen Teil von Santo Domingo k\u00f6nnen Sie viel Vergn\u00fcgen bekommen. Dieser Bereich atmet nur Geschichte. Die erste Stra\u00dfe in der Neuen Welt, die erste Kirche in der Neuen Welt, die ersten Br\u00e4uche in der Neuen Welt.<\/p>\n<p>Ein bisschen Geschichte<\/p>\n<p>Nach der Anzahl der Attraktionen steht die Dominikanische Republik an erster Stelle unter den karibischen L\u00e4ndern. Die \u00e4lteste Geschichte der Insel ist eng mit dem Leben des gro\u00dfen Reisenden Christoph Kolumbus verbunden, daher gibt es viele architektonische Denkm\u00e4ler, die mit ihm und seiner Familie verbunden sind. Eine sehr beliebte Art, den Abend bei Touristen zu versch\u00f6nern, ist der Besuch des Grabes von Columbus. Tags\u00fcber macht dieses graue Betongeb\u00e4ude einen sehr d\u00fcsteren Eindruck. Aber nachts strahlen m\u00e4chtige mehrfarbige Scheinwerfer vom Dach in den Himmel, und auf einer dreihundert Meter hohen leuchtenden Farbs\u00e4ule erscheint ein strahlend wei\u00dfes Kreuz. Augenzeugen behaupten, dass zum ersten Mal nur ein Schauer durch die Stadt flie\u00dft: Die Stadt Santo Domingo de Guzm\u00e1n ist die allererste Stadt der Neuen Welt. Es wurde 1496 vom brillanten Gouverneur des Grenzlandes Bartolome Columbus gegr\u00fcndet. Im Jahr 1990 wurden seine Kolonialgebiete von der UNESCO zum &#8220;Erbe der Menschheit&#8221; erkl\u00e4rt. Eine moderne, vielf\u00e4ltige Stadt in ihrem alten Zentrum sch\u00fctzt mehr als dreihundert Denkm\u00e4ler der Kolonialzeit, die sorgf\u00e4ltig bewacht wurden, damit wir uns beim Besuch dieser Orte von der Gegenwart l\u00f6sen und uns neben Diego Columbus, Maria Toledo und ihren Hofdamen pr\u00e4sentieren oder die Geschichte des F\u00fchrers Enriquillo h\u00f6ren k\u00f6nnen. &#8220;Eine anst\u00e4ndige und faire Person&#8221;, die den ersten Friedensvertrag in Amerika zwischen den Indern und den Spaniern unterzeichnet hat Verpassen Sie nicht die Gelegenheit, die mysteri\u00f6sen Ruinen des Krankenhauses von San Nicolas (Oostos-Stra\u00dfe), der Kirche von Carmen, zu besichtigen der Abschnitt der Stra\u00dfen Arzobispo, Noel und S\u00e1nchez), die Kirche und das Krankenhaus von San L\u00e1zaro (Plaza San L\u00e1zaro), die Kirche und die Kathedrale von Las Mercedes (Stra\u00dfe St. Mercedes) und der Leuchtturm Columbus (Stadtteil Los Parkes) &#8211; das ber\u00fchmte Geb\u00e4ude in Form eines Kreuzes, wo ist das Mausoleum mit den \u00dcberresten von Christoph Kolumbus. Die S\u00e4ule dieses Kreuzes ist 230 Meter lang, die Querlatte 70 Meter. Die H\u00f6he der Struktur betr\u00e4gt 70 Meter.<\/p>\n<h4>Unterhaltung<\/h4>\n<p>Unterhaltung in der Dominikanischen Republik sehr viele. Zuallererst ist dies nat\u00fcrlich das gro\u00dfartige Seefischen, das buchst\u00e4blich \u00fcberall organisiert wird &#8211; an der Nord- und S\u00fcdk\u00fcste des Landes. Das Nachtleben in der Dominikanischen Republik verdient ebenfalls Aufmerksamkeit. Um dies zu sehen, gen\u00fcgt es, in der Abendd\u00e4mmerung zum Ufer des Santo Domingo zu fahren, der am Zusammenfluss von Rio Ozama und Karibik liegt. Abends k\u00f6nnen Sie schicken dominikanischen Kaffee, Rum und lokales Bier genie\u00dfen. Gleichzeitig ist es gestattet, in Bars bis 00:00 Uhr Alkohol zu trinken, und die Discos enden erst am Morgen.<\/p>\n<h4>Kolonialstadt.<\/h4>\n<p>Die 1502 von Nicolas Owando erbaute Kolonialstadt befindet sich im \u00e4ltesten, zentralen Teil von Santo Domingo und ist reich an Monumenten aus der Kolonialzeit. Wenn Sie die Stra\u00dfe von Las Damas entlang gehen, treffen Sie auf Ihrem Weg auf das Fort der Anbetung oder auf eine andere Weise &#8211; La Fortaleza (Festung). Dies ist die allererste Festung der Neuen Welt. Hier sind die Casa de Bastidas, sonst der Kapit\u00e4nspalast, und die Casa de Owando, bekannt f\u00fcr ihr einziges Tor zur Welt im gotischen Stil der K\u00f6nigin-Isabella-Epoche: Die Columbus-Festung ragt auf dem Spanischen Platz hervor, wo Diego Columbus, der Sohn des gro\u00dfen Entdeckers, beheimatet ist . Der Palast wurde im gotischen Stil mit Elementen der arabischen Architektur (Mud\u00e9jar-Stil) erbaut und steht im luxuri\u00f6sen Rahmen des tropischen Unterholzes, wodurch seine Sch\u00f6nheit betont wird. Auf der Stra\u00dfe Isabel la Catolica befindet sich der Tempel von Santa Maria la Menor, der der Jungfrau Maria, der Schutzpatronin Amerikas, gewidmet ist, sowie der Palast von Borgel, die pr\u00e4chtigen Ruinen von San Francisco, Casa del Duarte und die Kirche von Santa Barbara. In der Padre Bellini Street werden historische Geb\u00e4ude wie die vor mehr als 200 Jahren erbaute Rechina Anhelorum-Kirche, das Haus des mysteri\u00f6sen Maskierten &#8211; Casa del Tapao, die Kirche des Dominikanerordens &#8211; Los Dominicos, das Geb\u00e4ude der ersten Universit\u00e4t Amerikas, Casa, erw\u00e4hnt del Tostado, die Kirche der Heiligen Klara (Santa Clara), die M\u00fcnze &#8211; Kassa del-Moneda und andere Baudenkm\u00e4ler. Hier k\u00f6nnen Sie ein k\u00f6stliches Mittagessen einnehmen und etwas sp\u00e4ter in die festliche, warme Atmosph\u00e4re der Nachtstadt eintauchen.<\/p>\n<h4>Moderne Stadt<\/h4>\n<p>Wenn Sie der Meinung sind, dass Santo Domingo seine Geschichte nur seinem un\u00fcbertroffenen Charme verdankt, dann irren Sie sich zutiefst. Santo Domingo ist eine junge Stadt voller Leben, Unterhaltung und \u00dcberraschungen. In den Abst\u00e4nden zwischen dem Besuch von Museen und einem Spaziergang durch die Stra\u00dfen der Kolonialstadt sollten Sie die lokale Natur w\u00fcrdigen. Sie sehen die Stadt mit anderen Augen! National Aquarium (Avenida Spain) &#8211; ein wahrhaft einzigartiges Spektakel. Wenn Sie durch die transparenten Korridore zwischen den W\u00e4nden des Aquariums gehen, f\u00fchlen Sie sich in das Unterwasserreich eingetaucht, das von bunten Fischen verschiedener Arten bev\u00f6lkert wird. Der Botanische Garten macht den gleichen starken Eindruck &#8211; eine gr\u00fcne Oase im Zentrum der modernen Stadt, die nach mehr als 300 Orchideenarten riecht und alle nat\u00fcrlichen Zonen der Tropen nachbildet. Vergessen Sie nicht, in den japanischen Garten zu schauen. Der Mirador del Sur Park (an der Ecke der Avenues Anaconda und Mirador del Sur) ist ein beliebter Ort f\u00fcr Stadtspazierg\u00e4nge und Picknicks im Freien. Besuchen Sie nachts unbedingt die Disco, die in der ber\u00fchmten H\u00f6hle der Taino-Indianer stattfindet und mit zahlreichen Stalaktiten und Stalagmiten geschm\u00fcckt ist.<\/p>\n<h4>Tag und Nacht Spa\u00df<\/h4>\n<p>Geben Sie am Abend Ihr Bestes, um einen Blick in die &#8220;Gallera&#8221; zu werfen &#8211; eine typische zylindrische Konstruktion, in der die Hahnenk\u00e4mpfe stattfinden. Dieses Spektakel vermittelt am besten den dominikanischen Geist. Und das Nachtleben hier ist nicht weniger als die Sterne am Himmel: ein Casino (ge\u00f6ffnet von 17.00 bis 4.00 Uhr), Discos, malerische Musikcaf\u00e9s.<\/p>\n<h4>Zum Einkaufen.<\/h4>\n<p>Metropolitan Shops bieten die besten Produkte des lokalen Handwerks. Wenn Sie sich f\u00fcr Gem\u00e4lde oder Skulpturen interessieren, empfehlen wir Ihnen, Galerien im Arsenal in der N\u00e4he der Festung Columbus zu besuchen. Handwerksl\u00e4den und Boutiquen konzentrieren sich auf den Domplatz und die Conde Street.<\/p>\n<h4>Museen.<\/h4>\n<p>Zu den bekanntesten Museen der Dominikanischen Republik z\u00e4hlen: &#8220;Das Nationale Museum f\u00fcr Geschichte und Geographie&#8221;, &#8220;Das Nationale Museum f\u00fcr Naturkunde&#8221; und das ber\u00fchmte Museum &#8220;Bernsteinwelt&#8221;. Au\u00dferdem k\u00f6nnen Sie die Festung von Columbus (Plaza de Espa\u00f1a) besichtigen &#8211; ein luxuri\u00f6ses Geb\u00e4ude, das f\u00fcr den Hofsohn von Christoph Kolumbus &#8211; Diego erbaut wurde. Das Geheimnis der Sch\u00f6nheit dieses pr\u00e4chtigen Palastes liegt in der harmonischen Kombination der Stile der spanischen Gotik und der italienischen Renaissance. Das dichte tropische Gr\u00fcn, das den Palast umgibt, unterstreicht die Perfektion seiner Umrisse. In der Las Damas Street sollten Sie das Royal Courtyard Museum besuchen, das das Leben der Kolonialzeit nachbildet, die Gewohnheiten und Br\u00e4uche der Gouverneure vorstellt, Unterwassersch\u00e4tze aufdeckt und die intimsten Geheimnisse der Rohrzuckerherstellung enth\u00fcllt. Im Dominikanischen Museum des Menschen (Kulturplatz) k\u00f6nnen Sie die Zivilisationen der vorkolumbianischen Zeit und die lokale Folklore (Karnevalsmasken, Voodoo-Rituale, das Leben der Taino-Indianer) kennenlernen. Es gibt auch so interessante Exponate wie &#8220;Papamobi&#8221; &#8211; Autos, die Papst Johannes Paul II. Als Fahrzeug dienten. Ein lebhafter Kai entlang des Meeres verl\u00e4uft, genannt &#8220;Malekon&#8221;, was w\u00f6rtlich &#8220;Deich&#8221; bedeutet. Tag und Nacht fliegen sie auf dem See Drachen, trinken Bier, laufen einfach und am Wochenende, wenn der Damm f\u00fcr den Transport geschlossen ist, fahren sie sogar Snowboards und Skates. Santo Domingo hinterl\u00e4sst mit seiner Modernit\u00e4t einen angenehmen Eindruck. Und besonders erfreut \u00fcber exzellente Restaurants, in denen Sie erstklassige Gerichte f\u00fcr wenig Geld probieren k\u00f6nnen.<\/p>\n<h4>Transport in der Dominikanischen Republik<\/h4>\n<p>Es gibt 6 internationale Flugh\u00e4fen im Land, aber inl\u00e4ndische Fluggesellschaften sind relativ schlecht entwickelt. Sie werden zum gr\u00f6\u00dften Teil durch regelm\u00e4\u00dfige Fl\u00fcge der Air Santo Domingo-Gesellschaft von der Hauptstadt in die gro\u00dfen Urlaubsgebiete sowie durch kleine Fluggesellschaften vertreten, die Touristen mit Hubschraubern und Kleinflugzeugen in die beliebtesten Urlaubsgebiete bef\u00f6rdern gebaut f\u00fcr die Wartung von Zuckerplantagen, aber in Santo Domingo beginnt der Bau der ersten U-Bahn des Landes! Fast alle Transporte werden im Kraftverkehr durchgef\u00fchrt. Es gibt zwei Arten von Bussen zwischen St\u00e4dten &#8211; ziemlich moderne Autos mit Klimaanlage (Metro Bus und Caribe Tours), die die Verbindung zwischen Gro\u00dfst\u00e4dten und Touristengebieten bedienen, sowie veraltete Busse lokaler Linien. Auch zwischen den umliegenden St\u00e4dten verkehren Minibusse &#8220;Gua-Gua&#8221;, die auf Wunsch des Fahrgastes Halt machen. Der Fahrpreis \u00fcbernimmt in den meisten F\u00e4llen der Schaffner in der Kabine.<\/p>\n<h4>\u00d6ffentliche Verkehrsmittel<\/h4>\n<p>Der \u00f6ffentliche Verkehr in St\u00e4dten wird durch Busse, Expressbusse (fahren nach einem Zeitplan zwischen bestimmten Punkten), &#8220;Gua-Gua&#8221;, ein Sammeltaxi &#8220;Caro-Publicia&#8221; (fahren auf bestimmten Strecken und unterscheiden sich in niedrigen Kosten) und Taxis dargestellt. Der Tarif im st\u00e4dtischen Verkehr ist gering &#8211; selbst f\u00fcr lange Strecken \u00fcbersteigt er selten 100 Pesos, der durchschnittliche Tarif in der Stadt betr\u00e4gt 5 Pesos. Die meisten Stadtautos fahren extrem unregelm\u00e4\u00dfig, aber die Busse gro\u00dfer Unternehmen folgen dem festgelegten Zeitplan. In lokalen Taxis werden keine Schalter verwendet, aber zwischen bestimmten Punkten wird ein bestimmter Tarif festgelegt (eine Fahrt innerhalb der Stadt kann nicht mehr als 150 Pesos kosten) und es ist nutzlos zu handeln. Taxist\u00e4nde befinden sich vor gro\u00dfen Hotels und in touristischen Gebieten (meistens geh\u00f6ren sie zu einem bestimmten Unternehmen), und die Autos gro\u00dfer Unternehmen befinden sich in einem besseren technischen Zustand als kleine Transportunternehmen, was f\u00fcr die \u00f6rtlichen Verh\u00e4ltnisse wichtig ist. Wenn Sie in der Stadt unterwegs sind, k\u00f6nnen Sie die Dienste privater Fahrer in Anspruch nehmen. Die Fahrtkosten sollten jedoch vor dem Einsteigen in das Auto ausgehandelt werden.<\/p>\n<\/div>\n<\/div>\n<\/div>\n<\/div>\n<p>[\/vc_column_text][\/vc_column][\/vc_row]<\/p>\n<\/div>","protected":false},"excerpt":{"rendered":"<p>[vc_row][vc_column][vc_column_text] \u00dcBER DIE DOMINIKANISCHE REPUBLIK Die Dominikanische Republik ist ein Land mit einer gut ausgebauten Tourismusinfrastruktur, die auf dem All-Inclusive-System basiert. Fast die gesamte K\u00fcste der Dominikanischen Republik &#8211; ein fester Strand. Und egal welches Resort ein Tourist hier w\u00e4hlt: Playa Bavaro, Playa Dorada oder Puerto Plata, Cabarete, Sos\u00faa &#8211; \u00fcberall findet er wei\u00dfen Sand, [&hellip;]<\/p>\n","protected":false},"author":3,"featured_media":0,"parent":0,"menu_order":0,"comment_status":"closed","ping_status":"closed","template":"","meta":{"footnotes":""},"yst_prominent_words":[],"class_list":["post-13230","page","type-page","status-publish","hentry"],"_links":{"self":[{"href":"https:\/\/domconst.com\/de\/wp-json\/wp\/v2\/pages\/13230","targetHints":{"allow":["GET"]}}],"collection":[{"href":"https:\/\/domconst.com\/de\/wp-json\/wp\/v2\/pages"}],"about":[{"href":"https:\/\/domconst.com\/de\/wp-json\/wp\/v2\/types\/page"}],"author":[{"embeddable":true,"href":"https:\/\/domconst.com\/de\/wp-json\/wp\/v2\/users\/3"}],"replies":[{"embeddable":true,"href":"https:\/\/domconst.com\/de\/wp-json\/wp\/v2\/comments?post=13230"}],"version-history":[{"count":0,"href":"https:\/\/domconst.com\/de\/wp-json\/wp\/v2\/pages\/13230\/revisions"}],"wp:attachment":[{"href":"https:\/\/domconst.com\/de\/wp-json\/wp\/v2\/media?parent=13230"}],"wp:term":[{"taxonomy":"yst_prominent_words","embeddable":true,"href":"https:\/\/domconst.com\/de\/wp-json\/wp\/v2\/yst_prominent_words?post=13230"}],"curies":[{"name":"wp","href":"https:\/\/api.w.org\/{rel}","templated":true}]}}