{"id":13172,"date":"2019-05-19T20:22:31","date_gmt":"2019-05-20T00:22:31","guid":{"rendered":"https:\/\/domconst.com\/modelle-von-hausern\/"},"modified":"2020-04-07T12:01:14","modified_gmt":"2020-04-07T16:01:14","slug":"modelle-von-hausern","status":"publish","type":"page","link":"https:\/\/domconst.com\/de\/modelle-von-hausern\/","title":{"rendered":"3D-Modellierung und Visualisierung"},"content":{"rendered":"\n\t\t\t<!-- START 3Model REVOLUTION SLIDER 6.7.20 --><p class=\"rs-p-wp-fix\"><\/p>\n\t\t\t<rs-module-wrap id=\"rev_slider_19_1_wrapper\" data-source=\"gallery\" style=\"visibility:hidden;background:transparent;padding:0;margin:0px auto;margin-top:0;margin-bottom:0;\">\n\t\t\t\t<rs-module id=\"rev_slider_19_1\" style=\"\" data-version=\"6.7.20\">\n\t\t\t\t\t<rs-slides style=\"overflow: hidden; position: absolute;\">\n\t\t\t\t\t\t<rs-slide style=\"position: absolute;\" data-key=\"rs-69\" data-title=\"Slide\" data-duration=\"16260\" data-anim=\"ms:300,default,default,default;r:,0,0,0;p:dark;\" data-in=\"o:0;e:d,d,d;\" data-out=\"o:0;e:d,d,d;\" data-alttrans=\"slidingoverlayright,slidingoverlayhorizontal\">\n\t\t\t\t\t\t\t<img fetchpriority=\"high\" decoding=\"async\" src=\"\/\/domconst.com\/wp-content\/plugins\/revslider\/sr6\/assets\/assets\/dummy.png\" alt=\"Slide\" title=\"01 IMG-FINAL 06\" width=\"768\" height=\"432\" class=\"rev-slidebg tp-rs-img rs-lazyload\" data-lazyload=\"\/\/domconst.com\/wp-content\/plugins\/revslider\/sr6\/assets\/assets\/transparent.png\" data-no-retina>\n<!--\n\t\t\t\t\t\t\t--><rs-layer\n\t\t\t\t\t\t\t\tid=\"slider-19-slide-69-layer-5\" \n\t\t\t\t\t\t\t\tdata-type=\"image\"\n\t\t\t\t\t\t\t\tdata-rsp_ch=\"on\"\n\t\t\t\t\t\t\t\tdata-xy=\"x:c;y:c;\"\n\t\t\t\t\t\t\t\tdata-text=\"l:22;a:inherit;\"\n\t\t\t\t\t\t\t\tdata-dim=\"w:1400px;h:800px;\"\n\t\t\t\t\t\t\t\tdata-frame_0=\"tp:600;\"\n\t\t\t\t\t\t\t\tdata-frame_1=\"tp:600;sR:10;\"\n\t\t\t\t\t\t\t\tdata-frame_999=\"o:0;tp:600;st:2050;sR:1740;\"\n\t\t\t\t\t\t\t\tstyle=\"z-index:5;\"\n\t\t\t\t\t\t\t><img decoding=\"async\" src=\"\/\/domconst.com\/wp-content\/plugins\/revslider\/sr6\/assets\/assets\/dummy.png\" alt=\"\" class=\"tp-rs-img rs-lazyload\" width=\"1920\" height=\"1080\" data-lazyload=\"\/\/domconst.com\/wp-content\/uploads\/2019\/12\/01-IMG-FINAL-02.jpg\" data-no-retina> \n\t\t\t\t\t\t\t<\/rs-layer><!--\n\n\t\t\t\t\t\t\t--><rs-layer\n\t\t\t\t\t\t\t\tid=\"slider-19-slide-69-layer-6\" \n\t\t\t\t\t\t\t\tdata-type=\"image\"\n\t\t\t\t\t\t\t\tdata-rsp_ch=\"on\"\n\t\t\t\t\t\t\t\tdata-xy=\"x:c;y:c;\"\n\t\t\t\t\t\t\t\tdata-text=\"l:22;a:inherit;\"\n\t\t\t\t\t\t\t\tdata-dim=\"w:1400px;h:800px;\"\n\t\t\t\t\t\t\t\tdata-frame_0=\"tp:600;\"\n\t\t\t\t\t\t\t\tdata-frame_1=\"tp:600;st:2000;sR:2000;\"\n\t\t\t\t\t\t\t\tdata-frame_999=\"o:0;tp:600;st:3530;sR:1230;\"\n\t\t\t\t\t\t\t\tstyle=\"z-index:6;\"\n\t\t\t\t\t\t\t><img decoding=\"async\" src=\"\/\/domconst.com\/wp-content\/plugins\/revslider\/sr6\/assets\/assets\/dummy.png\" alt=\"\" class=\"tp-rs-img rs-lazyload\" width=\"1920\" height=\"1080\" data-lazyload=\"\/\/domconst.com\/wp-content\/uploads\/2019\/12\/2-Final-11_13-Photo1.jpg\" data-no-retina> \n\t\t\t\t\t\t\t<\/rs-layer><!--\n\n\t\t\t\t\t\t\t--><rs-layer\n\t\t\t\t\t\t\t\tid=\"slider-19-slide-69-layer-9\" \n\t\t\t\t\t\t\t\tdata-type=\"image\"\n\t\t\t\t\t\t\t\tdata-rsp_ch=\"on\"\n\t\t\t\t\t\t\t\tdata-xy=\"x:c;y:c;\"\n\t\t\t\t\t\t\t\tdata-text=\"l:22;a:inherit;\"\n\t\t\t\t\t\t\t\tdata-dim=\"w:1400px;h:800px;\"\n\t\t\t\t\t\t\t\tdata-frame_0=\"tp:600;\"\n\t\t\t\t\t\t\t\tdata-frame_1=\"tp:600;st:3540;sR:3540;\"\n\t\t\t\t\t\t\t\tdata-frame_999=\"o:0;tp:600;st:4940;sR:1100;\"\n\t\t\t\t\t\t\t\tstyle=\"z-index:7;\"\n\t\t\t\t\t\t\t><img loading=\"lazy\" decoding=\"async\" src=\"\/\/domconst.com\/wp-content\/plugins\/revslider\/sr6\/assets\/assets\/dummy.png\" alt=\"\" class=\"tp-rs-img rs-lazyload\" width=\"920\" height=\"600\" data-lazyload=\"\/\/domconst.com\/wp-content\/uploads\/2018\/09\/beverly-hills-california-usa-luxury-homes-showcase-the-amazing-briliant-2.jpg\" data-no-retina> \n\t\t\t\t\t\t\t<\/rs-layer><!--\n\n\t\t\t\t\t\t\t--><rs-layer\n\t\t\t\t\t\t\t\tid=\"slider-19-slide-69-layer-10\" \n\t\t\t\t\t\t\t\tdata-type=\"image\"\n\t\t\t\t\t\t\t\tdata-rsp_ch=\"on\"\n\t\t\t\t\t\t\t\tdata-xy=\"x:c;y:c;\"\n\t\t\t\t\t\t\t\tdata-text=\"l:22;a:inherit;\"\n\t\t\t\t\t\t\t\tdata-dim=\"w:1400px;h:800px;\"\n\t\t\t\t\t\t\t\tdata-frame_0=\"tp:600;\"\n\t\t\t\t\t\t\t\tdata-frame_1=\"tp:600;st:4980;sp:330;sR:4980;\"\n\t\t\t\t\t\t\t\tdata-frame_999=\"o:0;tp:600;st:6860;sR:1550;\"\n\t\t\t\t\t\t\t\tstyle=\"z-index:8;\"\n\t\t\t\t\t\t\t><img loading=\"lazy\" decoding=\"async\" src=\"\/\/domconst.com\/wp-content\/plugins\/revslider\/sr6\/assets\/assets\/dummy.png\" alt=\"\" class=\"tp-rs-img rs-lazyload\" width=\"666\" height=\"500\" data-lazyload=\"\/\/domconst.com\/wp-content\/uploads\/2019\/05\/photo_2019-05-08_22-54-04.jpg\" data-no-retina> \n\t\t\t\t\t\t\t<\/rs-layer><!--\n\n\t\t\t\t\t\t\t--><rs-layer\n\t\t\t\t\t\t\t\tid=\"slider-19-slide-69-layer-11\" \n\t\t\t\t\t\t\t\tdata-type=\"image\"\n\t\t\t\t\t\t\t\tdata-rsp_ch=\"on\"\n\t\t\t\t\t\t\t\tdata-xy=\"x:c;y:c;\"\n\t\t\t\t\t\t\t\tdata-text=\"l:22;a:inherit;\"\n\t\t\t\t\t\t\t\tdata-dim=\"w:1400px;h:800px;\"\n\t\t\t\t\t\t\t\tdata-frame_0=\"tp:600;\"\n\t\t\t\t\t\t\t\tdata-frame_1=\"tp:600;st:6850;sR:6850;\"\n\t\t\t\t\t\t\t\tdata-frame_999=\"o:0;tp:600;st:9000;sR:1850;\"\n\t\t\t\t\t\t\t\tstyle=\"z-index:9;\"\n\t\t\t\t\t\t\t><img loading=\"lazy\" decoding=\"async\" src=\"\/\/domconst.com\/wp-content\/plugins\/revslider\/sr6\/assets\/assets\/dummy.png\" alt=\"\" class=\"tp-rs-img rs-lazyload\" width=\"1920\" height=\"1080\" data-lazyload=\"\/\/domconst.com\/wp-content\/uploads\/2019\/09\/3d.jpg\" data-no-retina> \n\t\t\t\t\t\t\t<\/rs-layer><!--\n\n\t\t\t\t\t\t\t--><rs-layer\n\t\t\t\t\t\t\t\tid=\"slider-19-slide-69-layer-13\" \n\t\t\t\t\t\t\t\tdata-type=\"image\"\n\t\t\t\t\t\t\t\tdata-rsp_ch=\"on\"\n\t\t\t\t\t\t\t\tdata-xy=\"x:c;y:c;\"\n\t\t\t\t\t\t\t\tdata-text=\"l:22;a:inherit;\"\n\t\t\t\t\t\t\t\tdata-dim=\"w:1400px;h:800px;\"\n\t\t\t\t\t\t\t\tdata-frame_0=\"tp:600;\"\n\t\t\t\t\t\t\t\tdata-frame_1=\"tp:600;st:9000;sR:9000;\"\n\t\t\t\t\t\t\t\tdata-frame_999=\"o:0;tp:600;st:10700;sR:1400;\"\n\t\t\t\t\t\t\t\tstyle=\"z-index:10;\"\n\t\t\t\t\t\t\t><img loading=\"lazy\" decoding=\"async\" src=\"\/\/domconst.com\/wp-content\/plugins\/revslider\/sr6\/assets\/assets\/dummy.png\" alt=\"\" class=\"tp-rs-img rs-lazyload\" width=\"1024\" height=\"570\" data-lazyload=\"\/\/domconst.com\/wp-content\/uploads\/2019\/05\/photo_2019-05-26_06-31-02.jpg\" data-no-retina> \n\t\t\t\t\t\t\t<\/rs-layer><!--\n\n\t\t\t\t\t\t\t--><rs-layer\n\t\t\t\t\t\t\t\tid=\"slider-19-slide-69-layer-14\" \n\t\t\t\t\t\t\t\tdata-type=\"image\"\n\t\t\t\t\t\t\t\tdata-rsp_ch=\"on\"\n\t\t\t\t\t\t\t\tdata-xy=\"x:c;y:c;\"\n\t\t\t\t\t\t\t\tdata-text=\"l:22;a:inherit;\"\n\t\t\t\t\t\t\t\tdata-dim=\"w:1400px;h:800px;\"\n\t\t\t\t\t\t\t\tdata-frame_0=\"tp:600;\"\n\t\t\t\t\t\t\t\tdata-frame_1=\"tp:600;st:10680;sR:10680;\"\n\t\t\t\t\t\t\t\tdata-frame_999=\"o:0;tp:600;st:12560;sR:1580;\"\n\t\t\t\t\t\t\t\tstyle=\"z-index:11;\"\n\t\t\t\t\t\t\t><img loading=\"lazy\" decoding=\"async\" src=\"\/\/domconst.com\/wp-content\/plugins\/revslider\/sr6\/assets\/assets\/dummy.png\" alt=\"\" class=\"tp-rs-img rs-lazyload\" width=\"700\" height=\"394\" data-lazyload=\"\/\/domconst.com\/wp-content\/uploads\/2019\/05\/985_exterior2custom.jpg\" data-no-retina> \n\t\t\t\t\t\t\t<\/rs-layer><!--\n\n\t\t\t\t\t\t\t--><rs-layer\n\t\t\t\t\t\t\t\tid=\"slider-19-slide-69-layer-15\" \n\t\t\t\t\t\t\t\tdata-type=\"image\"\n\t\t\t\t\t\t\t\tdata-rsp_ch=\"on\"\n\t\t\t\t\t\t\t\tdata-xy=\"x:c;y:c;\"\n\t\t\t\t\t\t\t\tdata-text=\"l:22;a:inherit;\"\n\t\t\t\t\t\t\t\tdata-dim=\"w:1400px;h:800px;\"\n\t\t\t\t\t\t\t\tdata-frame_0=\"tp:600;\"\n\t\t\t\t\t\t\t\tdata-frame_1=\"tp:600;st:12540;sR:12540;\"\n\t\t\t\t\t\t\t\tdata-frame_999=\"o:0;tp:600;st:14460;sR:1620;\"\n\t\t\t\t\t\t\t\tstyle=\"z-index:12;\"\n\t\t\t\t\t\t\t><img loading=\"lazy\" decoding=\"async\" src=\"\/\/domconst.com\/wp-content\/plugins\/revslider\/sr6\/assets\/assets\/dummy.png\" alt=\"\" class=\"tp-rs-img rs-lazyload\" width=\"500\" height=\"375\" data-lazyload=\"\/\/domconst.com\/wp-content\/uploads\/2019\/05\/\u0412\u0438\u043b\u043b\u0430-\u0441-\u0431\u043e\u043b\u044c\u0448\u0438\u043c-\u0441\u0430\u0434\u043e\u043c0.jpg\" data-no-retina> \n\t\t\t\t\t\t\t<\/rs-layer><!--\n\n\t\t\t\t\t\t\t--><rs-layer\n\t\t\t\t\t\t\t\tid=\"slider-19-slide-69-layer-16\" \n\t\t\t\t\t\t\t\tdata-type=\"image\"\n\t\t\t\t\t\t\t\tdata-rsp_ch=\"on\"\n\t\t\t\t\t\t\t\tdata-xy=\"x:c;y:c;\"\n\t\t\t\t\t\t\t\tdata-text=\"l:22;a:inherit;\"\n\t\t\t\t\t\t\t\tdata-dim=\"w:1400px;h:800px;\"\n\t\t\t\t\t\t\t\tdata-frame_0=\"tp:600;\"\n\t\t\t\t\t\t\t\tdata-frame_1=\"tp:600;st:14440;sR:14440;\"\n\t\t\t\t\t\t\t\tdata-frame_999=\"o:0;tp:600;st:w;sR:1520;\"\n\t\t\t\t\t\t\t\tstyle=\"z-index:13;\"\n\t\t\t\t\t\t\t><img loading=\"lazy\" decoding=\"async\" src=\"\/\/domconst.com\/wp-content\/plugins\/revslider\/sr6\/assets\/assets\/dummy.png\" alt=\"\" class=\"tp-rs-img rs-lazyload\" width=\"666\" height=\"500\" data-lazyload=\"\/\/domconst.com\/wp-content\/uploads\/2019\/05\/photo_2019-05-08_22-53-28.jpg\" data-no-retina> \n\t\t\t\t\t\t\t<\/rs-layer><!--\n-->\t\t\t\t\t<\/rs-slide>\n\t\t\t\t\t\t<rs-slide style=\"position: absolute;\" data-key=\"rs-691\" data-title=\"Slide\" data-duration=\"16260\" data-anim=\"ms:300,default,default,default;r:,0,0,0;p:dark;\" data-in=\"o:0;e:d,d,d;\" data-out=\"o:0;e:d,d,d;\" data-alttrans=\"slidingoverlayright,slidingoverlayhorizontal\">\n\t\t\t\t\t\t\t<img loading=\"lazy\" decoding=\"async\" src=\"\/\/domconst.com\/wp-content\/plugins\/revslider\/sr6\/assets\/assets\/dummy.png\" alt=\"\" title=\"01 IMG-FINAL 06\" width=\"768\" height=\"432\" class=\"rev-slidebg tp-rs-img rs-lazyload\" data-lazyload=\"\/\/domconst.com\/wp-content\/plugins\/revslider\/sr6\/assets\/assets\/transparent.png\" data-no-retina>\n<!--\n\t\t\t\t\t\t\t--><rs-layer\n\t\t\t\t\t\t\t\tid=\"slider-19-slide-691-layer-5\" \n\t\t\t\t\t\t\t\tdata-type=\"image\"\n\t\t\t\t\t\t\t\tdata-rsp_ch=\"on\"\n\t\t\t\t\t\t\t\tdata-xy=\"x:c;y:c;\"\n\t\t\t\t\t\t\t\tdata-text=\"l:22;a:inherit;\"\n\t\t\t\t\t\t\t\tdata-dim=\"w:1400px;h:800px;\"\n\t\t\t\t\t\t\t\tdata-frame_0=\"tp:600;\"\n\t\t\t\t\t\t\t\tdata-frame_1=\"tp:600;sR:10;\"\n\t\t\t\t\t\t\t\tdata-frame_999=\"o:0;tp:600;st:2050;sR:1740;\"\n\t\t\t\t\t\t\t\tstyle=\"z-index:5;\"\n\t\t\t\t\t\t\t><img decoding=\"async\" src=\"\/\/domconst.com\/wp-content\/plugins\/revslider\/sr6\/assets\/assets\/dummy.png\" alt=\"\" class=\"tp-rs-img rs-lazyload\" width=\"1920\" height=\"1080\" data-lazyload=\"\/\/domconst.com\/wp-content\/uploads\/2019\/12\/01-IMG-FINAL-02.jpg\" data-no-retina> \n\t\t\t\t\t\t\t<\/rs-layer><!--\n\n\t\t\t\t\t\t\t--><rs-layer\n\t\t\t\t\t\t\t\tid=\"slider-19-slide-691-layer-6\" \n\t\t\t\t\t\t\t\tdata-type=\"image\"\n\t\t\t\t\t\t\t\tdata-rsp_ch=\"on\"\n\t\t\t\t\t\t\t\tdata-xy=\"x:c;y:c;\"\n\t\t\t\t\t\t\t\tdata-text=\"l:22;a:inherit;\"\n\t\t\t\t\t\t\t\tdata-dim=\"w:1400px;h:800px;\"\n\t\t\t\t\t\t\t\tdata-frame_0=\"tp:600;\"\n\t\t\t\t\t\t\t\tdata-frame_1=\"tp:600;st:2000;sR:2000;\"\n\t\t\t\t\t\t\t\tdata-frame_999=\"o:0;tp:600;st:3530;sR:1230;\"\n\t\t\t\t\t\t\t\tstyle=\"z-index:6;\"\n\t\t\t\t\t\t\t><img decoding=\"async\" src=\"\/\/domconst.com\/wp-content\/plugins\/revslider\/sr6\/assets\/assets\/dummy.png\" alt=\"\" class=\"tp-rs-img rs-lazyload\" width=\"1920\" height=\"1080\" data-lazyload=\"\/\/domconst.com\/wp-content\/uploads\/2019\/12\/2-Final-11_13-Photo1.jpg\" data-no-retina> \n\t\t\t\t\t\t\t<\/rs-layer><!--\n\n\t\t\t\t\t\t\t--><rs-layer\n\t\t\t\t\t\t\t\tid=\"slider-19-slide-691-layer-9\" \n\t\t\t\t\t\t\t\tdata-type=\"image\"\n\t\t\t\t\t\t\t\tdata-rsp_ch=\"on\"\n\t\t\t\t\t\t\t\tdata-xy=\"x:c;y:c;\"\n\t\t\t\t\t\t\t\tdata-text=\"l:22;a:inherit;\"\n\t\t\t\t\t\t\t\tdata-dim=\"w:1400px;h:800px;\"\n\t\t\t\t\t\t\t\tdata-frame_0=\"tp:600;\"\n\t\t\t\t\t\t\t\tdata-frame_1=\"tp:600;st:3540;sR:3540;\"\n\t\t\t\t\t\t\t\tdata-frame_999=\"o:0;tp:600;st:4940;sR:1100;\"\n\t\t\t\t\t\t\t\tstyle=\"z-index:7;\"\n\t\t\t\t\t\t\t><img loading=\"lazy\" decoding=\"async\" src=\"\/\/domconst.com\/wp-content\/plugins\/revslider\/sr6\/assets\/assets\/dummy.png\" alt=\"\" class=\"tp-rs-img rs-lazyload\" width=\"920\" height=\"600\" data-lazyload=\"\/\/domconst.com\/wp-content\/uploads\/2018\/09\/beverly-hills-california-usa-luxury-homes-showcase-the-amazing-briliant-2.jpg\" data-no-retina> \n\t\t\t\t\t\t\t<\/rs-layer><!--\n\n\t\t\t\t\t\t\t--><rs-layer\n\t\t\t\t\t\t\t\tid=\"slider-19-slide-691-layer-10\" \n\t\t\t\t\t\t\t\tdata-type=\"image\"\n\t\t\t\t\t\t\t\tdata-rsp_ch=\"on\"\n\t\t\t\t\t\t\t\tdata-xy=\"x:c;y:c;\"\n\t\t\t\t\t\t\t\tdata-text=\"l:22;a:inherit;\"\n\t\t\t\t\t\t\t\tdata-dim=\"w:1400px;h:800px;\"\n\t\t\t\t\t\t\t\tdata-frame_0=\"tp:600;\"\n\t\t\t\t\t\t\t\tdata-frame_1=\"tp:600;st:4980;sp:330;sR:4980;\"\n\t\t\t\t\t\t\t\tdata-frame_999=\"o:0;tp:600;st:6860;sR:1550;\"\n\t\t\t\t\t\t\t\tstyle=\"z-index:8;\"\n\t\t\t\t\t\t\t><img loading=\"lazy\" decoding=\"async\" src=\"\/\/domconst.com\/wp-content\/plugins\/revslider\/sr6\/assets\/assets\/dummy.png\" alt=\"\" class=\"tp-rs-img rs-lazyload\" width=\"666\" height=\"500\" data-lazyload=\"\/\/domconst.com\/wp-content\/uploads\/2019\/05\/photo_2019-05-08_22-54-04.jpg\" data-no-retina> \n\t\t\t\t\t\t\t<\/rs-layer><!--\n\n\t\t\t\t\t\t\t--><rs-layer\n\t\t\t\t\t\t\t\tid=\"slider-19-slide-691-layer-11\" \n\t\t\t\t\t\t\t\tdata-type=\"image\"\n\t\t\t\t\t\t\t\tdata-rsp_ch=\"on\"\n\t\t\t\t\t\t\t\tdata-xy=\"x:c;y:c;\"\n\t\t\t\t\t\t\t\tdata-text=\"l:22;a:inherit;\"\n\t\t\t\t\t\t\t\tdata-dim=\"w:1400px;h:800px;\"\n\t\t\t\t\t\t\t\tdata-frame_0=\"tp:600;\"\n\t\t\t\t\t\t\t\tdata-frame_1=\"tp:600;st:6850;sR:6850;\"\n\t\t\t\t\t\t\t\tdata-frame_999=\"o:0;tp:600;st:9000;sR:1850;\"\n\t\t\t\t\t\t\t\tstyle=\"z-index:9;\"\n\t\t\t\t\t\t\t><img loading=\"lazy\" decoding=\"async\" src=\"\/\/domconst.com\/wp-content\/plugins\/revslider\/sr6\/assets\/assets\/dummy.png\" alt=\"\" class=\"tp-rs-img rs-lazyload\" width=\"1920\" height=\"1080\" data-lazyload=\"\/\/domconst.com\/wp-content\/uploads\/2019\/09\/3d.jpg\" data-no-retina> \n\t\t\t\t\t\t\t<\/rs-layer><!--\n\n\t\t\t\t\t\t\t--><rs-layer\n\t\t\t\t\t\t\t\tid=\"slider-19-slide-691-layer-13\" \n\t\t\t\t\t\t\t\tdata-type=\"image\"\n\t\t\t\t\t\t\t\tdata-rsp_ch=\"on\"\n\t\t\t\t\t\t\t\tdata-xy=\"x:c;y:c;\"\n\t\t\t\t\t\t\t\tdata-text=\"l:22;a:inherit;\"\n\t\t\t\t\t\t\t\tdata-dim=\"w:1400px;h:800px;\"\n\t\t\t\t\t\t\t\tdata-frame_0=\"tp:600;\"\n\t\t\t\t\t\t\t\tdata-frame_1=\"tp:600;st:9000;sR:9000;\"\n\t\t\t\t\t\t\t\tdata-frame_999=\"o:0;tp:600;st:10700;sR:1400;\"\n\t\t\t\t\t\t\t\tstyle=\"z-index:10;\"\n\t\t\t\t\t\t\t><img loading=\"lazy\" decoding=\"async\" src=\"\/\/domconst.com\/wp-content\/plugins\/revslider\/sr6\/assets\/assets\/dummy.png\" alt=\"\" class=\"tp-rs-img rs-lazyload\" width=\"1024\" height=\"570\" data-lazyload=\"\/\/domconst.com\/wp-content\/uploads\/2019\/05\/photo_2019-05-26_06-31-02.jpg\" data-no-retina> \n\t\t\t\t\t\t\t<\/rs-layer><!--\n\n\t\t\t\t\t\t\t--><rs-layer\n\t\t\t\t\t\t\t\tid=\"slider-19-slide-691-layer-14\" \n\t\t\t\t\t\t\t\tdata-type=\"image\"\n\t\t\t\t\t\t\t\tdata-rsp_ch=\"on\"\n\t\t\t\t\t\t\t\tdata-xy=\"x:c;y:c;\"\n\t\t\t\t\t\t\t\tdata-text=\"l:22;a:inherit;\"\n\t\t\t\t\t\t\t\tdata-dim=\"w:1400px;h:800px;\"\n\t\t\t\t\t\t\t\tdata-frame_0=\"tp:600;\"\n\t\t\t\t\t\t\t\tdata-frame_1=\"tp:600;st:10680;sR:10680;\"\n\t\t\t\t\t\t\t\tdata-frame_999=\"o:0;tp:600;st:12560;sR:1580;\"\n\t\t\t\t\t\t\t\tstyle=\"z-index:11;\"\n\t\t\t\t\t\t\t><img loading=\"lazy\" decoding=\"async\" src=\"\/\/domconst.com\/wp-content\/plugins\/revslider\/sr6\/assets\/assets\/dummy.png\" alt=\"\" class=\"tp-rs-img rs-lazyload\" width=\"700\" height=\"394\" data-lazyload=\"\/\/domconst.com\/wp-content\/uploads\/2019\/05\/985_exterior2custom.jpg\" data-no-retina> \n\t\t\t\t\t\t\t<\/rs-layer><!--\n\n\t\t\t\t\t\t\t--><rs-layer\n\t\t\t\t\t\t\t\tid=\"slider-19-slide-691-layer-15\" \n\t\t\t\t\t\t\t\tdata-type=\"image\"\n\t\t\t\t\t\t\t\tdata-rsp_ch=\"on\"\n\t\t\t\t\t\t\t\tdata-xy=\"x:c;y:c;\"\n\t\t\t\t\t\t\t\tdata-text=\"l:22;a:inherit;\"\n\t\t\t\t\t\t\t\tdata-dim=\"w:1400px;h:800px;\"\n\t\t\t\t\t\t\t\tdata-frame_0=\"tp:600;\"\n\t\t\t\t\t\t\t\tdata-frame_1=\"tp:600;st:12540;sR:12540;\"\n\t\t\t\t\t\t\t\tdata-frame_999=\"o:0;tp:600;st:14460;sR:1620;\"\n\t\t\t\t\t\t\t\tstyle=\"z-index:12;\"\n\t\t\t\t\t\t\t><img loading=\"lazy\" decoding=\"async\" src=\"\/\/domconst.com\/wp-content\/plugins\/revslider\/sr6\/assets\/assets\/dummy.png\" alt=\"\" class=\"tp-rs-img rs-lazyload\" width=\"500\" height=\"375\" data-lazyload=\"\/\/domconst.com\/wp-content\/uploads\/2019\/05\/\u0412\u0438\u043b\u043b\u0430-\u0441-\u0431\u043e\u043b\u044c\u0448\u0438\u043c-\u0441\u0430\u0434\u043e\u043c0.jpg\" data-no-retina> \n\t\t\t\t\t\t\t<\/rs-layer><!--\n\n\t\t\t\t\t\t\t--><rs-layer\n\t\t\t\t\t\t\t\tid=\"slider-19-slide-691-layer-16\" \n\t\t\t\t\t\t\t\tdata-type=\"image\"\n\t\t\t\t\t\t\t\tdata-rsp_ch=\"on\"\n\t\t\t\t\t\t\t\tdata-xy=\"x:c;y:c;\"\n\t\t\t\t\t\t\t\tdata-text=\"l:22;a:inherit;\"\n\t\t\t\t\t\t\t\tdata-dim=\"w:1400px;h:800px;\"\n\t\t\t\t\t\t\t\tdata-frame_0=\"tp:600;\"\n\t\t\t\t\t\t\t\tdata-frame_1=\"tp:600;st:14440;sR:14440;\"\n\t\t\t\t\t\t\t\tdata-frame_999=\"o:0;tp:600;st:w;sR:1520;\"\n\t\t\t\t\t\t\t\tstyle=\"z-index:13;\"\n\t\t\t\t\t\t\t><img loading=\"lazy\" decoding=\"async\" src=\"\/\/domconst.com\/wp-content\/plugins\/revslider\/sr6\/assets\/assets\/dummy.png\" alt=\"\" class=\"tp-rs-img rs-lazyload\" width=\"666\" height=\"500\" data-lazyload=\"\/\/domconst.com\/wp-content\/uploads\/2019\/05\/photo_2019-05-08_22-53-28.jpg\" data-no-retina> \n\t\t\t\t\t\t\t<\/rs-layer><!--\n-->\t\t\t\t\t<\/rs-slide>\n\t\t\t\t\t<\/rs-slides>\n\t\t\t\t<\/rs-module>\n\t\t\t\t<script>\n\t\t\t\t\tsetREVStartSize({c: 'rev_slider_19_1',rl:[1240,1024,778,480],el:[],gw:[1240],gh:[868],type:'standard',justify:'',layout:'fullwidth',mh:\"0\"});if (window.RS_MODULES!==undefined && window.RS_MODULES.modules!==undefined && window.RS_MODULES.modules[\"revslider191\"]!==undefined) {window.RS_MODULES.modules[\"revslider191\"].once = false;window.revapi19 = undefined;if (window.RS_MODULES.checkMinimal!==undefined) window.RS_MODULES.checkMinimal()}\n\t\t\t\t<\/script>\n\t\t\t<\/rs-module-wrap>\n\t\t\t<!-- END REVOLUTION SLIDER -->\n\n<h2>3D-Modellierung und Visualisierung<\/h2>\n<p>Die Gestaltung moderner Baustellen erfordert den Einsatz moderner Technologien, dank derer Aufgaben schneller erledigt und Kosten gesenkt werden. Aber auch eine detaillierte Zeichnung erlaubt es Ihnen nicht, sich die Konfiguration der zuk\u00fcnftigen Struktur genau vorzustellen, wenn Sie die Informationen vergleichen, die auf dem Bildschirm mit 3D-Grafiken angezeigt werden k\u00f6nnen.<\/p>\n<p>Bestimmen Sie die \u00dcbereinstimmung der Baustelle mit Ihren Erwartungen und Vorlieben, wird seine Studie helfen und das Projekt starten. Dank Computer-3D-Modellierungs- und Visualisierungsprogrammen erh\u00f6ht sich die Genauigkeit und Qualit\u00e4t geplanter Entwicklungsmodelle, sodass Sie das Objekt bewerten und die Aussichten bewerten k\u00f6nnen. Das 3D-Modell kann leicht bearbeitet werden, abh\u00e4ngig von den Vorlieben des Kunden, was viel einfacher ist, als \u00c4nderungen vorzunehmen und Fehler an einem bereits gebauten Geb\u00e4ude zu beheben.<\/p>\n<p>Das Projekt des Hauses wird nur bei der Implementierung eines professionell ausgef\u00fchrten Modells der Struktur so genau wie m\u00f6glich ausgef\u00fchrt. Die Aufgabe der grafischen Werkzeuge und Programme bei der Bildung einer zuk\u00fcnftigen Kopie des Objekts unter Ber\u00fccksichtigung der kleinsten Details, die es erm\u00f6glicht, die einzelnen Merkmale des Projekts zu ber\u00fccksichtigen und die notwendigen Baustoffe zu w\u00e4hlen.<\/p>\n<p>Wenn Sie sich die 3D-Modellierung und Visualisierung zu Hause ansehen<a href=\"https:\/\/domconst.com\/ru\/%d0%b4%d0%be%d0%bc%d0%b8%d0%bd%d0%b8%d0%ba%d0%b0%d0%bd%d1%81%d0%ba%d0%b0%d1%8f-%d1%80%d0%b5%d1%81%d0%bf%d1%83%d0%b1%d0%bb%d0%b8%d0%ba%d0%b0\/\"> in der Dominikanischen Republik<\/a>, hier m\u00fcssen Sie verschiedene Faktoren ber\u00fccksichtigen: die Ausrichtung der Skizzen; Passende Entlastung und topographischer Plan Entwurf hat den Bereich des Gel\u00e4ndes und die Implementierung des vertikalen Layouts eingebunden. Diese Stufe erm\u00f6glicht es Ihnen, das Design des Hauses ohne Einschr\u00e4nkungen zu bewerten, sowie aus jedem Blickwinkel, als Ergebnis, wodurch Sie eine vollst\u00e4ndige Vorstellung von der Architektur bilden.<\/p>\n<p>Die letzte Aufgabe der Visualisierung sind die folgenden Parameter: \u00dcberlagerung der Textur; Bewertung von Lichtobjekten Hinzuf\u00fcgen von \u00e4u\u00dferen Elementen Verkehrstr\u00e4ger und die Zahlen der Menschen. Mit der 3D-Modellierung und Visualisierung k\u00f6nnen Sie jedes Objekt oder Material visualisieren, das in Innen- und Au\u00dfenkompositionen verkauft wird. Sie k\u00f6nnen die Vor- und Nachteile des zuk\u00fcnftigen Baus der Anlage analysieren oder Reparaturarbeiten um Mitternacht.<\/p>\n<p>Als Ergebnis ist die Struktur aus allen Winkeln und Seiten zu untersuchen, und jedes Element kann von jedem Winkel aus untersucht werden, um die Struktur von innen und au\u00dfen zu untersuchen, mit Tag und Nacht Beleuchtungsparameter.<\/p>\n<p>3D-Modellierung und Visualisierung sind nahezu unbegrenzte M\u00f6glichkeiten f\u00fcr Projekte jeglicher Komplexit\u00e4t. Das Projekt Ihres zuk\u00fcnftigen Zuhauses wird in Form von realistischen und detaillierten Bildern pr\u00e4sentiert, sowie mit Hilfe von Klang animierten Videos, die die Wetterbedingungen reproduzieren und eine effektive Qualit\u00e4t der \u00dcbertragung von verschiedenen Parametern bieten.<\/p>\n<p>Der Endpreis der Konstruktion h\u00e4ngt von der Auswahl der verwendeten Materialien, der Gr\u00f6\u00dfe des Designs, der Lage usw. ab. Nichtsdestotrotz garantieren wir, dass wir zum besten Preis mit h\u00f6chster Qualit\u00e4t arbeiten, weil wir in der Lage waren, die \u00dcberwachung des Aufbaus auf europ\u00e4ischer Ebene und die H\u00e4nde der dominikanischen Bauherren in einem starken, starken Managementsystem nach der europ\u00e4ischen Norm zu kombinieren.<\/p>\n<ul>\n<li>1000 $USD pro Quadratmeter Luxusqualit\u00e4t Hausbau einschlie\u00dflich K\u00fcchenm\u00f6bel;<\/li>\n<li>15 $USD pro Quadratmeter, um die Baugeschwindigkeit des Plans bis zur endg\u00fcltigen Vereinbarung mit dem Kunden ab 1 Monat zu entwerfen;<\/li>\n<li>Erlangung einer Baugenehmigung 3 aus den Baukosten (Zahlung an den Staatsfonds);<\/li>\n<li>Weitere Informationen und Informationen erhalten Sie unter<\/li>\n<\/ul>\n<p><a href=\"https:\/\/domconst.com\/ru\/%d0%bf%d1%80%d0%be%d1%86%d0%b5%d0%b4%d1%83%d1%80%d0%b0-%d0%bf%d0%be%d0%ba%d1%83%d0%bf%d0%ba%d0%b8\/%d0%b2%d1%8b%d0%b1%d0%be%d1%80-%d1%83%d1%87%d0%b0%d1%81%d1%82%d0%ba%d0%b0-%d0%b4%d0%bb%d1%8f-%d0%bf%d1%80%d0%be%d0%b5%d0%ba%d1%82%d0%b0\/\">Zur Verf\u00fcgung stehende Grundst\u00fccke f\u00fcr den Bau:<\/a><\/p>\n<ul>\n<li>Kabarettresidenz &#8220;Procab&#8221; (ab 650 Quadratmetern): 50.000 $USd;<\/li>\n<li>Zwischen Sosua und Cabarete befindet sich die Residenz von <a href=\"https:\/\/domconst.com\/ru\/perla-marina\/\">Pearla Marina<\/a> von 632 qm. M: 45.000 USD;<\/li>\n<li><a href=\"https:\/\/domconst.com\/ru\/lomas-mironas\/\">Lomas Mirones<\/a> liegt auf den erh\u00f6hten H\u00fcgeln von El Choco 700 qm. M: 44.000 USD;<\/li>\n<li>Cabarete Green Garden 100 Meter bis zum Ufer von 400 Quadratmetern: Von 50 Tausend. Usd.<\/li>\n<li><a href=\"https:\/\/domconst.com\/ru\/sosua-ocean-village\/\">Sosua Ocean Village<\/a> ab 500 qm Preis ab 50 Tausend usd.<\/li>\n<li>Wenn es W\u00fcnsche gibt, uns zu fragen, k\u00f6nnen wir die besten Grundst\u00fccke f\u00fcr Sie abholen, die im Bau sind, da wir mit f\u00fchrenden Immobilienagenturen zusammenarbeiten, die ihre B\u00fcros an der Bernsteink\u00fcste der Dominikanischen Republik haben. <!--Chat button will appear here-->\n<div id=\"MyLiveChatContainer\"><\/div>\n<p><!--Add the following script at the bottom of the web page (before <\/body><\/html>)--><br \/>\n<script type=\"text\/javascript\">function add_chatbutton(){var hccid=30346873;var nt=document.createElement(\"script\");nt.async=true;nt.src=\"https:\/\/www.mylivechat.com\/chatbutton.aspx?hccid=\"+hccid;var ct=document.getElementsByTagName(\"script\")[0];ct.parentNode.insertBefore(nt,ct);}\nadd_chatbutton();<\/script><\/li>\n<\/ul>\n","protected":false},"excerpt":{"rendered":"<p>3D-Modellierung und Visualisierung Die Gestaltung moderner Baustellen erfordert den Einsatz moderner Technologien, dank derer Aufgaben schneller erledigt und Kosten gesenkt werden. Aber auch eine detaillierte Zeichnung erlaubt es Ihnen nicht, sich die Konfiguration der zuk\u00fcnftigen Struktur genau vorzustellen, wenn Sie die Informationen vergleichen, die auf dem Bildschirm mit 3D-Grafiken angezeigt werden k\u00f6nnen. Bestimmen Sie die [&hellip;]<\/p>\n","protected":false},"author":3,"featured_media":0,"parent":0,"menu_order":0,"comment_status":"closed","ping_status":"closed","template":"","meta":{"footnotes":""},"yst_prominent_words":[],"class_list":["post-13172","page","type-page","status-publish","hentry"],"_links":{"self":[{"href":"https:\/\/domconst.com\/de\/wp-json\/wp\/v2\/pages\/13172","targetHints":{"allow":["GET"]}}],"collection":[{"href":"https:\/\/domconst.com\/de\/wp-json\/wp\/v2\/pages"}],"about":[{"href":"https:\/\/domconst.com\/de\/wp-json\/wp\/v2\/types\/page"}],"author":[{"embeddable":true,"href":"https:\/\/domconst.com\/de\/wp-json\/wp\/v2\/users\/3"}],"replies":[{"embeddable":true,"href":"https:\/\/domconst.com\/de\/wp-json\/wp\/v2\/comments?post=13172"}],"version-history":[{"count":0,"href":"https:\/\/domconst.com\/de\/wp-json\/wp\/v2\/pages\/13172\/revisions"}],"wp:attachment":[{"href":"https:\/\/domconst.com\/de\/wp-json\/wp\/v2\/media?parent=13172"}],"wp:term":[{"taxonomy":"yst_prominent_words","embeddable":true,"href":"https:\/\/domconst.com\/de\/wp-json\/wp\/v2\/yst_prominent_words?post=13172"}],"curies":[{"name":"wp","href":"https:\/\/api.w.org\/{rel}","templated":true}]}}