{"id":13166,"date":"2019-05-19T20:19:50","date_gmt":"2019-05-20T00:19:50","guid":{"rendered":"https:\/\/domconst.com\/bauservice\/"},"modified":"2019-05-19T20:19:50","modified_gmt":"2019-05-20T00:19:50","slug":"bauservice","status":"publish","type":"page","link":"https:\/\/domconst.com\/de\/bauservice\/","title":{"rendered":"Bauservice"},"content":{"rendered":"<h3><strong>REAL ESTATE CONSTRUCTION IN THE DOMINICAN REPUBLIC<\/strong><br \/>\n<strong>Dienstleistungen angeboten:<\/strong><\/h3>\n<ul>\n<li>Unser Unternehmen ist bereit, mit dem Bau von Objekten jeder Komplexit\u00e4t von Grund auf neu zu beginnen: Von der Entwicklung der Projektdokumentation bis zur Inbetriebnahme;<\/li>\n<li>Wir entwickeln die Gestaltung von Immobilien, koordinieren mit dem Kunden alle Details und bieten einen umfassenden Ansatz zur L\u00f6sung der Aufgaben mit dem Einsatz neuer Technologien;<\/li>\n<li>Wir f\u00fchren die Koordination und Entwicklung der Konstruktions-und Kostendokumentation durch;<\/li>\n<li>Wir besch\u00e4ftigen uns mit dem Bau von Objekten, einschlie\u00dflich Garagen, Schwimmbad, Garten, etc.;<\/li>\n<li>Um alle Vorteile des sonnigen Wetters zu erhalten, empfehlen wir Ihnen, den Service der Installation von Solarzellen, die Ihnen Kosten sparen, die mit Strom verbunden sind, zu nutzen.<\/li>\n<\/ul>\n<p>Die Bauzeit f\u00fcr ein einst\u00f6ckiges Geb\u00e4ude betr\u00e4gt 4 Monate.<br \/>\nUnsere Agenten sind bereit, Sie in Ihrer Sprache zu unterst\u00fctzen: Russisch, Spanisch und Englisch.<\/p>\n<p><strong>Unsere Vorteile:<\/strong><\/p>\n<ul>\n<li>Hohe Qualit\u00e4t der Arbeit;<\/li>\n<li>Kompetente Mitarbeiter, spezialisierte Brigaden;<\/li>\n<li><a href=\"https:\/\/domconst.com\/d0bcd0bed0b4d0b5d0bbd0b8-d0b4d0bed0bcd0bed0b2-d0b2-3d\/\">Eigene Projekte<\/a>;<\/li>\n<li>Ratenzahlung, Zahlung auf Kredit;<\/li>\n<li>Individuelle Herangehensweise an jeden Kunden;<\/li>\n<li>Flexible Preispolitik;<\/li>\n<li>Die M\u00f6glichkeit, Empfehlungen zu geben;<\/li>\n<li>Einsatz moderner Technologien;<\/li>\n<li>Suche und Verwendung von <a href=\"https:\/\/domconst.com\/d0b2d18bd0b1d0bed180-d0bcd0b0d182d0b5d180d0b8d0b0d0bbd0bed0b2\/\">hochwertigen Materialien<\/a>;<\/li>\n<li>Sicherheit;<\/li>\n<li>Schl\u00fcsselfertiges Projekt und Bau von Grund auf.<\/li>\n<\/ul>\n<p><strong>Unsere Projekte:<\/strong><\/p>\n<ul>\n<li>Tropical Casa Laguna ist eine Gondel aus 112 Studios und Apartments im Zentrum von Cabarete;<\/li>\n<li>White Colibri ist ein Kondonat befindet sich in der Urbanisation <a href=\"https:\/\/domconst.com\/de\/perla-marina\/\">Perla Marina<\/a><\/li>\n<li>Residence Casa Linda # 845 # 846 # 878 # 904 # 913 # 947 #746<\/li>\n<li><a href=\"https:\/\/domconst.com\/de\/sosua-ocean-village\/\">Sosua Ocean Village<\/a> #22, #65, #62a, #62b.<\/li>\n<li>Kabarett Gr\u00fcngarten<\/li>\n<\/ul>\n<p><img fetchpriority=\"high\" decoding=\"async\" class=\"alignnone size-medium wp-image-10434\" src=\"https:\/\/domconst.com\/wp-content\/uploads\/2018\/12\/IMG-20181101-WA0140-300x169.jpg\" alt=\"\" width=\"300\" height=\"169\" srcset=\"https:\/\/domconst.com\/wp-content\/uploads\/2018\/12\/IMG-20181101-WA0140-300x169.jpg 300w, https:\/\/domconst.com\/wp-content\/uploads\/2018\/12\/IMG-20181101-WA0140-768x432.jpg 768w, https:\/\/domconst.com\/wp-content\/uploads\/2018\/12\/IMG-20181101-WA0140-1024x576.jpg 1024w, https:\/\/domconst.com\/wp-content\/uploads\/2018\/12\/IMG-20181101-WA0140-150x84.jpg 150w, https:\/\/domconst.com\/wp-content\/uploads\/2018\/12\/IMG-20181101-WA0140-350x197.jpg 350w, https:\/\/domconst.com\/wp-content\/uploads\/2018\/12\/IMG-20181101-WA0140-853x480.jpg 853w, https:\/\/domconst.com\/wp-content\/uploads\/2018\/12\/IMG-20181101-WA0140.jpg 1280w\" sizes=\"(max-width: 300px) 100vw, 300px\" \/><\/p>\n<p>F\u00fchrungskr\u00e4fte unseres Unternehmens versuchen immer, sich der neuen Technologien im Bauwesen bewusst zu sein, ihre F\u00e4higkeiten st\u00e4ndig zu verbessern, was es uns erm\u00f6glicht, vollst\u00e4ndige und zuverl\u00e4ssige Informationen \u00fcber Ihr gew\u00e4hltes Projekt zu liefern, und bei der Auswahl Ratschl\u00e4ge zu geben. <a href=\"https:\/\/domconst.com\/d0b2d18bd0b1d0bed180-d0bcd0b0d182d0b5d180d0b8d0b0d0bbd0bed0b2\/\"> Materialien.<\/a><\/p>\n<p><strong>Wir bauen f\u00fcr Sie das Haus Ihrer Tr\u00e4ume zu Ihren Konditionen und zum besten Preis f\u00fcr Sie!<\/strong><\/p>\n","protected":false},"excerpt":{"rendered":"<p>REAL ESTATE CONSTRUCTION IN THE DOMINICAN REPUBLIC Dienstleistungen angeboten: Unser Unternehmen ist bereit, mit dem Bau von Objekten jeder Komplexit\u00e4t von Grund auf neu zu beginnen: Von der Entwicklung der Projektdokumentation bis zur Inbetriebnahme; Wir entwickeln die Gestaltung von Immobilien, koordinieren mit dem Kunden alle Details und bieten einen umfassenden Ansatz zur L\u00f6sung der Aufgaben [&hellip;]<\/p>\n","protected":false},"author":3,"featured_media":0,"parent":0,"menu_order":0,"comment_status":"closed","ping_status":"closed","template":"","meta":{"footnotes":""},"yst_prominent_words":[],"class_list":["post-13166","page","type-page","status-publish","hentry"],"_links":{"self":[{"href":"https:\/\/domconst.com\/de\/wp-json\/wp\/v2\/pages\/13166","targetHints":{"allow":["GET"]}}],"collection":[{"href":"https:\/\/domconst.com\/de\/wp-json\/wp\/v2\/pages"}],"about":[{"href":"https:\/\/domconst.com\/de\/wp-json\/wp\/v2\/types\/page"}],"author":[{"embeddable":true,"href":"https:\/\/domconst.com\/de\/wp-json\/wp\/v2\/users\/3"}],"replies":[{"embeddable":true,"href":"https:\/\/domconst.com\/de\/wp-json\/wp\/v2\/comments?post=13166"}],"version-history":[{"count":0,"href":"https:\/\/domconst.com\/de\/wp-json\/wp\/v2\/pages\/13166\/revisions"}],"wp:attachment":[{"href":"https:\/\/domconst.com\/de\/wp-json\/wp\/v2\/media?parent=13166"}],"wp:term":[{"taxonomy":"yst_prominent_words","embeddable":true,"href":"https:\/\/domconst.com\/de\/wp-json\/wp\/v2\/yst_prominent_words?post=13166"}],"curies":[{"name":"wp","href":"https:\/\/api.w.org\/{rel}","templated":true}]}}